{"id":17633,"date":"2020-05-05T16:24:25","date_gmt":"2020-05-05T14:24:25","guid":{"rendered":"https:\/\/www.sharespine.com\/staging\/?page_id=17633"},"modified":"2024-08-29T15:42:09","modified_gmt":"2024-08-29T13:42:09","slug":"logistiksystem","status":"publish","type":"page","link":"https:\/\/www.sharespine.com\/sv\/anslutna-system\/logistiksystem\/","title":{"rendered":"Anslutna logistik- &#038; TA-system"},"content":{"rendered":"<p>[et_pb_section fb_built=&#8221;1&#8243; module_class=&#8221;page-top-wrapper&#8221; _builder_version=&#8221;4.24.0&#8243; custom_padding=&#8221;1%||1%||false|false&#8221; custom_css_main_element=&#8221;padding: 2% 0 !important;&#8221; da_disable_devices=&#8221;off|off|off&#8221; global_colors_info=&#8221;{}&#8221; da_is_popup=&#8221;off&#8221; da_exit_intent=&#8221;off&#8221; da_has_close=&#8221;on&#8221; da_alt_close=&#8221;off&#8221; da_dark_close=&#8221;off&#8221; da_not_modal=&#8221;on&#8221; da_is_singular=&#8221;off&#8221; da_with_loader=&#8221;off&#8221; da_has_shadow=&#8221;on&#8221;][et_pb_row _builder_version=&#8221;4.25.1&#8243; width=&#8221;90%&#8221; module_alignment=&#8221;center&#8221; hover_enabled=&#8221;0&#8243; custom_css_main_element=&#8221;text-align: center;&#8221; global_colors_info=&#8221;{}&#8221; sticky_enabled=&#8221;0&#8243;][et_pb_column type=&#8221;4_4&#8243; _builder_version=&#8221;4.16&#8243; global_colors_info=&#8221;{}&#8221;][et_pb_code _builder_version=&#8221;4.24.0&#8243; _module_preset=&#8221;default&#8221; text_orientation=&#8221;left&#8221; global_colors_info=&#8221;{}&#8221;]<\/p>\n<h1>Logistik &#038; TA<\/h1>\n<p><!-- [et_pb_line_break_holder] --><pee><!-- [et_pb_line_break_holder] -->  Automatisera dina fl\u00f6den inom WMS, fraktbokning och TA-system &#8211; oavsett f\u00f6rs\u00e4ljningskanal. Du kan v\u00e4lja p\u00e5 flera integrationer  som effektiviserar din logistik och ger b\u00e4ttre \u00f6verblick p\u00e5 leveranser.<!-- [et_pb_line_break_holder] --><\/pee>[\/et_pb_code][\/et_pb_column][\/et_pb_row][\/et_pb_section][et_pb_section fb_built=&#8221;1&#8243; _builder_version=&#8221;4.24.0&#8243; custom_margin=&#8221;0px||||false|false&#8221; custom_padding=&#8221;0px||||false|false&#8221; da_disable_devices=&#8221;off|off|off&#8221; global_colors_info=&#8221;{}&#8221; da_is_popup=&#8221;off&#8221; da_exit_intent=&#8221;off&#8221; da_has_close=&#8221;on&#8221; da_alt_close=&#8221;off&#8221; da_dark_close=&#8221;off&#8221; da_not_modal=&#8221;on&#8221; da_is_singular=&#8221;off&#8221; da_with_loader=&#8221;off&#8221; da_has_shadow=&#8221;on&#8221;][et_pb_row _builder_version=&#8221;4.24.0&#8243; custom_margin=&#8221;0px||||false|false&#8221; custom_padding=&#8221;0px||||false|false&#8221; global_colors_info=&#8221;{}&#8221;][et_pb_column type=&#8221;4_4&#8243; _builder_version=&#8221;4.16&#8243; global_colors_info=&#8221;{}&#8221;][et_pb_code _builder_version=&#8221;4.16&#8243; global_colors_info=&#8221;{}&#8221;]<!-- The Grid Plugin Version 2.8.1 --><!-- The Grid Wrapper Start --><div class=\"tg-grid-wrapper tg-txt\" id=\"grid-18390\" data-version=\"2.8.1\"><!-- The Grid Styles --><style class=\"tg-grid-styles\" type=\"text\/css\">#grid-18390 .tg-nav-color:not(.dots):not(.tg-dropdown-value):not(.tg-dropdown-title):hover,#grid-18390 .tg-nav-color:hover .tg-nav-color,#grid-18390 .tg-page-number.tg-page-current,#grid-18390 .tg-filter.tg-filter-active span{color:#ff6863}#grid-18390 .tg-filter:before,#grid-18390 .tg-filter.tg-filter-active:before{color:#999999}#grid-18390 .tg-dropdown-holder,#grid-18390 .tg-search-inner,#grid-18390 .tg-sorter-order{border:1px solid #DDDDDD}#grid-18390 .tg-search-clear,#grid-18390 .tg-search-clear:hover{border:none;border-left:1px solid #DDDDDD}.tg-txt .tg-nav-font,.tg-txt input[type=text].tg-search{font-size:14px;font-weight:600}.tg-txt .tg-search::-webkit-input-placeholder{font-size:14px}.tg-txt .tg-search::-moz-placeholder{font-size:14px}.tg-txt .tg-search:-ms-input-placeholder{font-size:14px}.tg-txt .tg-icon-left-arrow:before{content:\"\\e604\";font-size:32px;font-weight:100}.tg-txt .tg-icon-right-arrow:before{content:\"\\e602\";font-size:32px;font-weight:100}.tg-txt .tg-icon-dropdown-open:before,.tg-txt .tg-icon-sorter-down:before{content:\"\\e60a\"}.tg-txt .tg-icon-sorter-up:before{content:\"\\e609\"}.tg-txt .tg-search-clear:before{content:\"\\e611\";font-weight:300}.tg-txt .tg-search-icon:before{content:\"\\e62e\";font-size:16px;font-weight:600}#grid-18390 .tg-nav-color,#grid-18390 .tg-search-icon:hover:before,#grid-18390 .tg-search-icon:hover input,#grid-18390 .tg-disabled:hover .tg-icon-left-arrow,#grid-18390 .tg-disabled:hover .tg-icon-right-arrow,#grid-18390 .tg-dropdown-title.tg-nav-color:hover{color:#999999}#grid-18390 input.tg-search:hover{color:#999999 !important}#grid-18390 input.tg-search::-webkit-input-placeholder{color:#999999}#grid-18390 input.tg-search::-moz-placeholder{color:#999999;opacity:1}#grid-18390 input.tg-search:-ms-input-placeholder{color:#999999}.grid-18390 .tg-dropdown-item{color:#777777;background:#ffffff}.grid-18390 .tg-filter-active,.grid-18390 .tg-dropdown-item:hover{color:#444444;background:#f5f6fa}#grid-18390 .tg-slider-bullets li.tg-active-item span{background:#59585b}#grid-18390 .tg-slider-bullets li span{background:#DDDDDD}.tg-connectors a:not([class*=\"tg-element-\"]),.tg-connectors a:not([class*=\"tg-element-\"]):active,.tg-connectors a:not([class*=\"tg-element-\"]):focus,.tg-connectors [class*=\"tg-element-\"] *:not(del){margin:0;padding:0;color:inherit !important;text-align:inherit;font-size:inherit;font-style:inherit;line-height:inherit;font-weight:inherit;text-transform:inherit;text-decoration:inherit;-webkit-box-shadow:none;box-shadow:none;border:none}.tg-connectors [class*=\"tg-element-\"],.tg-connectors .tg-item-overlay,.tg-connectors .tg-center-holder,.tg-connectors .tg-center-inner > *{vertical-align:middle}.tg-connectors .tg-item-inner{border-color:#ecf0f6 !important;border-width:1px !important;border-style:solid !important;border-radius:10px !important;-webkit-box-shadow:0 0 0 0 #ffffff !important;-moz-box-shadow:0 0 0 0 #ffffff !important;box-shadow:0 0 0 0 #ffffff !important;overflow:hidden}.tg-connectors .tg-item-media-holder{z-index:1}.tg-connectors .tg-item-overlay{background-color:#ffffff;position:absolute;display:block;top:0;left:0;bottom:0;right:0}.tg-connectors .tg-element-1{position:relative;font-size:12px;line-height:19px;font-weight:600;text-transform:uppercase;text-align:center;background-color:#0f102e;display:inline-block;height:37px;min-height:37px;margin:22px 0 0;padding:8px 20px;border-width:2px;border-style:solid;-webkit-transition:all 340ms ease;-moz-transition:all 340ms ease;-ms-transition:all 340ms ease;transition:all 340ms ease}.tg-connectors .tg-element-1:hover{opacity:0.8 !important}.tg-item .tg-dark div,.tg-item .tg-dark h1,.tg-item .tg-dark h1 a,.tg-item .tg-dark h2,.tg-item .tg-dark h2 a,.tg-item .tg-dark h3,.tg-item .tg-dark h3 a,.tg-item .tg-dark h4,.tg-item .tg-dark h4 a,.tg-item .tg-dark h5,.tg-item .tg-dark h5 a,.tg-item .tg-dark h6,.tg-item .tg-dark h6 a,.tg-item .tg-dark a,.tg-item .tg-dark a.tg-link-url,.tg-item .tg-dark i,.tg-item .tg-dark .tg-media-button,.tg-item .tg-dark .tg-item-price span{color:#444444;fill:#444444;stroke:#444444;border-color:#444444}.tg-item .tg-dark p,.tg-item .tg-dark ol,.tg-item .tg-dark ul,.tg-item .tg-dark li{color:#777777;fill:#777777;stroke:#777777;border-color:#777777}.tg-item .tg-dark span,.tg-item .tg-dark .no-liked .to-heart-icon path,.tg-item .tg-dark .empty-heart .to-heart-icon path,.tg-item .tg-dark .tg-item-comment i,.tg-item .tg-dark .tg-item-price del span{color:#999999;fill:#999999;stroke:#999999;border-color:#999999}.tg-item .tg-light div,.tg-item .tg-light h1,.tg-item .tg-light h1 a,.tg-item .tg-light h2,.tg-item .tg-light h2 a,.tg-item .tg-light h3,.tg-item .tg-light h3 a,.tg-item .tg-light h4,.tg-item .tg-light h4 a,.tg-item .tg-light h5,.tg-item .tg-light h5 a,.tg-item .tg-light h6,.tg-item .tg-light h6 a,.tg-item .tg-light a,.tg-item .tg-light a.tg-link-url,.tg-item .tg-light i,.tg-item .tg-light .tg-media-button,.tg-item .tg-light .tg-item-price span{color:#ffffff;fill:#ffffff;stroke:#ffffff;border-color:#ffffff}.tg-item .tg-light p,.tg-item .tg-light ol,.tg-item .tg-light ul,.tg-item .tg-light li{color:#f6f6f6;fill:#f6f6f6;stroke:#f6f6f6;border-color:#f6f6f6}.tg-item .tg-light span,.tg-item .tg-light .no-liked .to-heart-icon path,.tg-item .tg-light .empty-heart .to-heart-icon path,.tg-item .tg-light .tg-item-comment i,.tg-item .tg-light .tg-item-price del span{color:#f5f5f5;fill:#f5f5f5;stroke:#f5f5f5;border-color:#f5f5f5}#grid-18390 .tg-item-content-holder{background-color:#ffffff}#grid-18390 .tg-item-overlay{background-color:rgba(22,22,22,0.65)}.tg-grid-area-top2{margin-bottom:30px}.tg-filter .tg-nav-font:hover{color:#8862df!important}.tg-nav-font{font-size:16px !important}.tg-filter-active .tg-nav-font:hover{color:#ffffff !important}<\/style><!-- The Grid Item Sizer --><div class=\"tg-grid-sizer\"><\/div><!-- The Grid Gutter Sizer --><div class=\"tg-gutter-sizer\"><\/div><!-- The Grid Items Holder --><div class=\"tg-grid-holder tg-layout-masonry\"  data-name=\"Connectors-Logistics\"  data-style=\"masonry\" data-row=\"1\" data-layout=\"vertical\" data-rtl=\"\" data-fitrows=\"\" data-filtercomb=\"\" data-filterlogic=\"AND\" data-filterload =\"\" data-sortbyload =\"title\" data-orderload =\"true\" data-fullwidth=\"\" data-fullheight=\"null\" data-gutters=\"[[320,20],[480,20],[768,20],[980,20],[1200,20],[9999,20]]\" data-slider='{\"itemNav\":\"null\",\"swingSpeed\":0.1,\"cycleBy\":\"null\",\"cycle\":5000,\"startAt\":1}' data-ratio=\"1.00\" data-cols=\"[[320,1],[480,2],[768,3],[980,4],[1200,5],[9999,5]]\" data-rows=\"[[320,200],[480,200],[768,220],[980,220],[1200,240],[9999,240]]\" data-animation='{&quot;name&quot;:&quot;Fade in&quot;,&quot;visible&quot;:&quot;&quot;,&quot;hidden&quot;:&quot;&quot;}' data-transition=\"700ms\" data-ajaxmethod=\"\" data-ajaxdelay=\"100\" data-preloader=\"\" data-itemdelay=\"100\" data-gallery=\"\" data-ajax=\"\"><!-- The Grid item #1 --><article class=\"tg-item tg-post-57298 tg-connectors f155 f343 f175 f197\" data-title=\"Sendify\" data-row=\"1\" data-col=\"1\"><div class=\"tg-item-inner\"><div class=\"tg-item-media-holder tg-light\"><div class=\"tg-item-media-inner\"><img decoding=\"async\" class=\"tg-item-image lazyload\" alt=\"Logo Sendify\" width=\"300\" height=\"200\" data-src=\"https:\/\/www.sharespine.com\/wp-content\/uploads\/2025\/06\/logo-sendify.png\" src=\"data:image\/svg+xml;base64,PHN2ZyB3aWR0aD0iMSIgaGVpZ2h0PSIxIiB4bWxucz0iaHR0cDovL3d3dy53My5vcmcvMjAwMC9zdmciPjwvc3ZnPg==\" style=\"--smush-placeholder-width: 300px; --smush-placeholder-aspect-ratio: 300\/200;\"><\/div><div class=\"tg-item-media-content \"><div class=\"tg-top-holder\"><div class=\"tg-item-overlay\" data-position=\"top\"><\/div><\/div><a class=\"tg-element-absolute tg-element-above\" target=\"_self\" href=\"https:\/\/www.sharespine.com\/sv\/anslutna-system\/logistiksystem\/sendify\/\"><\/a><\/div><\/div><\/div><\/article><!-- The Grid item #2 --><article class=\"tg-item tg-post-35007 tg-connectors f356 f256 f255 f265 f262 f197\" data-title=\"Integrera nS\" data-row=\"1\" data-col=\"1\"><div class=\"tg-item-inner\"><div class=\"tg-item-media-holder tg-light\"><div class=\"tg-item-media-inner\"><img decoding=\"async\" class=\"tg-item-image lazyload\" alt=\"nShift Visma\" width=\"600\" height=\"274\" data-src=\"https:\/\/www.sharespine.com\/wp-content\/uploads\/2023\/03\/nshiftvisma.png\" src=\"data:image\/svg+xml;base64,PHN2ZyB3aWR0aD0iMSIgaGVpZ2h0PSIxIiB4bWxucz0iaHR0cDovL3d3dy53My5vcmcvMjAwMC9zdmciPjwvc3ZnPg==\" style=\"--smush-placeholder-width: 600px; --smush-placeholder-aspect-ratio: 600\/274;\"><\/div><div class=\"tg-item-media-content \"><div class=\"tg-top-holder\"><div class=\"tg-item-overlay\" data-position=\"top\"><\/div><\/div><a class=\"tg-element-absolute tg-element-above\" target=\"_self\" href=\"https:\/\/www.sharespine.com\/sv\/nshift-delivery-visma-administration\/\"><\/a><\/div><\/div><\/div><\/article><!-- The Grid item #3 --><article class=\"tg-item tg-post-19122 tg-connectors f155 f343 f175 f197\" data-title=\"Ongoing WMS \" data-row=\"1\" data-col=\"1\"><div class=\"tg-item-inner\"><div class=\"tg-item-media-holder tg-light\"><div class=\"tg-item-media-inner\"><img decoding=\"async\" class=\"tg-item-image lazyload\" alt=\"Ongoing WMS integrationer f\u00f6r e-handel &amp; bokf\u00f6ring\" width=\"474\" height=\"106\" data-src=\"https:\/\/www.sharespine.com\/wp-content\/uploads\/2022\/11\/images.png\" src=\"data:image\/svg+xml;base64,PHN2ZyB3aWR0aD0iMSIgaGVpZ2h0PSIxIiB4bWxucz0iaHR0cDovL3d3dy53My5vcmcvMjAwMC9zdmciPjwvc3ZnPg==\" style=\"--smush-placeholder-width: 474px; --smush-placeholder-aspect-ratio: 474\/106;\"><\/div><div class=\"tg-item-media-content \"><div class=\"tg-top-holder\"><div class=\"tg-item-overlay\" data-position=\"top\"><\/div><\/div><a class=\"tg-element-absolute tg-element-above\" target=\"_self\" href=\"https:\/\/www.sharespine.com\/sv\/anslutna-system\/logistiksystem\/ongoing-wms\/\"><\/a><\/div><\/div><\/div><\/article><!-- The Grid item #4 --><article class=\"tg-item tg-post-17530 tg-connectors f155 f343 f175 f197\" data-title=\"nShift Deliv\" data-row=\"1\" data-col=\"1\"><div class=\"tg-item-inner\"><div class=\"tg-item-media-holder tg-light\"><div class=\"tg-item-media-inner\"><img decoding=\"async\" class=\"tg-item-image lazyload\" alt=\"nShift Delivery ordersynk f\u00f6r e-handel &amp; bokf\u00f6ring\" width=\"400\" height=\"267\" data-src=\"https:\/\/www.sharespine.com\/wp-content\/uploads\/2021\/09\/shift.png\" src=\"data:image\/svg+xml;base64,PHN2ZyB3aWR0aD0iMSIgaGVpZ2h0PSIxIiB4bWxucz0iaHR0cDovL3d3dy53My5vcmcvMjAwMC9zdmciPjwvc3ZnPg==\" style=\"--smush-placeholder-width: 400px; --smush-placeholder-aspect-ratio: 400\/267;\"><\/div><div class=\"tg-item-media-content \"><div class=\"tg-top-holder\"><div class=\"tg-item-overlay\" data-position=\"top\"><\/div><\/div><a class=\"tg-element-absolute tg-element-above\" target=\"_self\" href=\"https:\/\/www.sharespine.com\/sv\/anslutna-system\/logistiksystem\/nshift\/\"><\/a><\/div><\/div><\/div><\/article><!-- The Grid item #5 --><article class=\"tg-item tg-post-11474 tg-connectors f155 f343 f175 f197\" data-title=\"Shiplink ord\" data-row=\"1\" data-col=\"1\"><div class=\"tg-item-inner\"><div class=\"tg-item-media-holder tg-light\"><div class=\"tg-item-media-inner\"><img decoding=\"async\" class=\"tg-item-image lazyload\" alt=\"Shiplink ordersynk f\u00f6r e-handel &amp; logistik\" width=\"300\" height=\"116\" data-src=\"https:\/\/www.sharespine.com\/wp-content\/uploads\/2023\/07\/Shiplink-logo-300-100.png\" src=\"data:image\/svg+xml;base64,PHN2ZyB3aWR0aD0iMSIgaGVpZ2h0PSIxIiB4bWxucz0iaHR0cDovL3d3dy53My5vcmcvMjAwMC9zdmciPjwvc3ZnPg==\" style=\"--smush-placeholder-width: 300px; --smush-placeholder-aspect-ratio: 300\/116;\"><\/div><div class=\"tg-item-media-content \"><div class=\"tg-top-holder\"><div class=\"tg-item-overlay\" data-position=\"top\"><\/div><\/div><a class=\"tg-element-absolute tg-element-above\" target=\"_self\" href=\"https:\/\/www.sharespine.com\/sv\/anslutna-system\/logistiksystem\/shiplink\/\"><\/a><\/div><\/div><\/div><\/article><\/div><\/div><!-- The Grid Wrapper End -->[\/et_pb_code][\/et_pb_column][\/et_pb_row][\/et_pb_section]<\/p>\n","protected":false},"excerpt":{"rendered":"<p><div id=\"mount\"><\/div><div id=\"mountlocation\" style=\"display:none;\">#mount<\/div><div id=\"connectortype\" style=\"display:none;\">shipping-shiplink<\/div><div id=\"language\" style=\"display:none;\">sv<\/div><div id=\"locked_ecom\" style=\"display:none;\"><\/div><div id=\"locked_pos\" style=\"display:none;\"><\/div><div id=\"locked_erp\" style=\"display:none;\"><\/div><div id=\"locked_payment\" style=\"display:none;\"><\/div><div id=\"locked_logistic\" style=\"display:none;\"><\/div><div id=\"locked_marketplace\" style=\"display:none;\"><\/div><div id=\"locked_source\" style=\"display:none;\"><\/div><div id=\"locked_currency\" style=\"display:none;\"><\/div><div id=\"connConfig\" style=\"display:none;\"><\/div>Koppla ihop Shiplink\u00a0med\u00a0ditt e-handelssystem, ekonomisystem\u00a0eller din marknadsplats\u00a0f\u00f6r smidigare bokningar av dina transporter Information om Shiplink &nbsp; Shiplink \u00e4r l\u00e4nken mellan dig och de stora transportf\u00f6retagen. Shiplinks id\u00e9 \u00e4r att erbjuda s\u00e5 kvalitativa och prisv\u00e4rda frakter som m\u00f6jligt. De ger dig b\u00e5de fraktavtal och bokningssystem (\u00e4ven kallat TA). Med Shiplink kan du enkelt och [&hellip;]<\/p>\n","protected":false},"author":11,"featured_media":0,"parent":3870,"menu_order":0,"comment_status":"closed","ping_status":"closed","template":"","meta":{"_acf_changed":false,"_et_pb_use_builder":"on","_et_pb_old_content":"","_et_gb_content_width":"","content-type":"","footnotes":""},"categories":[],"tags":[],"class_list":["post-17633","page","type-page","status-publish","hentry"],"acf":[],"yoast_head":"<!-- This site is optimized with the Yoast SEO Premium plugin v26.2 (Yoast SEO v27.4) - https:\/\/yoast.com\/product\/yoast-seo-premium-wordpress\/ -->\n<title>Anslutna logistik- &amp; TA-system - Sharespine<\/title>\n<meta name=\"description\" content=\"Integrera ditt logistik genom Sharespines integrationsplattform. Uppt\u00e4ck vilka system vi har anslutna!\" \/>\n<meta name=\"robots\" content=\"index, follow, max-snippet:-1, max-image-preview:large, max-video-preview:-1\" \/>\n<link rel=\"canonical\" href=\"https:\/\/www.sharespine.com\/sv\/anslutna-system\/logistiksystem\/\" \/>\n<meta property=\"og:locale\" content=\"sv_SE\" \/>\n<meta property=\"og:type\" content=\"article\" \/>\n<meta property=\"og:title\" content=\"Anslutna logistik- &amp; TA-system\" \/>\n<meta property=\"og:description\" content=\"Integrera ditt logistik genom Sharespines integrationsplattform. Uppt\u00e4ck vilka system vi har anslutna!\" \/>\n<meta property=\"og:url\" content=\"https:\/\/www.sharespine.com\/sv\/anslutna-system\/logistiksystem\/\" \/>\n<meta property=\"og:site_name\" content=\"Sharespine\" \/>\n<meta property=\"article:publisher\" content=\"https:\/\/www.facebook.com\/sharespine\" \/>\n<meta property=\"article:modified_time\" content=\"2024-08-29T13:42:09+00:00\" \/>\n<meta name=\"twitter:card\" content=\"summary_large_image\" \/>\n<meta name=\"twitter:label1\" content=\"Ber\u00e4knad l\u00e4stid\" \/>\n\t<meta name=\"twitter:data1\" content=\"1 minut\" \/>\n<script type=\"application\/ld+json\" class=\"yoast-schema-graph\">{\"@context\":\"https:\\\/\\\/schema.org\",\"@graph\":[{\"@type\":\"WebPage\",\"@id\":\"https:\\\/\\\/www.sharespine.com\\\/sv\\\/anslutna-system\\\/logistiksystem\\\/\",\"url\":\"https:\\\/\\\/www.sharespine.com\\\/sv\\\/anslutna-system\\\/logistiksystem\\\/\",\"name\":\"Anslutna logistik- & TA-system - Sharespine\",\"isPartOf\":{\"@id\":\"https:\\\/\\\/www.sharespine.com\\\/sv\\\/#website\"},\"datePublished\":\"2020-05-05T14:24:25+00:00\",\"dateModified\":\"2024-08-29T13:42:09+00:00\",\"description\":\"Integrera ditt logistik genom Sharespines integrationsplattform. Uppt\u00e4ck vilka system vi har anslutna!\",\"breadcrumb\":{\"@id\":\"https:\\\/\\\/www.sharespine.com\\\/sv\\\/anslutna-system\\\/logistiksystem\\\/#breadcrumb\"},\"inLanguage\":\"sv-SE\",\"potentialAction\":[{\"@type\":\"ReadAction\",\"target\":[\"https:\\\/\\\/www.sharespine.com\\\/sv\\\/anslutna-system\\\/logistiksystem\\\/\"]}]},{\"@type\":\"BreadcrumbList\",\"@id\":\"https:\\\/\\\/www.sharespine.com\\\/sv\\\/anslutna-system\\\/logistiksystem\\\/#breadcrumb\",\"itemListElement\":[{\"@type\":\"ListItem\",\"position\":1,\"name\":\"Hem\",\"item\":\"https:\\\/\\\/www.sharespine.com\\\/sv\\\/\"},{\"@type\":\"ListItem\",\"position\":2,\"name\":\"Anslutna system\",\"item\":\"https:\\\/\\\/www.sharespine.com\\\/sv\\\/anslutna-system\\\/\"},{\"@type\":\"ListItem\",\"position\":3,\"name\":\"Anslutna logistik- &#038; TA-system\"}]},{\"@type\":\"WebSite\",\"@id\":\"https:\\\/\\\/www.sharespine.com\\\/sv\\\/#website\",\"url\":\"https:\\\/\\\/www.sharespine.com\\\/sv\\\/\",\"name\":\"Sharespine\",\"description\":\"Integrationsplattform f\u00f6r e-handel &amp; bokf\u00f6ring\",\"publisher\":{\"@id\":\"https:\\\/\\\/www.sharespine.com\\\/sv\\\/#organization\"},\"potentialAction\":[{\"@type\":\"SearchAction\",\"target\":{\"@type\":\"EntryPoint\",\"urlTemplate\":\"https:\\\/\\\/www.sharespine.com\\\/sv\\\/?s={search_term_string}\"},\"query-input\":{\"@type\":\"PropertyValueSpecification\",\"valueRequired\":true,\"valueName\":\"search_term_string\"}}],\"inLanguage\":\"sv-SE\"},{\"@type\":\"Organization\",\"@id\":\"https:\\\/\\\/www.sharespine.com\\\/sv\\\/#organization\",\"name\":\"Sharespine AB\",\"url\":\"https:\\\/\\\/www.sharespine.com\\\/sv\\\/\",\"logo\":{\"@type\":\"ImageObject\",\"inLanguage\":\"sv-SE\",\"@id\":\"https:\\\/\\\/www.sharespine.com\\\/sv\\\/#\\\/schema\\\/logo\\\/image\\\/\",\"url\":\"https:\\\/\\\/www.sharespine.com\\\/wp-content\\\/uploads\\\/2022\\\/11\\\/logo-default.png\",\"contentUrl\":\"https:\\\/\\\/www.sharespine.com\\\/wp-content\\\/uploads\\\/2022\\\/11\\\/logo-default.png\",\"width\":700,\"height\":153,\"caption\":\"Sharespine AB\"},\"image\":{\"@id\":\"https:\\\/\\\/www.sharespine.com\\\/sv\\\/#\\\/schema\\\/logo\\\/image\\\/\"},\"sameAs\":[\"https:\\\/\\\/www.facebook.com\\\/sharespine\",\"https:\\\/\\\/www.linkedin.com\\\/company\\\/sharespine\\\/\",\"https:\\\/\\\/www.instagram.com\\\/sharespine\\\/\"]}]}<\/script>\n<!-- \/ Yoast SEO Premium plugin. -->","yoast_head_json":{"title":"Anslutna logistik- & TA-system - Sharespine","description":"Integrera ditt logistik genom Sharespines integrationsplattform. Uppt\u00e4ck vilka system vi har anslutna!","robots":{"index":"index","follow":"follow","max-snippet":"max-snippet:-1","max-image-preview":"max-image-preview:large","max-video-preview":"max-video-preview:-1"},"canonical":"https:\/\/www.sharespine.com\/sv\/anslutna-system\/logistiksystem\/","og_locale":"sv_SE","og_type":"article","og_title":"Anslutna logistik- & TA-system","og_description":"Integrera ditt logistik genom Sharespines integrationsplattform. Uppt\u00e4ck vilka system vi har anslutna!","og_url":"https:\/\/www.sharespine.com\/sv\/anslutna-system\/logistiksystem\/","og_site_name":"Sharespine","article_publisher":"https:\/\/www.facebook.com\/sharespine","article_modified_time":"2024-08-29T13:42:09+00:00","twitter_card":"summary_large_image","twitter_misc":{"Ber\u00e4knad l\u00e4stid":"1 minut"},"schema":{"@context":"https:\/\/schema.org","@graph":[{"@type":"WebPage","@id":"https:\/\/www.sharespine.com\/sv\/anslutna-system\/logistiksystem\/","url":"https:\/\/www.sharespine.com\/sv\/anslutna-system\/logistiksystem\/","name":"Anslutna logistik- & TA-system - Sharespine","isPartOf":{"@id":"https:\/\/www.sharespine.com\/sv\/#website"},"datePublished":"2020-05-05T14:24:25+00:00","dateModified":"2024-08-29T13:42:09+00:00","description":"Integrera ditt logistik genom Sharespines integrationsplattform. Uppt\u00e4ck vilka system vi har anslutna!","breadcrumb":{"@id":"https:\/\/www.sharespine.com\/sv\/anslutna-system\/logistiksystem\/#breadcrumb"},"inLanguage":"sv-SE","potentialAction":[{"@type":"ReadAction","target":["https:\/\/www.sharespine.com\/sv\/anslutna-system\/logistiksystem\/"]}]},{"@type":"BreadcrumbList","@id":"https:\/\/www.sharespine.com\/sv\/anslutna-system\/logistiksystem\/#breadcrumb","itemListElement":[{"@type":"ListItem","position":1,"name":"Hem","item":"https:\/\/www.sharespine.com\/sv\/"},{"@type":"ListItem","position":2,"name":"Anslutna system","item":"https:\/\/www.sharespine.com\/sv\/anslutna-system\/"},{"@type":"ListItem","position":3,"name":"Anslutna logistik- &#038; TA-system"}]},{"@type":"WebSite","@id":"https:\/\/www.sharespine.com\/sv\/#website","url":"https:\/\/www.sharespine.com\/sv\/","name":"Sharespine","description":"Integrationsplattform f\u00f6r e-handel &amp; bokf\u00f6ring","publisher":{"@id":"https:\/\/www.sharespine.com\/sv\/#organization"},"potentialAction":[{"@type":"SearchAction","target":{"@type":"EntryPoint","urlTemplate":"https:\/\/www.sharespine.com\/sv\/?s={search_term_string}"},"query-input":{"@type":"PropertyValueSpecification","valueRequired":true,"valueName":"search_term_string"}}],"inLanguage":"sv-SE"},{"@type":"Organization","@id":"https:\/\/www.sharespine.com\/sv\/#organization","name":"Sharespine AB","url":"https:\/\/www.sharespine.com\/sv\/","logo":{"@type":"ImageObject","inLanguage":"sv-SE","@id":"https:\/\/www.sharespine.com\/sv\/#\/schema\/logo\/image\/","url":"https:\/\/www.sharespine.com\/wp-content\/uploads\/2022\/11\/logo-default.png","contentUrl":"https:\/\/www.sharespine.com\/wp-content\/uploads\/2022\/11\/logo-default.png","width":700,"height":153,"caption":"Sharespine AB"},"image":{"@id":"https:\/\/www.sharespine.com\/sv\/#\/schema\/logo\/image\/"},"sameAs":["https:\/\/www.facebook.com\/sharespine","https:\/\/www.linkedin.com\/company\/sharespine\/","https:\/\/www.instagram.com\/sharespine\/"]}]}},"_links":{"self":[{"href":"https:\/\/www.sharespine.com\/sv\/wp-json\/wp\/v2\/pages\/17633","targetHints":{"allow":["GET"]}}],"collection":[{"href":"https:\/\/www.sharespine.com\/sv\/wp-json\/wp\/v2\/pages"}],"about":[{"href":"https:\/\/www.sharespine.com\/sv\/wp-json\/wp\/v2\/types\/page"}],"author":[{"embeddable":true,"href":"https:\/\/www.sharespine.com\/sv\/wp-json\/wp\/v2\/users\/11"}],"replies":[{"embeddable":true,"href":"https:\/\/www.sharespine.com\/sv\/wp-json\/wp\/v2\/comments?post=17633"}],"version-history":[{"count":10,"href":"https:\/\/www.sharespine.com\/sv\/wp-json\/wp\/v2\/pages\/17633\/revisions"}],"predecessor-version":[{"id":52306,"href":"https:\/\/www.sharespine.com\/sv\/wp-json\/wp\/v2\/pages\/17633\/revisions\/52306"}],"up":[{"embeddable":true,"href":"https:\/\/www.sharespine.com\/sv\/wp-json\/wp\/v2\/pages\/3870"}],"wp:attachment":[{"href":"https:\/\/www.sharespine.com\/sv\/wp-json\/wp\/v2\/media?parent=17633"}],"wp:term":[{"taxonomy":"category","embeddable":true,"href":"https:\/\/www.sharespine.com\/sv\/wp-json\/wp\/v2\/categories?post=17633"},{"taxonomy":"post_tag","embeddable":true,"href":"https:\/\/www.sharespine.com\/sv\/wp-json\/wp\/v2\/tags?post=17633"}],"curies":[{"name":"wp","href":"https:\/\/api.w.org\/{rel}","templated":true}]}}