{"id":22368,"date":"2020-11-11T09:11:39","date_gmt":"2020-11-11T08:11:39","guid":{"rendered":"https:\/\/www.sharespine.com\/staging\/?page_id=22368"},"modified":"2025-08-27T11:19:54","modified_gmt":"2025-08-27T09:19:54","slug":"villkor","status":"publish","type":"page","link":"https:\/\/www.sharespine.com\/sv\/villkor\/","title":{"rendered":"Sharespines Tj\u00e4nsteavtal &#038; Allm\u00e4nna villkor, Dataskydd &#038; Cookies"},"content":{"rendered":"<p>[et_pb_section fb_built=&#8221;1&#8243; admin_label=&#8221;Sektion&#8221; module_class=&#8221;page-top-header&#8221; _builder_version=&#8221;4.21.0&#8243; _module_preset=&#8221;default&#8221; global_colors_info=&#8221;{}&#8221;][et_pb_row _builder_version=&#8221;4.21.0&#8243; _module_preset=&#8221;default&#8221; global_colors_info=&#8221;{}&#8221;][et_pb_column type=&#8221;4_4&#8243; _builder_version=&#8221;4.21.0&#8243; _module_preset=&#8221;default&#8221; global_colors_info=&#8221;{}&#8221;][et_pb_code _builder_version=&#8221;4.21.0&#8243; _module_preset=&#8221;default&#8221; global_colors_info=&#8221;{}&#8221;]<\/p>\n<h1 class=\"header-title medium\">Sharespines Tj\u00e4nsteavtal &#038; Allm\u00e4nna villkor, <\/br>Dataskydd &#038; Cookies<\/h1>\n<p>[\/et_pb_code][\/et_pb_column][\/et_pb_row][\/et_pb_section][et_pb_section fb_built=&#8221;1&#8243; _builder_version=&#8221;4.16&#8243; _module_preset=&#8221;default&#8221; global_colors_info=&#8221;{}&#8221;][et_pb_row _builder_version=&#8221;4.16&#8243; _module_preset=&#8221;default&#8221; global_colors_info=&#8221;{}&#8221;][et_pb_column type=&#8221;4_4&#8243; _builder_version=&#8221;4.16&#8243; _module_preset=&#8221;default&#8221; global_colors_info=&#8221;{}&#8221;][et_pb_text _builder_version=&#8221;4.27.4&#8243; _module_preset=&#8221;default&#8221; min_height=&#8221;500px&#8221; hover_enabled=&#8221;0&#8243; global_colors_info=&#8221;{}&#8221; sticky_enabled=&#8221;0&#8243;]<\/p>\n<p>Ladda ner Sharespines <a href=\"\/wp-content\/uploads\/2020\/11\/sharespine-ab-tjansteavtal-och-allmanna-villkor-2020-04-27-v-1.3.pdf\" target=\"_blank\" rel=\"noopener\" download=\"\">Tj\u00e4nsteavtal &amp; Allm\u00e4nna villkor f\u00f6r v\u00e5ra <strong>Flex &amp; Accounting l\u00f6sningar.<\/strong><\/a><\/p>\n<p>Ladda ner Sharespines <a href=\"\/wp-content\/uploads\/2025\/08\/A2-Allmanna-villkor-\u2013-Sharespinegruppen-Self-service-2025-version-2.0.pdf\" target=\"_blank\" rel=\"noopener\" download=\"\">Allm\u00e4nna villkor f\u00f6r v\u00e5ra <strong>Self-service l\u00f6sningar<\/strong><\/a><strong>.<\/strong><\/p>\n<p>L\u00e4s Sharespines <a href=\"\/dataskyddspolicy\/\" target=\"_blank\" rel=\"noopener\">Dataskyddspolicy<\/a>.<\/p>\n<p>Ladda ner <a href=\"https:\/\/my.sharespine.com\/files\/sharespine_overlatelse_av_tjanster.pdf\" target=\"_blank\" rel=\"noopener\" download=\"\">avtal om Sharespine \u00f6verlatelse av tjanster<\/a>.<\/p>\n<p>Ladda ner <a href=\"\/wp-content\/uploads\/2022\/04\/Plattform-2022.pdf\" target=\"_blank\" rel=\"noopener noreferrer\">produkt PDF om Sharespines integrationsplattform<\/a>.<\/p>\n<p>[\/et_pb_text][\/et_pb_column][\/et_pb_row][\/et_pb_section]<\/p>\n","protected":false},"excerpt":{"rendered":"<p>Ladda ner Sharespines Tj\u00e4nsteavtal &amp; Allm\u00e4nna villkor f\u00f6r v\u00e5ra Flex &amp; Accounting l\u00f6sningar. Ladda ner Sharespines Allm\u00e4nna villkor f\u00f6r v\u00e5ra Self-service l\u00f6sningar. L\u00e4s Sharespines Dataskyddspolicy. Ladda ner avtal om Sharespine \u00f6verlatelse av tjanster. Ladda ner produkt PDF om Sharespines integrationsplattform.<\/p>\n","protected":false},"author":11,"featured_media":0,"parent":0,"menu_order":0,"comment_status":"closed","ping_status":"closed","template":"","meta":{"_acf_changed":false,"_et_pb_use_builder":"on","_et_pb_old_content":"","_et_gb_content_width":"","content-type":"","footnotes":""},"categories":[],"tags":[],"class_list":["post-22368","page","type-page","status-publish","hentry"],"acf":[],"yoast_head":"<!-- This site is optimized with the Yoast SEO Premium plugin v26.2 (Yoast SEO v27.2) - https:\/\/yoast.com\/product\/yoast-seo-premium-wordpress\/ -->\n<title>Sharespines Tj\u00e4nsteavtal &amp; Allm\u00e4nna villkor, Dataskydd &amp; Cookies - Sharespine<\/title>\n<meta name=\"description\" content=\"Ladda ner v\u00e5ra tj\u00e4nsteavtal &amp; Allm\u00e4nna villkor, Dataskydd &amp; Cookies\" \/>\n<meta name=\"robots\" content=\"index, follow, max-snippet:-1, max-image-preview:large, max-video-preview:-1\" \/>\n<link rel=\"canonical\" href=\"https:\/\/www.sharespine.com\/sv\/villkor\/\" \/>\n<meta property=\"og:locale\" content=\"sv_SE\" \/>\n<meta property=\"og:type\" content=\"article\" \/>\n<meta property=\"og:title\" content=\"Sharespines Tj\u00e4nsteavtal &amp; Allm\u00e4nna villkor, Dataskydd &amp; Cookies\" \/>\n<meta property=\"og:description\" content=\"Ladda ner v\u00e5ra tj\u00e4nsteavtal &amp; Allm\u00e4nna villkor, Dataskydd &amp; Cookies\" \/>\n<meta property=\"og:url\" content=\"https:\/\/www.sharespine.com\/sv\/villkor\/\" \/>\n<meta property=\"og:site_name\" content=\"Sharespine\" \/>\n<meta property=\"article:publisher\" content=\"https:\/\/www.facebook.com\/sharespine\" \/>\n<meta property=\"article:modified_time\" content=\"2025-08-27T09:19:54+00:00\" \/>\n<meta name=\"twitter:card\" content=\"summary_large_image\" \/>\n<meta name=\"twitter:label1\" content=\"Ber\u00e4knad l\u00e4stid\" \/>\n\t<meta name=\"twitter:data1\" content=\"1 minut\" \/>\n<script type=\"application\/ld+json\" class=\"yoast-schema-graph\">{\"@context\":\"https:\/\/schema.org\",\"@graph\":[{\"@type\":\"WebPage\",\"@id\":\"https:\/\/www.sharespine.com\/sv\/villkor\/\",\"url\":\"https:\/\/www.sharespine.com\/sv\/villkor\/\",\"name\":\"Sharespines Tj\u00e4nsteavtal & Allm\u00e4nna villkor, Dataskydd & Cookies - Sharespine\",\"isPartOf\":{\"@id\":\"https:\/\/www.sharespine.com\/sv\/#website\"},\"datePublished\":\"2020-11-11T08:11:39+00:00\",\"dateModified\":\"2025-08-27T09:19:54+00:00\",\"description\":\"Ladda ner v\u00e5ra tj\u00e4nsteavtal & Allm\u00e4nna villkor, Dataskydd & Cookies\",\"breadcrumb\":{\"@id\":\"https:\/\/www.sharespine.com\/sv\/villkor\/#breadcrumb\"},\"inLanguage\":\"sv-SE\",\"potentialAction\":[{\"@type\":\"ReadAction\",\"target\":[\"https:\/\/www.sharespine.com\/sv\/villkor\/\"]}]},{\"@type\":\"BreadcrumbList\",\"@id\":\"https:\/\/www.sharespine.com\/sv\/villkor\/#breadcrumb\",\"itemListElement\":[{\"@type\":\"ListItem\",\"position\":1,\"name\":\"Hem\",\"item\":\"https:\/\/www.sharespine.com\/sv\/\"},{\"@type\":\"ListItem\",\"position\":2,\"name\":\"Sharespines Tj\u00e4nsteavtal &#038; Allm\u00e4nna villkor, Dataskydd &#038; Cookies\"}]},{\"@type\":\"WebSite\",\"@id\":\"https:\/\/www.sharespine.com\/sv\/#website\",\"url\":\"https:\/\/www.sharespine.com\/sv\/\",\"name\":\"Sharespine\",\"description\":\"Integrationsplattform f\u00f6r e-handel &amp; bokf\u00f6ring\",\"publisher\":{\"@id\":\"https:\/\/www.sharespine.com\/sv\/#organization\"},\"potentialAction\":[{\"@type\":\"SearchAction\",\"target\":{\"@type\":\"EntryPoint\",\"urlTemplate\":\"https:\/\/www.sharespine.com\/sv\/?s={search_term_string}\"},\"query-input\":{\"@type\":\"PropertyValueSpecification\",\"valueRequired\":true,\"valueName\":\"search_term_string\"}}],\"inLanguage\":\"sv-SE\"},{\"@type\":\"Organization\",\"@id\":\"https:\/\/www.sharespine.com\/sv\/#organization\",\"name\":\"Sharespine AB\",\"url\":\"https:\/\/www.sharespine.com\/sv\/\",\"logo\":{\"@type\":\"ImageObject\",\"inLanguage\":\"sv-SE\",\"@id\":\"https:\/\/www.sharespine.com\/sv\/#\/schema\/logo\/image\/\",\"url\":\"https:\/\/www.sharespine.com\/wp-content\/uploads\/2022\/11\/logo-default.png\",\"contentUrl\":\"https:\/\/www.sharespine.com\/wp-content\/uploads\/2022\/11\/logo-default.png\",\"width\":700,\"height\":153,\"caption\":\"Sharespine AB\"},\"image\":{\"@id\":\"https:\/\/www.sharespine.com\/sv\/#\/schema\/logo\/image\/\"},\"sameAs\":[\"https:\/\/www.facebook.com\/sharespine\",\"https:\/\/www.linkedin.com\/company\/sharespine\/\",\"https:\/\/www.instagram.com\/sharespine\/\"]}]}<\/script>\n<!-- \/ Yoast SEO Premium plugin. -->","yoast_head_json":{"title":"Sharespines Tj\u00e4nsteavtal & Allm\u00e4nna villkor, Dataskydd & Cookies - Sharespine","description":"Ladda ner v\u00e5ra tj\u00e4nsteavtal & Allm\u00e4nna villkor, Dataskydd & Cookies","robots":{"index":"index","follow":"follow","max-snippet":"max-snippet:-1","max-image-preview":"max-image-preview:large","max-video-preview":"max-video-preview:-1"},"canonical":"https:\/\/www.sharespine.com\/sv\/villkor\/","og_locale":"sv_SE","og_type":"article","og_title":"Sharespines Tj\u00e4nsteavtal & Allm\u00e4nna villkor, Dataskydd & Cookies","og_description":"Ladda ner v\u00e5ra tj\u00e4nsteavtal & Allm\u00e4nna villkor, Dataskydd & Cookies","og_url":"https:\/\/www.sharespine.com\/sv\/villkor\/","og_site_name":"Sharespine","article_publisher":"https:\/\/www.facebook.com\/sharespine","article_modified_time":"2025-08-27T09:19:54+00:00","twitter_card":"summary_large_image","twitter_misc":{"Ber\u00e4knad l\u00e4stid":"1 minut"},"schema":{"@context":"https:\/\/schema.org","@graph":[{"@type":"WebPage","@id":"https:\/\/www.sharespine.com\/sv\/villkor\/","url":"https:\/\/www.sharespine.com\/sv\/villkor\/","name":"Sharespines Tj\u00e4nsteavtal & Allm\u00e4nna villkor, Dataskydd & Cookies - Sharespine","isPartOf":{"@id":"https:\/\/www.sharespine.com\/sv\/#website"},"datePublished":"2020-11-11T08:11:39+00:00","dateModified":"2025-08-27T09:19:54+00:00","description":"Ladda ner v\u00e5ra tj\u00e4nsteavtal & Allm\u00e4nna villkor, Dataskydd & Cookies","breadcrumb":{"@id":"https:\/\/www.sharespine.com\/sv\/villkor\/#breadcrumb"},"inLanguage":"sv-SE","potentialAction":[{"@type":"ReadAction","target":["https:\/\/www.sharespine.com\/sv\/villkor\/"]}]},{"@type":"BreadcrumbList","@id":"https:\/\/www.sharespine.com\/sv\/villkor\/#breadcrumb","itemListElement":[{"@type":"ListItem","position":1,"name":"Hem","item":"https:\/\/www.sharespine.com\/sv\/"},{"@type":"ListItem","position":2,"name":"Sharespines Tj\u00e4nsteavtal &#038; Allm\u00e4nna villkor, Dataskydd &#038; Cookies"}]},{"@type":"WebSite","@id":"https:\/\/www.sharespine.com\/sv\/#website","url":"https:\/\/www.sharespine.com\/sv\/","name":"Sharespine","description":"Integrationsplattform f\u00f6r e-handel &amp; bokf\u00f6ring","publisher":{"@id":"https:\/\/www.sharespine.com\/sv\/#organization"},"potentialAction":[{"@type":"SearchAction","target":{"@type":"EntryPoint","urlTemplate":"https:\/\/www.sharespine.com\/sv\/?s={search_term_string}"},"query-input":{"@type":"PropertyValueSpecification","valueRequired":true,"valueName":"search_term_string"}}],"inLanguage":"sv-SE"},{"@type":"Organization","@id":"https:\/\/www.sharespine.com\/sv\/#organization","name":"Sharespine AB","url":"https:\/\/www.sharespine.com\/sv\/","logo":{"@type":"ImageObject","inLanguage":"sv-SE","@id":"https:\/\/www.sharespine.com\/sv\/#\/schema\/logo\/image\/","url":"https:\/\/www.sharespine.com\/wp-content\/uploads\/2022\/11\/logo-default.png","contentUrl":"https:\/\/www.sharespine.com\/wp-content\/uploads\/2022\/11\/logo-default.png","width":700,"height":153,"caption":"Sharespine AB"},"image":{"@id":"https:\/\/www.sharespine.com\/sv\/#\/schema\/logo\/image\/"},"sameAs":["https:\/\/www.facebook.com\/sharespine","https:\/\/www.linkedin.com\/company\/sharespine\/","https:\/\/www.instagram.com\/sharespine\/"]}]}},"_links":{"self":[{"href":"https:\/\/www.sharespine.com\/sv\/wp-json\/wp\/v2\/pages\/22368","targetHints":{"allow":["GET"]}}],"collection":[{"href":"https:\/\/www.sharespine.com\/sv\/wp-json\/wp\/v2\/pages"}],"about":[{"href":"https:\/\/www.sharespine.com\/sv\/wp-json\/wp\/v2\/types\/page"}],"author":[{"embeddable":true,"href":"https:\/\/www.sharespine.com\/sv\/wp-json\/wp\/v2\/users\/11"}],"replies":[{"embeddable":true,"href":"https:\/\/www.sharespine.com\/sv\/wp-json\/wp\/v2\/comments?post=22368"}],"version-history":[{"count":10,"href":"https:\/\/www.sharespine.com\/sv\/wp-json\/wp\/v2\/pages\/22368\/revisions"}],"predecessor-version":[{"id":58167,"href":"https:\/\/www.sharespine.com\/sv\/wp-json\/wp\/v2\/pages\/22368\/revisions\/58167"}],"wp:attachment":[{"href":"https:\/\/www.sharespine.com\/sv\/wp-json\/wp\/v2\/media?parent=22368"}],"wp:term":[{"taxonomy":"category","embeddable":true,"href":"https:\/\/www.sharespine.com\/sv\/wp-json\/wp\/v2\/categories?post=22368"},{"taxonomy":"post_tag","embeddable":true,"href":"https:\/\/www.sharespine.com\/sv\/wp-json\/wp\/v2\/tags?post=22368"}],"curies":[{"name":"wp","href":"https:\/\/api.w.org\/{rel}","templated":true}]}}