{"id":22740,"date":"2020-12-11T15:49:30","date_gmt":"2020-12-11T14:49:30","guid":{"rendered":"https:\/\/www.sharespine.com\/staging\/?page_id=22740"},"modified":"2026-03-03T13:50:41","modified_gmt":"2026-03-03T12:50:41","slug":"leverans","status":"publish","type":"page","link":"https:\/\/www.sharespine.com\/sv\/leverans\/","title":{"rendered":"Leverans"},"content":{"rendered":"<p>[et_pb_section fb_built=&#8221;1&#8243; _builder_version=&#8221;4.16&#8243; custom_padding=&#8221;1%||0px||false|false&#8221; custom_css_main_element=&#8221;padding: 5% 0 !important;&#8221; global_colors_info=&#8221;{}&#8221;][et_pb_row column_structure=&#8221;1_2,1_2&#8243; _builder_version=&#8221;4.16&#8243; max_width=&#8221;1340px&#8221; global_colors_info=&#8221;{}&#8221;][et_pb_column type=&#8221;1_2&#8243; _builder_version=&#8221;4.16&#8243; global_colors_info=&#8221;{}&#8221;][et_pb_code _builder_version=&#8221;4.24.0&#8243; _module_preset=&#8221;default&#8221; global_colors_info=&#8221;{}&#8221;]<span class=\"header-pre\">LEVERANS<\/span><!-- [et_pb_line_break_holder] --><\/p>\n<h1 class=\"header-title medium\">Ditt leveransprojekt<\/h1>\n<p><!-- [et_pb_line_break_holder] --><pee  class=\"header-body\">Alla kunder med v\u00e5r <a href=\"\/sv\/priser\/?plan=flex&#038;billing=annually&#038;oss=false\">Flex paketering<\/a> beh\u00f6ver ett st\u00f6rre eller mindre leveransprojekt. Varje leveransprojekt tar en viss tid. Ett leveransprojekt startar med att vi g\u00e5r igenom era f\u00f6ruts\u00e4ttningar och vad ni skall f\u00f6rbereda inf\u00f6r leveransen. I tidslinjen kan ni se alla momenten som vi skall igenom f\u00f6r att n\u00e5 en lyckad integration. N\u00e4r alla svar &#038; detaljer \u00e4r p\u00e5 plats s\u00e5 \u00e4r projektet redo att bokas in och onboardas i v\u00e5r plattform.<\/pee><!-- [et_pb_line_break_holder] --><pee>F\u00f6r kunder som vill b\u00f6rja med <a href=\"\/sv\/sharespine-professional-services\/\">en f\u00f6rstudie<\/a> innan de tar ett beslut om hur allt skall konfigureras s\u00e5 erbjuder vi \u00e4ven detta via v\u00e5rt SPS -team.<\/pee>[\/et_pb_code][\/et_pb_column][et_pb_column type=&#8221;1_2&#8243; _builder_version=&#8221;4.16&#8243; global_colors_info=&#8221;{}&#8221;][et_pb_image src=&#8221;https:\/\/www.sharespine.com\/wp-content\/uploads\/2021\/01\/Onboarding.png&#8221; alt=&#8221;Sharespine leveransprocess&#8221; title_text=&#8221;Onboarding&#8221; _builder_version=&#8221;4.16&#8243; global_colors_info=&#8221;{}&#8221;][\/et_pb_image][\/et_pb_column][\/et_pb_row][\/et_pb_section][et_pb_section fb_built=&#8221;1&#8243; admin_label=&#8221;4 STEG&#8221; module_class=&#8221;page-section&#8221; _builder_version=&#8221;4.27.4&#8243; _module_preset=&#8221;default&#8221; custom_margin=&#8221;0px||||false|false&#8221; custom_padding=&#8221;0px||||false|false&#8221; hover_enabled=&#8221;0&#8243; global_colors_info=&#8221;{}&#8221; disabled_on=&#8221;on|on|on&#8221; disabled=&#8221;on&#8221; sticky_enabled=&#8221;0&#8243;][et_pb_row admin_label=&#8221;STEG 1&#8243; _builder_version=&#8221;4.16&#8243; _module_preset=&#8221;default&#8221; max_width=&#8221;1175px&#8221; global_colors_info=&#8221;{}&#8221;][et_pb_column type=&#8221;4_4&#8243; _builder_version=&#8221;4.16&#8243; _module_preset=&#8221;default&#8221; global_colors_info=&#8221;{}&#8221;][et_pb_text _builder_version=&#8221;4.16&#8243; _module_preset=&#8221;default&#8221; global_colors_info=&#8221;{}&#8221;]<span class=\"section-header-pre\">STEG 1<\/span><\/p>\n<h2 class=\"section-header-center\">Kundens f\u00f6rberedelser<\/h2>\n<div class=\"header-separator-center\"><\/div>\n<p>[\/et_pb_text][et_pb_code _builder_version=&#8221;4.27.4&#8243; _module_preset=&#8221;default&#8221; global_colors_info=&#8221;{}&#8221;]<\/p>\n<div class=\"onboarding-step\"><!-- [et_pb_line_break_holder] -->  <span class=\"onboarding-title\">Planeringsm\u00f6te<\/span><!-- [et_pb_line_break_holder] -->  <pee><!-- [et_pb_line_break_holder] -->    Kort efter din order s\u00e5 kommer vi kalla in till ett kort planeringsm\u00f6te f\u00f6r att g\u00e5 igenom de olika momenten i kommande leveransprojekt.<!-- [et_pb_line_break_holder] -->  <\/pee><!-- [et_pb_line_break_holder] -->\t<!-- [et_pb_line_break_holder] -->\t<span class=\"ul-label\">Agenda<\/span><!-- [et_pb_line_break_holder] -->  <\/p>\n<ul><!-- [et_pb_line_break_holder] -->    <\/p>\n<li><!-- [et_pb_line_break_holder] -->      Inloggningsuppgifter till integrationsplattformen<!-- [et_pb_line_break_holder] -->    <\/li>\n<p><!-- [et_pb_line_break_holder] -->    <\/p>\n<li><!-- [et_pb_line_break_holder] -->      Kontaktuppgifter till v\u00e5r leverans grupp. <!-- [et_pb_line_break_holder] -->    <\/li>\n<p><!-- [et_pb_line_break_holder] -->    <\/p>\n<li><!-- [et_pb_line_break_holder] -->      En lista med information som du skall ta fram intern i er organisation <!-- [et_pb_line_break_holder] -->    <\/li>\n<p><!-- [et_pb_line_break_holder] -->  <\/ul>\n<p><!-- [et_pb_line_break_holder] -->\t<pee><!-- [et_pb_line_break_holder] -->    M\u00f6tet tar ca 15 min<!-- [et_pb_line_break_holder] -->  <\/pee><!-- [et_pb_line_break_holder] --><\/div>\n<p><!-- [et_pb_line_break_holder] --><!-- [et_pb_line_break_holder] --><\/p>\n<div class=\"onboarding-step\"><!-- [et_pb_line_break_holder] -->  <span class=\"onboarding-title\">Se \u00f6ver din produktdata<\/span><!-- [et_pb_line_break_holder] -->  <pee><!-- [et_pb_line_break_holder] -->\tKvaliteten och behovet av \u201cbra\u201d produktdata \u00e4r olika beroende p\u00e5 tj\u00e4nster och system som skall kopplas ihop. Det finns vissa obligatoriska krav p\u00e5 produktdatan som m\u00e5ste vara p\u00e5 plats innan integrationen kan p\u00e5b\u00f6rjas:<!-- [et_pb_line_break_holder] -->  <\/pee><!-- [et_pb_line_break_holder] -->\t<!-- [et_pb_line_break_holder] -->\t<span class=\"ul-label\">Agenda<\/span><!-- [et_pb_line_break_holder] -->  <\/p>\n<ul><!-- [et_pb_line_break_holder] -->    <\/p>\n<li><!-- [et_pb_line_break_holder] -->      Moms p\u00e5 era artiklar i ert e-handelssystem<!-- [et_pb_line_break_holder] -->    <\/li>\n<p><!-- [et_pb_line_break_holder] -->    <\/p>\n<li><!-- [et_pb_line_break_holder] -->      Unika SKU (artikelnummer) p\u00e5 alla artiklar<!-- [et_pb_line_break_holder] -->    <\/li>\n<p><!-- [et_pb_line_break_holder] -->    <\/p>\n<li><!-- [et_pb_line_break_holder] -->      Ta bort otill\u00e5tna tecken i era artikelnamn<!-- [et_pb_line_break_holder] -->    <\/li>\n<p><!-- [et_pb_line_break_holder] -->  <\/ul>\n<p>ar ca 15 min<!-- [et_pb_line_break_holder] -->  <\/pee><!-- [et_pb_line_break_holder] --><\/div>\n<p>[\/et_pb_code][et_pb_text _builder_version=&#8221;4.16&#8243; _module_preset=&#8221;default&#8221; global_colors_info=&#8221;{}&#8221;]<span class=\"section-header-pre\">STEG 2<\/span><\/p>\n<h2 class=\"section-header-center\">Produktdata, Orders &#038; Logistik<\/h2>\n<div class=\"header-separator-center\"><\/div>\n<p>[\/et_pb_text][et_pb_code _builder_version=&#8221;4.27.4&#8243; _module_preset=&#8221;default&#8221; global_colors_info=&#8221;{}&#8221;]XXX[\/et_pb_code][et_pb_text _builder_version=&#8221;4.16&#8243; _module_preset=&#8221;default&#8221; global_colors_info=&#8221;{}&#8221;]<span class=\"section-header-pre\">STEG 3<\/span><\/p>\n<h2 class=\"section-header-center\">Transaktionsdata &#038; Avst\u00e4mning<\/h2>\n<div class=\"header-separator-center\"><\/div>\n<p>[\/et_pb_text][et_pb_code _builder_version=&#8221;4.27.4&#8243; _module_preset=&#8221;default&#8221; global_colors_info=&#8221;{}&#8221;]XXX[\/et_pb_code][et_pb_text admin_label=&#8221;Text&#8221; _builder_version=&#8221;4.16&#8243; _module_preset=&#8221;default&#8221; global_colors_info=&#8221;{}&#8221;]<span class=\"section-header-pre\">STEG 4<\/span><\/p>\n<h2 class=\"section-header-center\">Loggfiler &#038; Rapporter<\/h2>\n<div class=\"header-separator-center\"><\/div>\n<p>[\/et_pb_text][et_pb_code _builder_version=&#8221;4.27.4&#8243; _module_preset=&#8221;default&#8221; global_colors_info=&#8221;{}&#8221;]XXX[\/et_pb_code][\/et_pb_column][\/et_pb_row][\/et_pb_section][et_pb_section fb_built=&#8221;1&#8243; _builder_version=&#8221;4.16&#8243; custom_padding=&#8221;1%||1%||false|false&#8221; custom_css_main_element=&#8221;padding: 2% 0% 3% !important;&#8221; global_colors_info=&#8221;{}&#8221;][et_pb_row column_structure=&#8221;1_3,1_3,1_3&#8243; make_equal=&#8221;on&#8221; _builder_version=&#8221;4.16&#8243; max_width=&#8221;1140px&#8221; global_colors_info=&#8221;{}&#8221;][et_pb_column type=&#8221;1_3&#8243; module_class=&#8221;usp-block&#8221; _builder_version=&#8221;4.16&#8243; global_colors_info=&#8221;{}&#8221;][et_pb_image src=&#8221;https:\/\/www.sharespine.com\/wp-content\/uploads\/2020\/09\/icon-sendback.png&#8221; title_text=&#8221;icon-sendback&#8221; align=&#8221;center&#8221; module_class=&#8221;usp-image&#8221; _builder_version=&#8221;4.16&#8243; max_width=&#8221;60px&#8221; global_colors_info=&#8221;{}&#8221;][\/et_pb_image][et_pb_text admin_label=&#8221;Title&#8221; module_class=&#8221;usp-title&#8221; _builder_version=&#8221;4.16&#8243; text_orientation=&#8221;center&#8221; global_colors_info=&#8221;{}&#8221;]Varf\u00f6r leveransprojekt?[\/et_pb_text][et_pb_text admin_label=&#8221;Body&#8221; module_class=&#8221;usp-body body-grey&#8221; _builder_version=&#8221;4.24.0&#8243; text_orientation=&#8221;center&#8221; global_colors_info=&#8221;{}&#8221;]<\/p>\n<p>Varje system som kopplas ihop testas &amp; konfigureras i detalj. Ibland beh\u00f6vs anpassning f\u00f6r specifik funktionalitet vilket kr\u00e4ver tid &amp; engagemang fr\u00e5n v\u00e5r tekniker.<\/p>\n<p>[\/et_pb_text][\/et_pb_column][et_pb_column type=&#8221;1_3&#8243; module_class=&#8221;usp-block&#8221; _builder_version=&#8221;4.16&#8243; global_colors_info=&#8221;{}&#8221;][et_pb_image src=&#8221;https:\/\/www.sharespine.com\/wp-content\/uploads\/2020\/09\/icon-creditinvoice.png&#8221; title_text=&#8221;icon-creditinvoice&#8221; align=&#8221;center&#8221; module_class=&#8221;usp-image&#8221; _builder_version=&#8221;4.16&#8243; max_width=&#8221;60px&#8221; global_colors_info=&#8221;{}&#8221;][\/et_pb_image][et_pb_text admin_label=&#8221;Title&#8221; module_class=&#8221;usp-title&#8221; _builder_version=&#8221;4.16&#8243; text_orientation=&#8221;center&#8221; global_colors_info=&#8221;{}&#8221;]2, 5 eller 30 timmar?[\/et_pb_text][et_pb_text admin_label=&#8221;Body&#8221; module_class=&#8221;usp-body body-grey&#8221; _builder_version=&#8221;4.24.0&#8243; text_orientation=&#8221;center&#8221; global_colors_info=&#8221;{}&#8221;]<\/p>\n<p>Hur mycket tid din leverans beh\u00f6ver varierar beroende p\u00e5 system &amp; specifika krav men \u00e4ven p\u00e5 hur v\u00e4l f\u00f6rberedd du \u00e4r n\u00e4r det v\u00e4l \u00e4r dags.<\/p>\n<p>[\/et_pb_text][\/et_pb_column][et_pb_column type=&#8221;1_3&#8243; module_class=&#8221;usp-block&#8221; _builder_version=&#8221;4.16&#8243; global_colors_info=&#8221;{}&#8221;][et_pb_image src=&#8221;https:\/\/www.sharespine.com\/wp-content\/uploads\/2020\/09\/icon-refund.png&#8221; title_text=&#8221;icon-refund&#8221; align=&#8221;center&#8221; module_class=&#8221;usp-image&#8221; _builder_version=&#8221;4.16&#8243; max_width=&#8221;60px&#8221; global_colors_info=&#8221;{}&#8221;][\/et_pb_image][et_pb_text admin_label=&#8221;Title&#8221; module_class=&#8221;usp-title&#8221; _builder_version=&#8221;4.16&#8243; text_orientation=&#8221;center&#8221; global_colors_info=&#8221;{}&#8221;]Hur kan du spara tid?[\/et_pb_text][et_pb_text admin_label=&#8221;Body&#8221; module_class=&#8221;usp-body body-grey&#8221; _builder_version=&#8221;4.16&#8243; text_orientation=&#8221;center&#8221; global_colors_info=&#8221;{}&#8221;]Det f\u00f6rsta som kommer att h\u00e4nda \u00e4r att ni f\u00e5r ett fr\u00e5gebatteri som ni skall svara p\u00e5. Ju fortare och strukturerat vi f\u00e5r tillbaka alla svar  ju fortare kommer vi ig\u00e5ng  med sj\u00e4lva onboardingen.[\/et_pb_text][\/et_pb_column][\/et_pb_row][\/et_pb_section]<\/p>\n","protected":false},"excerpt":{"rendered":"<p>STEG 1 Kundens f\u00f6rberedelser STEG 2 Produktdata, Orders &#038; Logistik STEG 3 Transaktionsdata &#038; Avst\u00e4mning STEG 4 Loggfiler &#038; Rapporter Varf\u00f6r leveransprojekt?Varje system som kopplas ihop testas &amp; konfigureras i detalj. Ibland beh\u00f6vs anpassning f\u00f6r specifik funktionalitet vilket kr\u00e4ver tid &amp; engagemang fr\u00e5n v\u00e5r tekniker.2, 5 eller 30 timmar?Hur mycket tid din leverans beh\u00f6ver varierar [&hellip;]<\/p>\n","protected":false},"author":11,"featured_media":0,"parent":0,"menu_order":0,"comment_status":"closed","ping_status":"closed","template":"","meta":{"_acf_changed":false,"_et_pb_use_builder":"on","_et_pb_old_content":"","_et_gb_content_width":"","content-type":"","footnotes":""},"categories":[],"tags":[],"class_list":["post-22740","page","type-page","status-publish","hentry"],"acf":[],"yoast_head":"<!-- This site is optimized with the Yoast SEO Premium plugin v26.2 (Yoast SEO v27.2) - https:\/\/yoast.com\/product\/yoast-seo-premium-wordpress\/ -->\n<title>Leverans - Sharespine<\/title>\n<meta name=\"description\" content=\"Alla Flex kunder beh\u00f6ver ett st\u00f6rre eller mindre leveransprojekt d\u00e4r vi g\u00e5r igenom era f\u00f6ruts\u00e4ttningar och vad ni skall f\u00f6rbereda.\" \/>\n<meta name=\"robots\" content=\"index, follow, max-snippet:-1, max-image-preview:large, max-video-preview:-1\" \/>\n<link rel=\"canonical\" href=\"https:\/\/www.sharespine.com\/sv\/leverans\/\" \/>\n<meta property=\"og:locale\" content=\"sv_SE\" \/>\n<meta property=\"og:type\" content=\"article\" \/>\n<meta property=\"og:title\" content=\"Leverans\" \/>\n<meta property=\"og:description\" content=\"Alla Flex kunder beh\u00f6ver ett st\u00f6rre eller mindre leveransprojekt d\u00e4r vi g\u00e5r igenom era f\u00f6ruts\u00e4ttningar och vad ni skall f\u00f6rbereda.\" \/>\n<meta property=\"og:url\" content=\"https:\/\/www.sharespine.com\/sv\/leverans\/\" \/>\n<meta property=\"og:site_name\" content=\"Sharespine\" \/>\n<meta property=\"article:publisher\" content=\"https:\/\/www.facebook.com\/sharespine\" \/>\n<meta property=\"article:modified_time\" content=\"2026-03-03T12:50:41+00:00\" \/>\n<meta name=\"twitter:card\" content=\"summary_large_image\" \/>\n<meta name=\"twitter:label1\" content=\"Ber\u00e4knad l\u00e4stid\" \/>\n\t<meta name=\"twitter:data1\" content=\"2 minuter\" \/>\n<script type=\"application\/ld+json\" class=\"yoast-schema-graph\">{\"@context\":\"https:\/\/schema.org\",\"@graph\":[{\"@type\":\"WebPage\",\"@id\":\"https:\/\/www.sharespine.com\/sv\/leverans\/\",\"url\":\"https:\/\/www.sharespine.com\/sv\/leverans\/\",\"name\":\"Leverans - Sharespine\",\"isPartOf\":{\"@id\":\"https:\/\/www.sharespine.com\/sv\/#website\"},\"datePublished\":\"2020-12-11T14:49:30+00:00\",\"dateModified\":\"2026-03-03T12:50:41+00:00\",\"description\":\"Alla Flex kunder beh\u00f6ver ett st\u00f6rre eller mindre leveransprojekt d\u00e4r vi g\u00e5r igenom era f\u00f6ruts\u00e4ttningar och vad ni skall f\u00f6rbereda.\",\"breadcrumb\":{\"@id\":\"https:\/\/www.sharespine.com\/sv\/leverans\/#breadcrumb\"},\"inLanguage\":\"sv-SE\",\"potentialAction\":[{\"@type\":\"ReadAction\",\"target\":[\"https:\/\/www.sharespine.com\/sv\/leverans\/\"]}]},{\"@type\":\"BreadcrumbList\",\"@id\":\"https:\/\/www.sharespine.com\/sv\/leverans\/#breadcrumb\",\"itemListElement\":[{\"@type\":\"ListItem\",\"position\":1,\"name\":\"Hem\",\"item\":\"https:\/\/www.sharespine.com\/sv\/\"},{\"@type\":\"ListItem\",\"position\":2,\"name\":\"Leverans\"}]},{\"@type\":\"WebSite\",\"@id\":\"https:\/\/www.sharespine.com\/sv\/#website\",\"url\":\"https:\/\/www.sharespine.com\/sv\/\",\"name\":\"Sharespine\",\"description\":\"Integrationsplattform f\u00f6r e-handel &amp; bokf\u00f6ring\",\"publisher\":{\"@id\":\"https:\/\/www.sharespine.com\/sv\/#organization\"},\"potentialAction\":[{\"@type\":\"SearchAction\",\"target\":{\"@type\":\"EntryPoint\",\"urlTemplate\":\"https:\/\/www.sharespine.com\/sv\/?s={search_term_string}\"},\"query-input\":{\"@type\":\"PropertyValueSpecification\",\"valueRequired\":true,\"valueName\":\"search_term_string\"}}],\"inLanguage\":\"sv-SE\"},{\"@type\":\"Organization\",\"@id\":\"https:\/\/www.sharespine.com\/sv\/#organization\",\"name\":\"Sharespine AB\",\"url\":\"https:\/\/www.sharespine.com\/sv\/\",\"logo\":{\"@type\":\"ImageObject\",\"inLanguage\":\"sv-SE\",\"@id\":\"https:\/\/www.sharespine.com\/sv\/#\/schema\/logo\/image\/\",\"url\":\"https:\/\/www.sharespine.com\/wp-content\/uploads\/2022\/11\/logo-default.png\",\"contentUrl\":\"https:\/\/www.sharespine.com\/wp-content\/uploads\/2022\/11\/logo-default.png\",\"width\":700,\"height\":153,\"caption\":\"Sharespine AB\"},\"image\":{\"@id\":\"https:\/\/www.sharespine.com\/sv\/#\/schema\/logo\/image\/\"},\"sameAs\":[\"https:\/\/www.facebook.com\/sharespine\",\"https:\/\/www.linkedin.com\/company\/sharespine\/\",\"https:\/\/www.instagram.com\/sharespine\/\"]}]}<\/script>\n<!-- \/ Yoast SEO Premium plugin. -->","yoast_head_json":{"title":"Leverans - Sharespine","description":"Alla Flex kunder beh\u00f6ver ett st\u00f6rre eller mindre leveransprojekt d\u00e4r vi g\u00e5r igenom era f\u00f6ruts\u00e4ttningar och vad ni skall f\u00f6rbereda.","robots":{"index":"index","follow":"follow","max-snippet":"max-snippet:-1","max-image-preview":"max-image-preview:large","max-video-preview":"max-video-preview:-1"},"canonical":"https:\/\/www.sharespine.com\/sv\/leverans\/","og_locale":"sv_SE","og_type":"article","og_title":"Leverans","og_description":"Alla Flex kunder beh\u00f6ver ett st\u00f6rre eller mindre leveransprojekt d\u00e4r vi g\u00e5r igenom era f\u00f6ruts\u00e4ttningar och vad ni skall f\u00f6rbereda.","og_url":"https:\/\/www.sharespine.com\/sv\/leverans\/","og_site_name":"Sharespine","article_publisher":"https:\/\/www.facebook.com\/sharespine","article_modified_time":"2026-03-03T12:50:41+00:00","twitter_card":"summary_large_image","twitter_misc":{"Ber\u00e4knad l\u00e4stid":"2 minuter"},"schema":{"@context":"https:\/\/schema.org","@graph":[{"@type":"WebPage","@id":"https:\/\/www.sharespine.com\/sv\/leverans\/","url":"https:\/\/www.sharespine.com\/sv\/leverans\/","name":"Leverans - Sharespine","isPartOf":{"@id":"https:\/\/www.sharespine.com\/sv\/#website"},"datePublished":"2020-12-11T14:49:30+00:00","dateModified":"2026-03-03T12:50:41+00:00","description":"Alla Flex kunder beh\u00f6ver ett st\u00f6rre eller mindre leveransprojekt d\u00e4r vi g\u00e5r igenom era f\u00f6ruts\u00e4ttningar och vad ni skall f\u00f6rbereda.","breadcrumb":{"@id":"https:\/\/www.sharespine.com\/sv\/leverans\/#breadcrumb"},"inLanguage":"sv-SE","potentialAction":[{"@type":"ReadAction","target":["https:\/\/www.sharespine.com\/sv\/leverans\/"]}]},{"@type":"BreadcrumbList","@id":"https:\/\/www.sharespine.com\/sv\/leverans\/#breadcrumb","itemListElement":[{"@type":"ListItem","position":1,"name":"Hem","item":"https:\/\/www.sharespine.com\/sv\/"},{"@type":"ListItem","position":2,"name":"Leverans"}]},{"@type":"WebSite","@id":"https:\/\/www.sharespine.com\/sv\/#website","url":"https:\/\/www.sharespine.com\/sv\/","name":"Sharespine","description":"Integrationsplattform f\u00f6r e-handel &amp; bokf\u00f6ring","publisher":{"@id":"https:\/\/www.sharespine.com\/sv\/#organization"},"potentialAction":[{"@type":"SearchAction","target":{"@type":"EntryPoint","urlTemplate":"https:\/\/www.sharespine.com\/sv\/?s={search_term_string}"},"query-input":{"@type":"PropertyValueSpecification","valueRequired":true,"valueName":"search_term_string"}}],"inLanguage":"sv-SE"},{"@type":"Organization","@id":"https:\/\/www.sharespine.com\/sv\/#organization","name":"Sharespine AB","url":"https:\/\/www.sharespine.com\/sv\/","logo":{"@type":"ImageObject","inLanguage":"sv-SE","@id":"https:\/\/www.sharespine.com\/sv\/#\/schema\/logo\/image\/","url":"https:\/\/www.sharespine.com\/wp-content\/uploads\/2022\/11\/logo-default.png","contentUrl":"https:\/\/www.sharespine.com\/wp-content\/uploads\/2022\/11\/logo-default.png","width":700,"height":153,"caption":"Sharespine AB"},"image":{"@id":"https:\/\/www.sharespine.com\/sv\/#\/schema\/logo\/image\/"},"sameAs":["https:\/\/www.facebook.com\/sharespine","https:\/\/www.linkedin.com\/company\/sharespine\/","https:\/\/www.instagram.com\/sharespine\/"]}]}},"_links":{"self":[{"href":"https:\/\/www.sharespine.com\/sv\/wp-json\/wp\/v2\/pages\/22740","targetHints":{"allow":["GET"]}}],"collection":[{"href":"https:\/\/www.sharespine.com\/sv\/wp-json\/wp\/v2\/pages"}],"about":[{"href":"https:\/\/www.sharespine.com\/sv\/wp-json\/wp\/v2\/types\/page"}],"author":[{"embeddable":true,"href":"https:\/\/www.sharespine.com\/sv\/wp-json\/wp\/v2\/users\/11"}],"replies":[{"embeddable":true,"href":"https:\/\/www.sharespine.com\/sv\/wp-json\/wp\/v2\/comments?post=22740"}],"version-history":[{"count":14,"href":"https:\/\/www.sharespine.com\/sv\/wp-json\/wp\/v2\/pages\/22740\/revisions"}],"predecessor-version":[{"id":61421,"href":"https:\/\/www.sharespine.com\/sv\/wp-json\/wp\/v2\/pages\/22740\/revisions\/61421"}],"wp:attachment":[{"href":"https:\/\/www.sharespine.com\/sv\/wp-json\/wp\/v2\/media?parent=22740"}],"wp:term":[{"taxonomy":"category","embeddable":true,"href":"https:\/\/www.sharespine.com\/sv\/wp-json\/wp\/v2\/categories?post=22740"},{"taxonomy":"post_tag","embeddable":true,"href":"https:\/\/www.sharespine.com\/sv\/wp-json\/wp\/v2\/tags?post=22740"}],"curies":[{"name":"wp","href":"https:\/\/api.w.org\/{rel}","templated":true}]}}