{"id":34950,"date":"2022-01-13T16:10:08","date_gmt":"2022-01-13T15:10:08","guid":{"rendered":"https:\/\/staging.sharespine.com\/?page_id=34950"},"modified":"2025-05-06T10:33:36","modified_gmt":"2025-05-06T08:33:36","slug":"dagsavslut-av-zettle-by-paypal-till-fortnox","status":"publish","type":"page","link":"https:\/\/www.sharespine.com\/sv\/dagsavslut-av-zettle-by-paypal-till-fortnox\/","title":{"rendered":"Dagsavslut av Zettle by PayPal till Fortnox"},"content":{"rendered":"<p>[et_pb_section fb_built=&#8221;1&#8243; module_class=&#8221;integration-page-wrapper&#8221; _builder_version=&#8221;4.16&#8243; _module_preset=&#8221;default&#8221; custom_margin=&#8221;||0px||false|false&#8221; custom_padding=&#8221;||80px||false|false&#8221; da_disable_devices=&#8221;off|off|off&#8221; global_colors_info=&#8221;{}&#8221; da_is_popup=&#8221;off&#8221; da_exit_intent=&#8221;off&#8221; da_has_close=&#8221;on&#8221; da_alt_close=&#8221;off&#8221; da_dark_close=&#8221;off&#8221; da_not_modal=&#8221;on&#8221; da_is_singular=&#8221;off&#8221; da_with_loader=&#8221;off&#8221; da_has_shadow=&#8221;on&#8221;][et_pb_row column_structure=&#8221;1_2,1_2&#8243; use_custom_gutter=&#8221;on&#8221; gutter_width=&#8221;1&#8243; make_equal=&#8221;on&#8221; module_class=&#8221;embedded-header&#8221; _builder_version=&#8221;4.16&#8243; _module_preset=&#8221;default&#8221; max_width=&#8221;1240px&#8221; custom_padding=&#8221;||60px||false|false&#8221; global_colors_info=&#8221;{}&#8221;][et_pb_column type=&#8221;1_2&#8243; _builder_version=&#8221;4.16&#8243; _module_preset=&#8221;default&#8221; custom_css_main_element=&#8221;align-self: center;||padding-right: 40px;&#8221; global_colors_info=&#8221;{}&#8221;][et_pb_image src=&#8221;https:\/\/www.sharespine.com\/wp-content\/uploads\/2021\/12\/sie-visma-1.png&#8221; title_text=&#8221;sie-visma&#8221; disabled_on=&#8221;off|off|on&#8221; _builder_version=&#8221;4.16&#8243; _module_preset=&#8221;default&#8221; custom_css_main_element=&#8221;margin-bottom: 20px;&#8221; global_colors_info=&#8221;{}&#8221;][\/et_pb_image][et_pb_text admin_label=&#8221;Title&#8221; _builder_version=&#8221;4.16&#8243; _module_preset=&#8221;default&#8221; global_colors_info=&#8221;{}&#8221;]<\/p>\n<h1 style=\"line-height: 1.2 !important;\"><strong>Dagsavslut <br \/>Zettle by PayPal <br \/>f\u00f6r Fortnox<\/strong><\/h1>\n<p>[\/et_pb_text][et_pb_text admin_label=&#8221;Excerpt&#8221; module_class=&#8221;body-grey&#8221; _builder_version=&#8221;4.16&#8243; _module_preset=&#8221;default&#8221; global_colors_info=&#8221;{}&#8221;]<\/p>\n<p><strong>F\u00f6renkla din vardag med ett integrerat system som kopplar samman ditt kassasystem och ditt bokf\u00f6ringsprogram.<\/strong> <\/p>\n<p>Integrationen \u00e4r enkel och smidig att s\u00e4tta upp, och n\u00e4r du har <a title=\"\" href=\"https:\/\/www.fortnox.se\/kopplingar\/applikation\/zettle-by-paypal\/zettle-by-paypal\/\" target=\"_blank\" rel=\"noopener\">kopplat ditt Fortnox-konto<\/a> och st\u00e4llt in \u00f6nskad konfiguration kommer Zettle b\u00f6rja importera f\u00f6rs\u00e4ljningsdata dagligen till Fortnox. Tj\u00e4nsten \u00e4r gratis och en del av <a title=\"\" href=\"https:\/\/www.zettle.com\/se\/integrationer\/bokforing\/fortnox\" target=\"_blank\" rel=\"noopener\">Zettle by PayPal<\/a> erbjudande f\u00f6r sina kunder.<\/p>\n<p>Sharespine har byggt och underh\u00e5ller tj\u00e4nsten som en del av v\u00e5rt <a href=\"\/sv\/embedded\/\">embedded erbjudande<\/a> till andra SaaS system.<\/p>\n<p>[\/et_pb_text][\/et_pb_column][et_pb_column type=&#8221;1_2&#8243; module_class=&#8221;header-logos&#8221; _builder_version=&#8221;4.16&#8243; _module_preset=&#8221;default&#8221; custom_css_main_element=&#8221;padding: 30px;&#8221; global_colors_info=&#8221;{}&#8221;][et_pb_image src=&#8221;https:\/\/www.sharespine.com\/wp-content\/uploads\/2023\/03\/zettlefortnox.png&#8221; alt=&#8221;Zettle Fortnox&#8221; title_text=&#8221;Zettle Fortnox&#8221; disabled_on=&#8221;on|off|off&#8221; module_class=&#8221;dual-logo&#8221; _builder_version=&#8221;4.19.5&#8243; _module_preset=&#8221;default&#8221; global_colors_info=&#8221;{}&#8221;][\/et_pb_image][\/et_pb_column][\/et_pb_row][\/et_pb_section][et_pb_section fb_built=&#8221;1&#8243; module_class=&#8221;section-header-centered&#8221; _builder_version=&#8221;4.16&#8243; _module_preset=&#8221;default&#8221; da_disable_devices=&#8221;off|off|off&#8221; global_colors_info=&#8221;{}&#8221; da_is_popup=&#8221;off&#8221; da_exit_intent=&#8221;off&#8221; da_has_close=&#8221;on&#8221; da_alt_close=&#8221;off&#8221; da_dark_close=&#8221;off&#8221; da_not_modal=&#8221;on&#8221; da_is_singular=&#8221;off&#8221; da_with_loader=&#8221;off&#8221; da_has_shadow=&#8221;on&#8221;][et_pb_row _builder_version=&#8221;4.16&#8243; _module_preset=&#8221;default&#8221; global_colors_info=&#8221;{}&#8221;][et_pb_column type=&#8221;4_4&#8243; _builder_version=&#8221;4.16&#8243; _module_preset=&#8221;default&#8221; global_colors_info=&#8221;{}&#8221;][et_pb_text _builder_version=&#8221;4.16&#8243; _module_preset=&#8221;default&#8221; global_colors_info=&#8221;{}&#8221;]<\/p>\n<h2>Vill du veta mer om hur man bokf\u00f6r Zettle by Paypal till Fortnox?<\/h2>\n<p>[\/et_pb_text][et_pb_code _builder_version=&#8221;4.16&#8243; _module_preset=&#8221;default&#8221; global_colors_info=&#8221;{}&#8221;]<a href=\"https:\/\/www.zettle.com\/se\/integrationer\/bokforing\/fortnox\" target=\"_blank\" rel=\"noopener\" class=\"primary-cta\">L\u00e4s mer hos Zettle<\/a>[\/et_pb_code][\/et_pb_column][\/et_pb_row][\/et_pb_section][et_pb_section fb_built=&#8221;1&#8243; fullwidth=&#8221;on&#8221; disabled_on=&#8221;off|off|off&#8221; admin_label=&#8221;Sektion&#8221; module_class=&#8221;hero-backdrop&#8221; _builder_version=&#8221;4.14.2&#8243; _module_preset=&#8221;default&#8221; da_disable_devices=&#8221;off|off|off&#8221; global_module=&#8221;30329&#8243; collapsed=&#8221;off&#8221; global_colors_info=&#8221;{}&#8221; da_is_popup=&#8221;off&#8221; da_exit_intent=&#8221;off&#8221; da_has_close=&#8221;on&#8221; da_alt_close=&#8221;off&#8221; da_dark_close=&#8221;off&#8221; da_not_modal=&#8221;on&#8221; da_is_singular=&#8221;off&#8221; da_with_loader=&#8221;off&#8221; da_has_shadow=&#8221;on&#8221;][et_pb_fullwidth_code module_class=&#8221;hero1&#8243; _builder_version=&#8221;4.16&#8243; _module_preset=&#8221;default&#8221; global_colors_info=&#8221;{}&#8221;][\/et_pb_fullwidth_code][\/et_pb_section]<\/p>\n","protected":false},"excerpt":{"rendered":"<p>Dagsavslut Zettle by PayPal f\u00f6r FortnoxF\u00f6renkla din vardag med ett integrerat system som kopplar samman ditt kassasystem och ditt bokf\u00f6ringsprogram. Integrationen \u00e4r enkel och smidig att s\u00e4tta upp, och n\u00e4r du har kopplat ditt Fortnox-konto och st\u00e4llt in \u00f6nskad konfiguration kommer Zettle b\u00f6rja importera f\u00f6rs\u00e4ljningsdata dagligen till Fortnox. Tj\u00e4nsten \u00e4r gratis och en del av [&hellip;]<\/p>\n","protected":false},"author":11,"featured_media":42360,"parent":0,"menu_order":0,"comment_status":"closed","ping_status":"closed","template":"","meta":{"_acf_changed":false,"_et_pb_use_builder":"on","_et_pb_old_content":"","_et_gb_content_width":"","content-type":"","footnotes":""},"categories":[355,256,257,261],"tags":[],"class_list":["post-34950","page","type-page","status-publish","has-post-thumbnail","hentry","category-appaccounting","category-applikationer","category-dagsavslut","category-fortnox"],"acf":[],"yoast_head":"<!-- This site is optimized with the Yoast SEO Premium plugin v26.2 (Yoast SEO v27.4) - https:\/\/yoast.com\/product\/yoast-seo-premium-wordpress\/ -->\n<title>Dagsavslut av Zettle by PayPal till Fortnox - Sharespine<\/title>\n<meta name=\"description\" content=\"Effektivisera ditt dagsavslut med Zettle by PayPal f\u00f6r Fortnox. Gratis integration mellan f\u00f6r ditt kassasystem och ditt bokf\u00f6ringsprogram.\" \/>\n<meta name=\"robots\" content=\"index, follow, max-snippet:-1, max-image-preview:large, max-video-preview:-1\" \/>\n<link rel=\"canonical\" href=\"https:\/\/www.sharespine.com\/sv\/dagsavslut-av-zettle-by-paypal-till-fortnox\/\" \/>\n<meta property=\"og:locale\" content=\"sv_SE\" \/>\n<meta property=\"og:type\" content=\"article\" \/>\n<meta property=\"og:title\" content=\"Dagsavslut av Zettle by PayPal till Fortnox\" \/>\n<meta property=\"og:description\" content=\"Effektivisera ditt dagsavslut med Zettle by PayPal f\u00f6r Fortnox. Gratis integration mellan f\u00f6r ditt kassasystem och ditt bokf\u00f6ringsprogram.\" \/>\n<meta property=\"og:url\" content=\"https:\/\/www.sharespine.com\/sv\/dagsavslut-av-zettle-by-paypal-till-fortnox\/\" \/>\n<meta property=\"og:site_name\" content=\"Sharespine\" \/>\n<meta property=\"article:publisher\" content=\"https:\/\/www.facebook.com\/sharespine\" \/>\n<meta property=\"article:modified_time\" content=\"2025-05-06T08:33:36+00:00\" \/>\n<meta property=\"og:image\" content=\"https:\/\/www.sharespine.com\/wp-content\/uploads\/2023\/03\/zettlefortnox.png\" \/>\n\t<meta property=\"og:image:width\" content=\"600\" \/>\n\t<meta property=\"og:image:height\" content=\"274\" \/>\n\t<meta property=\"og:image:type\" content=\"image\/png\" \/>\n<meta name=\"twitter:card\" content=\"summary_large_image\" \/>\n<meta name=\"twitter:label1\" content=\"Ber\u00e4knad l\u00e4stid\" \/>\n\t<meta name=\"twitter:data1\" content=\"2 minuter\" \/>\n<script type=\"application\/ld+json\" class=\"yoast-schema-graph\">{\"@context\":\"https:\\\/\\\/schema.org\",\"@graph\":[{\"@type\":\"WebPage\",\"@id\":\"https:\\\/\\\/www.sharespine.com\\\/sv\\\/dagsavslut-av-zettle-by-paypal-till-fortnox\\\/\",\"url\":\"https:\\\/\\\/www.sharespine.com\\\/sv\\\/dagsavslut-av-zettle-by-paypal-till-fortnox\\\/\",\"name\":\"Dagsavslut av Zettle by PayPal till Fortnox - Sharespine\",\"isPartOf\":{\"@id\":\"https:\\\/\\\/www.sharespine.com\\\/sv\\\/#website\"},\"primaryImageOfPage\":{\"@id\":\"https:\\\/\\\/www.sharespine.com\\\/sv\\\/dagsavslut-av-zettle-by-paypal-till-fortnox\\\/#primaryimage\"},\"image\":{\"@id\":\"https:\\\/\\\/www.sharespine.com\\\/sv\\\/dagsavslut-av-zettle-by-paypal-till-fortnox\\\/#primaryimage\"},\"thumbnailUrl\":\"https:\\\/\\\/www.sharespine.com\\\/wp-content\\\/uploads\\\/2023\\\/03\\\/zettlefortnox.png\",\"datePublished\":\"2022-01-13T15:10:08+00:00\",\"dateModified\":\"2025-05-06T08:33:36+00:00\",\"description\":\"Effektivisera ditt dagsavslut med Zettle by PayPal f\u00f6r Fortnox. Gratis integration mellan f\u00f6r ditt kassasystem och ditt bokf\u00f6ringsprogram.\",\"breadcrumb\":{\"@id\":\"https:\\\/\\\/www.sharespine.com\\\/sv\\\/dagsavslut-av-zettle-by-paypal-till-fortnox\\\/#breadcrumb\"},\"inLanguage\":\"sv-SE\",\"potentialAction\":[{\"@type\":\"ReadAction\",\"target\":[\"https:\\\/\\\/www.sharespine.com\\\/sv\\\/dagsavslut-av-zettle-by-paypal-till-fortnox\\\/\"]}]},{\"@type\":\"ImageObject\",\"inLanguage\":\"sv-SE\",\"@id\":\"https:\\\/\\\/www.sharespine.com\\\/sv\\\/dagsavslut-av-zettle-by-paypal-till-fortnox\\\/#primaryimage\",\"url\":\"https:\\\/\\\/www.sharespine.com\\\/wp-content\\\/uploads\\\/2023\\\/03\\\/zettlefortnox.png\",\"contentUrl\":\"https:\\\/\\\/www.sharespine.com\\\/wp-content\\\/uploads\\\/2023\\\/03\\\/zettlefortnox.png\",\"width\":600,\"height\":274,\"caption\":\"Zettle Fortnox\"},{\"@type\":\"BreadcrumbList\",\"@id\":\"https:\\\/\\\/www.sharespine.com\\\/sv\\\/dagsavslut-av-zettle-by-paypal-till-fortnox\\\/#breadcrumb\",\"itemListElement\":[{\"@type\":\"ListItem\",\"position\":1,\"name\":\"Hem\",\"item\":\"https:\\\/\\\/www.sharespine.com\\\/sv\\\/\"},{\"@type\":\"ListItem\",\"position\":2,\"name\":\"Dagsavslut av Zettle by PayPal till Fortnox\"}]},{\"@type\":\"WebSite\",\"@id\":\"https:\\\/\\\/www.sharespine.com\\\/sv\\\/#website\",\"url\":\"https:\\\/\\\/www.sharespine.com\\\/sv\\\/\",\"name\":\"Sharespine\",\"description\":\"Integrationsplattform f\u00f6r e-handel &amp; bokf\u00f6ring\",\"publisher\":{\"@id\":\"https:\\\/\\\/www.sharespine.com\\\/sv\\\/#organization\"},\"potentialAction\":[{\"@type\":\"SearchAction\",\"target\":{\"@type\":\"EntryPoint\",\"urlTemplate\":\"https:\\\/\\\/www.sharespine.com\\\/sv\\\/?s={search_term_string}\"},\"query-input\":{\"@type\":\"PropertyValueSpecification\",\"valueRequired\":true,\"valueName\":\"search_term_string\"}}],\"inLanguage\":\"sv-SE\"},{\"@type\":\"Organization\",\"@id\":\"https:\\\/\\\/www.sharespine.com\\\/sv\\\/#organization\",\"name\":\"Sharespine AB\",\"url\":\"https:\\\/\\\/www.sharespine.com\\\/sv\\\/\",\"logo\":{\"@type\":\"ImageObject\",\"inLanguage\":\"sv-SE\",\"@id\":\"https:\\\/\\\/www.sharespine.com\\\/sv\\\/#\\\/schema\\\/logo\\\/image\\\/\",\"url\":\"https:\\\/\\\/www.sharespine.com\\\/wp-content\\\/uploads\\\/2022\\\/11\\\/logo-default.png\",\"contentUrl\":\"https:\\\/\\\/www.sharespine.com\\\/wp-content\\\/uploads\\\/2022\\\/11\\\/logo-default.png\",\"width\":700,\"height\":153,\"caption\":\"Sharespine AB\"},\"image\":{\"@id\":\"https:\\\/\\\/www.sharespine.com\\\/sv\\\/#\\\/schema\\\/logo\\\/image\\\/\"},\"sameAs\":[\"https:\\\/\\\/www.facebook.com\\\/sharespine\",\"https:\\\/\\\/www.linkedin.com\\\/company\\\/sharespine\\\/\",\"https:\\\/\\\/www.instagram.com\\\/sharespine\\\/\"]}]}<\/script>\n<!-- \/ Yoast SEO Premium plugin. -->","yoast_head_json":{"title":"Dagsavslut av Zettle by PayPal till Fortnox - Sharespine","description":"Effektivisera ditt dagsavslut med Zettle by PayPal f\u00f6r Fortnox. Gratis integration mellan f\u00f6r ditt kassasystem och ditt bokf\u00f6ringsprogram.","robots":{"index":"index","follow":"follow","max-snippet":"max-snippet:-1","max-image-preview":"max-image-preview:large","max-video-preview":"max-video-preview:-1"},"canonical":"https:\/\/www.sharespine.com\/sv\/dagsavslut-av-zettle-by-paypal-till-fortnox\/","og_locale":"sv_SE","og_type":"article","og_title":"Dagsavslut av Zettle by PayPal till Fortnox","og_description":"Effektivisera ditt dagsavslut med Zettle by PayPal f\u00f6r Fortnox. Gratis integration mellan f\u00f6r ditt kassasystem och ditt bokf\u00f6ringsprogram.","og_url":"https:\/\/www.sharespine.com\/sv\/dagsavslut-av-zettle-by-paypal-till-fortnox\/","og_site_name":"Sharespine","article_publisher":"https:\/\/www.facebook.com\/sharespine","article_modified_time":"2025-05-06T08:33:36+00:00","og_image":[{"width":600,"height":274,"url":"https:\/\/www.sharespine.com\/wp-content\/uploads\/2023\/03\/zettlefortnox.png","type":"image\/png"}],"twitter_card":"summary_large_image","twitter_misc":{"Ber\u00e4knad l\u00e4stid":"2 minuter"},"schema":{"@context":"https:\/\/schema.org","@graph":[{"@type":"WebPage","@id":"https:\/\/www.sharespine.com\/sv\/dagsavslut-av-zettle-by-paypal-till-fortnox\/","url":"https:\/\/www.sharespine.com\/sv\/dagsavslut-av-zettle-by-paypal-till-fortnox\/","name":"Dagsavslut av Zettle by PayPal till Fortnox - Sharespine","isPartOf":{"@id":"https:\/\/www.sharespine.com\/sv\/#website"},"primaryImageOfPage":{"@id":"https:\/\/www.sharespine.com\/sv\/dagsavslut-av-zettle-by-paypal-till-fortnox\/#primaryimage"},"image":{"@id":"https:\/\/www.sharespine.com\/sv\/dagsavslut-av-zettle-by-paypal-till-fortnox\/#primaryimage"},"thumbnailUrl":"https:\/\/www.sharespine.com\/wp-content\/uploads\/2023\/03\/zettlefortnox.png","datePublished":"2022-01-13T15:10:08+00:00","dateModified":"2025-05-06T08:33:36+00:00","description":"Effektivisera ditt dagsavslut med Zettle by PayPal f\u00f6r Fortnox. Gratis integration mellan f\u00f6r ditt kassasystem och ditt bokf\u00f6ringsprogram.","breadcrumb":{"@id":"https:\/\/www.sharespine.com\/sv\/dagsavslut-av-zettle-by-paypal-till-fortnox\/#breadcrumb"},"inLanguage":"sv-SE","potentialAction":[{"@type":"ReadAction","target":["https:\/\/www.sharespine.com\/sv\/dagsavslut-av-zettle-by-paypal-till-fortnox\/"]}]},{"@type":"ImageObject","inLanguage":"sv-SE","@id":"https:\/\/www.sharespine.com\/sv\/dagsavslut-av-zettle-by-paypal-till-fortnox\/#primaryimage","url":"https:\/\/www.sharespine.com\/wp-content\/uploads\/2023\/03\/zettlefortnox.png","contentUrl":"https:\/\/www.sharespine.com\/wp-content\/uploads\/2023\/03\/zettlefortnox.png","width":600,"height":274,"caption":"Zettle Fortnox"},{"@type":"BreadcrumbList","@id":"https:\/\/www.sharespine.com\/sv\/dagsavslut-av-zettle-by-paypal-till-fortnox\/#breadcrumb","itemListElement":[{"@type":"ListItem","position":1,"name":"Hem","item":"https:\/\/www.sharespine.com\/sv\/"},{"@type":"ListItem","position":2,"name":"Dagsavslut av Zettle by PayPal till Fortnox"}]},{"@type":"WebSite","@id":"https:\/\/www.sharespine.com\/sv\/#website","url":"https:\/\/www.sharespine.com\/sv\/","name":"Sharespine","description":"Integrationsplattform f\u00f6r e-handel &amp; bokf\u00f6ring","publisher":{"@id":"https:\/\/www.sharespine.com\/sv\/#organization"},"potentialAction":[{"@type":"SearchAction","target":{"@type":"EntryPoint","urlTemplate":"https:\/\/www.sharespine.com\/sv\/?s={search_term_string}"},"query-input":{"@type":"PropertyValueSpecification","valueRequired":true,"valueName":"search_term_string"}}],"inLanguage":"sv-SE"},{"@type":"Organization","@id":"https:\/\/www.sharespine.com\/sv\/#organization","name":"Sharespine AB","url":"https:\/\/www.sharespine.com\/sv\/","logo":{"@type":"ImageObject","inLanguage":"sv-SE","@id":"https:\/\/www.sharespine.com\/sv\/#\/schema\/logo\/image\/","url":"https:\/\/www.sharespine.com\/wp-content\/uploads\/2022\/11\/logo-default.png","contentUrl":"https:\/\/www.sharespine.com\/wp-content\/uploads\/2022\/11\/logo-default.png","width":700,"height":153,"caption":"Sharespine AB"},"image":{"@id":"https:\/\/www.sharespine.com\/sv\/#\/schema\/logo\/image\/"},"sameAs":["https:\/\/www.facebook.com\/sharespine","https:\/\/www.linkedin.com\/company\/sharespine\/","https:\/\/www.instagram.com\/sharespine\/"]}]}},"_links":{"self":[{"href":"https:\/\/www.sharespine.com\/sv\/wp-json\/wp\/v2\/pages\/34950","targetHints":{"allow":["GET"]}}],"collection":[{"href":"https:\/\/www.sharespine.com\/sv\/wp-json\/wp\/v2\/pages"}],"about":[{"href":"https:\/\/www.sharespine.com\/sv\/wp-json\/wp\/v2\/types\/page"}],"author":[{"embeddable":true,"href":"https:\/\/www.sharespine.com\/sv\/wp-json\/wp\/v2\/users\/11"}],"replies":[{"embeddable":true,"href":"https:\/\/www.sharespine.com\/sv\/wp-json\/wp\/v2\/comments?post=34950"}],"version-history":[{"count":10,"href":"https:\/\/www.sharespine.com\/sv\/wp-json\/wp\/v2\/pages\/34950\/revisions"}],"predecessor-version":[{"id":45766,"href":"https:\/\/www.sharespine.com\/sv\/wp-json\/wp\/v2\/pages\/34950\/revisions\/45766"}],"wp:featuredmedia":[{"embeddable":true,"href":"https:\/\/www.sharespine.com\/sv\/wp-json\/wp\/v2\/media\/42360"}],"wp:attachment":[{"href":"https:\/\/www.sharespine.com\/sv\/wp-json\/wp\/v2\/media?parent=34950"}],"wp:term":[{"taxonomy":"category","embeddable":true,"href":"https:\/\/www.sharespine.com\/sv\/wp-json\/wp\/v2\/categories?post=34950"},{"taxonomy":"post_tag","embeddable":true,"href":"https:\/\/www.sharespine.com\/sv\/wp-json\/wp\/v2\/tags?post=34950"}],"curies":[{"name":"wp","href":"https:\/\/api.w.org\/{rel}","templated":true}]}}