{"id":4185,"date":"2018-03-14T16:53:16","date_gmt":"2018-03-14T15:53:16","guid":{"rendered":"http:\/\/dd.dev-sharespine.se\/?page_id=4185"},"modified":"2025-10-02T10:24:36","modified_gmt":"2025-10-02T08:24:36","slug":"prestashop","status":"publish","type":"page","link":"https:\/\/www.sharespine.com\/sv\/anslutna-system\/e-handelssystem\/prestashop\/","title":{"rendered":"Prestashop integrationer e-handel &#038; bokf\u00f6ring"},"content":{"rendered":"<p>[et_pb_section fb_built=&#8221;1&#8243; module_class=&#8221;connector-config-block&#8221; _builder_version=&#8221;4.16&#8243; background_enable_color=&#8221;off&#8221; custom_css_main_element=&#8221;margin-bottom: 0% !important;||padding-top: 0% !important;||padding-bottom: 0% !important;||background: linear-gradient(180deg, #43365f 50%, #fff 50%);&#8221; global_colors_info=&#8221;{}&#8221;][et_pb_row _builder_version=&#8221;4.16&#8243; custom_css_main_element=&#8221;padding-top: 0 !important;&#8221; global_colors_info=&#8221;{}&#8221;][et_pb_column type=&#8221;4_4&#8243; _builder_version=&#8221;4.16&#8243; global_colors_info=&#8221;{}&#8221;][et_pb_code _builder_version=&#8221;4.27.4&#8243; _module_preset=&#8221;default&#8221; hover_enabled=&#8221;0&#8243; sticky_enabled=&#8221;0&#8243;]<\/p>\n<div class=\"calculator-text-header\"><!-- [et_pb_line_break_holder] -->\t<\/p>\n<h2><!-- [et_pb_line_break_holder] -->\tVilka system vill du koppla ihop med <!-- [et_pb_line_break_holder] -->\t<span>Prestashop<\/span>?<!-- [et_pb_line_break_holder] -->\t<\/h2>\n<p><!-- [et_pb_line_break_holder] -->\t<pee><!-- [et_pb_line_break_holder] -->\tFyll i kalkylatorn och l\u00e5t v\u00e5ra r\u00e5dgivare ta fram ett kostnadsfritt l\u00f6sningsf\u00f6rslag.<!-- [et_pb_line_break_holder] -->\t<\/pee><!-- [et_pb_line_break_holder] --><\/div>\n<p>[\/et_pb_code][et_pb_code _builder_version=&#8221;4.16&#8243; global_colors_info=&#8221;{}&#8221;]<div id=\"mount\"><\/div><div id=\"mountlocation\" style=\"display:none;\">#mount<\/div><div id=\"connectortype\" style=\"display:none;\">ecom-prestashop<\/div><div id=\"language\" style=\"display:none;\">sv<\/div><div id=\"locked_ecom\" style=\"display:none;\"><\/div><div id=\"locked_pos\" style=\"display:none;\"><\/div><div id=\"locked_erp\" style=\"display:none;\"><\/div><div id=\"locked_payment\" style=\"display:none;\"><\/div><div id=\"locked_logistic\" style=\"display:none;\"><\/div><div id=\"locked_marketplace\" style=\"display:none;\"><\/div><div id=\"locked_source\" style=\"display:none;\"><\/div><div id=\"locked_currency\" style=\"display:none;\"><\/div><div id=\"connConfig\" style=\"display:none;\"><\/div>[\/et_pb_code][\/et_pb_column][\/et_pb_row][\/et_pb_section][et_pb_section fb_built=&#8221;1&#8243; disabled_on=&#8221;off|off|off&#8221; admin_label=&#8221;1:1 Prestashop l\u00e4nkar&#8221; module_class=&#8221;conn-description-link-wrapper &#8221; _builder_version=&#8221;4.24.0&#8243; _module_preset=&#8221;default&#8221; width=&#8221;90%&#8221; max_width=&#8221;1040px&#8221; module_alignment=&#8221;center&#8221; custom_margin=&#8221;60px||50px||false|false&#8221; custom_padding=&#8221;30px||16px||false|false&#8221; global_module=&#8221;50214&#8243; global_colors_info=&#8221;{}&#8221;][et_pb_row disabled_on=&#8221;off|off|off&#8221; _builder_version=&#8221;4.24.0&#8243; _module_preset=&#8221;default&#8221; width=&#8221;100%&#8221; custom_margin=&#8221;0px||0px||false|false&#8221; custom_padding=&#8221;0px||0px||false|false&#8221; global_colors_info=&#8221;{}&#8221;][et_pb_column type=&#8221;4_4&#8243; _builder_version=&#8221;4.24.0&#8243; _module_preset=&#8221;default&#8221; global_colors_info=&#8221;{}&#8221;][et_pb_text admin_label=&#8221;1:1 Prestashop Rubrik&#8221; _builder_version=&#8221;4.27.0&#8243; _module_preset=&#8221;default&#8221; custom_padding=&#8221;||24px||false|false&#8221; global_colors_info=&#8221;{}&#8221;]<\/p>\n<h2>Andra <strong>Prestashop integrationer<\/strong> f\u00f6r nordiska kunder och redovisningsbyr\u00e5er<\/h2>\n<p>[\/et_pb_text][\/et_pb_column][\/et_pb_row][et_pb_row column_structure=&#8221;1_3,1_3,1_3&#8243; admin_label=&#8221;LINKS&#8221; module_class=&#8221;link-row&#8221; _builder_version=&#8221;4.24.0&#8243; _module_preset=&#8221;default&#8221; width=&#8221;100%&#8221; custom_margin=&#8221;0px||||false|false&#8221; custom_padding=&#8221;0px||||false|false&#8221; global_colors_info=&#8221;{}&#8221;][et_pb_column type=&#8221;1_3&#8243; _builder_version=&#8221;4.24.0&#8243; _module_preset=&#8221;default&#8221; global_colors_info=&#8221;{}&#8221;][et_pb_text admin_label=&#8221;Prestashop aggregerad bokf\u00f6ring&#8221; module_class=&#8221;link-list-title&#8221; _builder_version=&#8221;4.24.0&#8243; _module_preset=&#8221;default&#8221; custom_margin=&#8221;||||false|false&#8221; custom_padding=&#8221;||||false|false&#8221; global_colors_info=&#8221;{}&#8221;]<\/p>\n<h4>Tj\u00e4nster f\u00f6r aggregerad bokf\u00f6ring<\/h4>\n<p>[\/et_pb_text][et_pb_code admin_label=&#8221;Bokf\u00f6ring i Visma eAccounting&#8221; module_class=&#8221;connector-page-link&#8221; _builder_version=&#8221;4.24.0&#8243; _module_preset=&#8221;default&#8221; link_option_url=&#8221;\/sv\/anslutna-system\/e-handelssystem\/prestashop\/?plan=accounting&#038;billing=annually&#038;con=erp-vismaeaccounting&#038;con=ecom-prestashop&#038;oss=false&#8221; global_colors_info=&#8221;{}&#8221;]Bokf\u00f6ring i Visma eAccounting <i class=\"fa-solid fa-chevron-right\"><\/i>[\/et_pb_code][et_pb_code admin_label=&#8221;Bokf\u00f6ring i Bjorn Lunden&#8221; module_class=&#8221;connector-page-link&#8221; _builder_version=&#8221;4.27.0&#8243; _module_preset=&#8221;default&#8221; link_option_url=&#8221;\/sv\/prestashop-bjorn-lunden-bokforing\/&#8221; global_colors_info=&#8221;{}&#8221;]Bokf\u00f6ring i Bjorn Lunden <i class=\"fa-solid fa-chevron-right\"><\/i>[\/et_pb_code][et_pb_code admin_label=&#8221;Bokf\u00f6ring i Fortnox&#8221; module_class=&#8221;connector-page-link&#8221; _builder_version=&#8221;4.24.0&#8243; _module_preset=&#8221;default&#8221; link_option_url=&#8221;\/sv\/anslutna-system\/e-handelssystem\/prestashop\/?plan=accounting&#038;billing=annually&#038;con=erp-fortnox&#038;con=ecom-prestashop&#038;oss=false&#8221; global_colors_info=&#8221;{}&#8221;]Bokf\u00f6ring i Fortnox <i class=\"fa-solid fa-chevron-right\"><\/i>[\/et_pb_code][et_pb_code admin_label=&#8221;Bokf\u00f6ring i e-conomic&#8221; module_class=&#8221;connector-page-link&#8221; _builder_version=&#8221;4.24.0&#8243; _module_preset=&#8221;default&#8221; link_option_url=&#8221;\/sv\/anslutna-system\/e-handelssystem\/prestashop\/?plan=accounting&#038;billing=annually&#038;con=erp-vismaeconomic&#038;con=ecom-prestashop&#038;oss=false&#8221; global_colors_info=&#8221;{}&#8221;]Bokf\u00f6ring i e-conomic <i class=\"fa-solid fa-chevron-right\"><\/i>[\/et_pb_code][et_pb_code admin_label=&#8221;Bokf\u00f6ring i Visma eEkonomi&#8221; module_class=&#8221;connector-page-link&#8221; _builder_version=&#8221;4.24.0&#8243; _module_preset=&#8221;default&#8221; link_option_url=&#8221;\/sv\/anslutna-system\/e-handelssystem\/prestashop\/?plan=accounting&#038;billing=annually&#038;con=erp-vismaeekonomi&#038;con=ecom-prestashop&#038;oss=false&#8221; global_colors_info=&#8221;{}&#8221;]Bokf\u00f6ring i Visma eEkonomi <i class=\"fa-solid fa-chevron-right\"><\/i>[\/et_pb_code][\/et_pb_column][et_pb_column type=&#8221;1_3&#8243; _builder_version=&#8221;4.24.0&#8243; _module_preset=&#8221;default&#8221; global_colors_info=&#8221;{}&#8221;][et_pb_text admin_label=&#8221;Konfigurerbart f\u00f6r Prestashop&#8221; module_class=&#8221;link-list-title&#8221; _builder_version=&#8221;4.24.0&#8243; _module_preset=&#8221;default&#8221; custom_margin=&#8221;||||false|false&#8221; custom_padding=&#8221;||||false|false&#8221; global_colors_info=&#8221;{}&#8221;]<\/p>\n<h4>Konfigurerbart f\u00f6r Prestashop<\/h4>\n<p>[\/et_pb_text][et_pb_code admin_label=&#8221;Prestashop &#038; Fortnox&#8221; module_class=&#8221;connector-page-link&#8221; _builder_version=&#8221;4.24.0&#8243; _module_preset=&#8221;default&#8221; link_option_url=&#8221;\/sv\/prestashop-fortnox\/&#8221; global_colors_info=&#8221;{}&#8221;]Prestashop &#038; Fortnox <i class=\"fa-solid fa-chevron-right\"><\/i>[\/et_pb_code][et_pb_code admin_label=&#8221;Prestashop &#038; Specter&#8221; module_class=&#8221;connector-page-link&#8221; _builder_version=&#8221;4.24.0&#8243; _module_preset=&#8221;default&#8221; link_option_url=&#8221;\/sv\/prestashop-specter\/&#8221; global_colors_info=&#8221;{}&#8221;]Prestashop &#038; Specter <i class=\"fa-solid fa-chevron-right\"><\/i>[\/et_pb_code][et_pb_code admin_label=&#8221;Prestashop &#038; Visma.net&#8221; module_class=&#8221;connector-page-link&#8221; _builder_version=&#8221;4.24.0&#8243; _module_preset=&#8221;default&#8221; link_option_url=&#8221;\/sv\/prestashop-visma-net\/&#8221; global_colors_info=&#8221;{}&#8221;]Prestashop &#038; Visma.net <i class=\"fa-solid fa-chevron-right\"><\/i>[\/et_pb_code][et_pb_code admin_label=&#8221;Prestashop &#038; Visma eEkonomi&#8221; module_class=&#8221;connector-page-link&#8221; _builder_version=&#8221;4.24.0&#8243; _module_preset=&#8221;default&#8221; link_option_url=&#8221;\/sv\/prestashop-visma-eekonomi\/&#8221; global_colors_info=&#8221;{}&#8221;]Prestashop &#038; Visma eEkonomi <i class=\"fa-solid fa-chevron-right\"><\/i>[\/et_pb_code][et_pb_code admin_label=&#8221;Prestashop &#038; Visma Administration&#8221; module_class=&#8221;connector-page-link&#8221; _builder_version=&#8221;4.24.0&#8243; _module_preset=&#8221;default&#8221; link_option_url=&#8221;\/sv\/prestashop-visma-administration\/&#8221; global_colors_info=&#8221;{}&#8221;]Prestashop Visma Administration<i class=\"fa-solid fa-chevron-right\"><\/i>[\/et_pb_code][\/et_pb_column][et_pb_column type=&#8221;1_3&#8243; _builder_version=&#8221;4.24.0&#8243; _module_preset=&#8221;default&#8221; global_colors_info=&#8221;{}&#8221;][et_pb_text admin_label=&#8221;Andra l\u00e4nkar om bokf\u00f6ring&#8221; module_class=&#8221;link-list-title&#8221; _builder_version=&#8221;4.24.0&#8243; _module_preset=&#8221;default&#8221; custom_margin=&#8221;0px||0px||false|false&#8221; custom_padding=&#8221;0px||0px||false|false&#8221; global_colors_info=&#8221;{}&#8221;]<\/p>\n<h4>Andra l\u00e4nkar om bokf\u00f6ring<\/h4>\n<p>[\/et_pb_text][et_pb_code admin_label=&#8221;Runar f\u00f6rklarar bokf\u00f6ring&#8221; module_class=&#8221;connector-page-link&#8221; _builder_version=&#8221;4.24.0&#8243; _module_preset=&#8221;default&#8221; link_option_url=&#8221;\/sv\/connector\/redovisningsbyra\/runar-forklarar-vara-bokforingstjanster\/&#8221; link_option_url_new_window=&#8221;on&#8221; global_colors_info=&#8221;{}&#8221;]Runar f\u00f6rklarar bokf\u00f6ring <i class=\"fa-solid fa-chevron-right\"><\/i>[\/et_pb_code][et_pb_code admin_label=&#8221;Bokf\u00f6ring f\u00f6r butikskassor&#8221; module_class=&#8221;connector-page-link&#8221; _builder_version=&#8221;4.24.0&#8243; _module_preset=&#8221;default&#8221; link_option_url=&#8221;\/sv\/bokforing-for-butikskassa\/&#8221; link_option_url_new_window=&#8221;on&#8221; global_colors_info=&#8221;{}&#8221;]Bokf\u00f6ring f\u00f6r butikskassor <i class=\"fa-solid fa-chevron-right\"><\/i>[\/et_pb_code][et_pb_code admin_label=&#8221;Bokf\u00f6ring f\u00f6r e-handel&#8221; module_class=&#8221;connector-page-link&#8221; _builder_version=&#8221;4.24.0&#8243; _module_preset=&#8221;default&#8221; link_option_url=&#8221;\/sv\/bokforing-for-ehandel\/&#8221; link_option_url_new_window=&#8221;on&#8221; global_colors_info=&#8221;{}&#8221;]Bokf\u00f6ring f\u00f6r e-handel <i class=\"fa-solid fa-chevron-right\"><\/i>[\/et_pb_code][et_pb_code admin_label=&#8221;Bokf\u00f6ring f\u00f6r One Stop Shop&#8221; module_class=&#8221;connector-page-link&#8221; _builder_version=&#8221;4.24.0&#8243; _module_preset=&#8221;default&#8221; link_option_url=&#8221;\/sv\/one-stop-shop-oss\/&#8221; link_option_url_new_window=&#8221;on&#8221; global_colors_info=&#8221;{}&#8221;]Bokf\u00f6ring f\u00f6r One Stop Shop <i class=\"fa-solid fa-chevron-right\"><\/i>[\/et_pb_code][et_pb_code admin_label=&#8221;F\u00f6r Redovisningsbyr\u00e5er&#8221; module_class=&#8221;connector-page-link&#8221; _builder_version=&#8221;4.24.0&#8243; _module_preset=&#8221;default&#8221; link_option_url=&#8221;\/sv\/redovisningsbyra\/&#8221; link_option_url_new_window=&#8221;on&#8221; global_colors_info=&#8221;{}&#8221;]F\u00f6r Redovisningsbyr\u00e5er <i class=\"fa-solid fa-chevron-right\"><\/i>[\/et_pb_code][\/et_pb_column][\/et_pb_row][\/et_pb_section]<\/p>\n","protected":false},"excerpt":{"rendered":"<p>Kommer Q4<\/p>\n","protected":false},"author":11,"featured_media":3227,"parent":4454,"menu_order":0,"comment_status":"closed","ping_status":"closed","template":"","meta":{"_acf_changed":false,"_et_pb_use_builder":"on","_et_pb_old_content":"","_et_gb_content_width":"","content-type":"","footnotes":""},"categories":[155,343,158],"tags":[],"class_list":["post-4185","page","type-page","status-publish","has-post-thumbnail","hentry","category-connector","category-connectorpage","category-e-handelssystem"],"acf":[],"yoast_head":"<!-- This site is optimized with the Yoast SEO Premium plugin v26.2 (Yoast SEO v27.4) - https:\/\/yoast.com\/product\/yoast-seo-premium-wordpress\/ -->\n<title>Prestashop integrationer e-handel &amp; bokf\u00f6ring<\/title>\n<meta name=\"description\" content=\"Prestashop integrationer i Sharespines plattform f\u00f6r bokf\u00f6ring och avst\u00e4mning av din betalleverant\u00f6rer i ditt ekonomisystem\" \/>\n<meta name=\"robots\" content=\"index, follow, max-snippet:-1, max-image-preview:large, max-video-preview:-1\" \/>\n<link rel=\"canonical\" href=\"https:\/\/www.sharespine.com\/sv\/anslutna-system\/e-handelssystem\/prestashop\/\" \/>\n<meta property=\"og:locale\" content=\"sv_SE\" \/>\n<meta property=\"og:type\" content=\"article\" \/>\n<meta property=\"og:title\" content=\"Prestashop integrationer e-handel &amp; bokf\u00f6ring\" \/>\n<meta property=\"og:description\" content=\"Prestashop integrationer i Sharespines plattform f\u00f6r bokf\u00f6ring och avst\u00e4mning av din betalleverant\u00f6rer i ditt ekonomisystem\" \/>\n<meta property=\"og:url\" content=\"https:\/\/www.sharespine.com\/sv\/anslutna-system\/e-handelssystem\/prestashop\/\" \/>\n<meta property=\"og:site_name\" content=\"Sharespine\" \/>\n<meta property=\"article:publisher\" content=\"https:\/\/www.facebook.com\/sharespine\" \/>\n<meta property=\"article:modified_time\" content=\"2025-10-02T08:24:36+00:00\" \/>\n<meta property=\"og:image\" content=\"https:\/\/www.sharespine.com\/wp-content\/uploads\/2022\/03\/sharespine-flow-prestashop.png\" \/>\n\t<meta property=\"og:image:width\" content=\"1144\" \/>\n\t<meta property=\"og:image:height\" content=\"774\" \/>\n\t<meta property=\"og:image:type\" content=\"image\/png\" \/>\n<meta name=\"twitter:card\" content=\"summary_large_image\" \/>\n<meta name=\"twitter:description\" content=\"Prestashop integrationer i Sharespines plattform f\u00f6r bokf\u00f6ring och avst\u00e4mning av din betalleverant\u00f6rer i ditt ekonomisystem\" \/>\n<meta name=\"twitter:label1\" content=\"Ber\u00e4knad l\u00e4stid\" \/>\n\t<meta name=\"twitter:data1\" content=\"1 minut\" \/>\n<script type=\"application\/ld+json\" class=\"yoast-schema-graph\">{\"@context\":\"https:\\\/\\\/schema.org\",\"@graph\":[{\"@type\":\"WebPage\",\"@id\":\"https:\\\/\\\/www.sharespine.com\\\/sv\\\/anslutna-system\\\/e-handelssystem\\\/prestashop\\\/\",\"url\":\"https:\\\/\\\/www.sharespine.com\\\/sv\\\/anslutna-system\\\/e-handelssystem\\\/prestashop\\\/\",\"name\":\"Prestashop integrationer e-handel & bokf\u00f6ring\",\"isPartOf\":{\"@id\":\"https:\\\/\\\/www.sharespine.com\\\/sv\\\/#website\"},\"primaryImageOfPage\":{\"@id\":\"https:\\\/\\\/www.sharespine.com\\\/sv\\\/anslutna-system\\\/e-handelssystem\\\/prestashop\\\/#primaryimage\"},\"image\":{\"@id\":\"https:\\\/\\\/www.sharespine.com\\\/sv\\\/anslutna-system\\\/e-handelssystem\\\/prestashop\\\/#primaryimage\"},\"thumbnailUrl\":\"https:\\\/\\\/www.sharespine.com\\\/wp-content\\\/uploads\\\/2018\\\/03\\\/Prestashop-2-300x200.png\",\"datePublished\":\"2018-03-14T15:53:16+00:00\",\"dateModified\":\"2025-10-02T08:24:36+00:00\",\"description\":\"Prestashop integrationer i Sharespines plattform f\u00f6r bokf\u00f6ring och avst\u00e4mning av din betalleverant\u00f6rer i ditt ekonomisystem\",\"breadcrumb\":{\"@id\":\"https:\\\/\\\/www.sharespine.com\\\/sv\\\/anslutna-system\\\/e-handelssystem\\\/prestashop\\\/#breadcrumb\"},\"inLanguage\":\"sv-SE\",\"potentialAction\":[{\"@type\":\"ReadAction\",\"target\":[\"https:\\\/\\\/www.sharespine.com\\\/sv\\\/anslutna-system\\\/e-handelssystem\\\/prestashop\\\/\"]}]},{\"@type\":\"ImageObject\",\"inLanguage\":\"sv-SE\",\"@id\":\"https:\\\/\\\/www.sharespine.com\\\/sv\\\/anslutna-system\\\/e-handelssystem\\\/prestashop\\\/#primaryimage\",\"url\":\"https:\\\/\\\/www.sharespine.com\\\/wp-content\\\/uploads\\\/2018\\\/03\\\/Prestashop-2-300x200.png\",\"contentUrl\":\"https:\\\/\\\/www.sharespine.com\\\/wp-content\\\/uploads\\\/2018\\\/03\\\/Prestashop-2-300x200.png\",\"width\":300,\"height\":200,\"caption\":\"Prestashop integration f\u00f6r e-handel\"},{\"@type\":\"BreadcrumbList\",\"@id\":\"https:\\\/\\\/www.sharespine.com\\\/sv\\\/anslutna-system\\\/e-handelssystem\\\/prestashop\\\/#breadcrumb\",\"itemListElement\":[{\"@type\":\"ListItem\",\"position\":1,\"name\":\"Hem\",\"item\":\"https:\\\/\\\/www.sharespine.com\\\/sv\\\/\"},{\"@type\":\"ListItem\",\"position\":2,\"name\":\"Anslutna system\",\"item\":\"https:\\\/\\\/www.sharespine.com\\\/sv\\\/anslutna-system\\\/\"},{\"@type\":\"ListItem\",\"position\":3,\"name\":\"Anslutna e-handelsystem\",\"item\":\"https:\\\/\\\/www.sharespine.com\\\/sv\\\/anslutna-system\\\/e-handelssystem\\\/\"},{\"@type\":\"ListItem\",\"position\":4,\"name\":\"Prestashop integrationer e-handel &#038; bokf\u00f6ring\"}]},{\"@type\":\"WebSite\",\"@id\":\"https:\\\/\\\/www.sharespine.com\\\/sv\\\/#website\",\"url\":\"https:\\\/\\\/www.sharespine.com\\\/sv\\\/\",\"name\":\"Sharespine\",\"description\":\"Integrationsplattform f\u00f6r e-handel &amp; bokf\u00f6ring\",\"publisher\":{\"@id\":\"https:\\\/\\\/www.sharespine.com\\\/sv\\\/#organization\"},\"potentialAction\":[{\"@type\":\"SearchAction\",\"target\":{\"@type\":\"EntryPoint\",\"urlTemplate\":\"https:\\\/\\\/www.sharespine.com\\\/sv\\\/?s={search_term_string}\"},\"query-input\":{\"@type\":\"PropertyValueSpecification\",\"valueRequired\":true,\"valueName\":\"search_term_string\"}}],\"inLanguage\":\"sv-SE\"},{\"@type\":\"Organization\",\"@id\":\"https:\\\/\\\/www.sharespine.com\\\/sv\\\/#organization\",\"name\":\"Sharespine AB\",\"url\":\"https:\\\/\\\/www.sharespine.com\\\/sv\\\/\",\"logo\":{\"@type\":\"ImageObject\",\"inLanguage\":\"sv-SE\",\"@id\":\"https:\\\/\\\/www.sharespine.com\\\/sv\\\/#\\\/schema\\\/logo\\\/image\\\/\",\"url\":\"https:\\\/\\\/www.sharespine.com\\\/wp-content\\\/uploads\\\/2022\\\/11\\\/logo-default.png\",\"contentUrl\":\"https:\\\/\\\/www.sharespine.com\\\/wp-content\\\/uploads\\\/2022\\\/11\\\/logo-default.png\",\"width\":700,\"height\":153,\"caption\":\"Sharespine AB\"},\"image\":{\"@id\":\"https:\\\/\\\/www.sharespine.com\\\/sv\\\/#\\\/schema\\\/logo\\\/image\\\/\"},\"sameAs\":[\"https:\\\/\\\/www.facebook.com\\\/sharespine\",\"https:\\\/\\\/www.linkedin.com\\\/company\\\/sharespine\\\/\",\"https:\\\/\\\/www.instagram.com\\\/sharespine\\\/\"]}]}<\/script>\n<!-- \/ Yoast SEO Premium plugin. -->","yoast_head_json":{"title":"Prestashop integrationer e-handel & bokf\u00f6ring","description":"Prestashop integrationer i Sharespines plattform f\u00f6r bokf\u00f6ring och avst\u00e4mning av din betalleverant\u00f6rer i ditt ekonomisystem","robots":{"index":"index","follow":"follow","max-snippet":"max-snippet:-1","max-image-preview":"max-image-preview:large","max-video-preview":"max-video-preview:-1"},"canonical":"https:\/\/www.sharespine.com\/sv\/anslutna-system\/e-handelssystem\/prestashop\/","og_locale":"sv_SE","og_type":"article","og_title":"Prestashop integrationer e-handel & bokf\u00f6ring","og_description":"Prestashop integrationer i Sharespines plattform f\u00f6r bokf\u00f6ring och avst\u00e4mning av din betalleverant\u00f6rer i ditt ekonomisystem","og_url":"https:\/\/www.sharespine.com\/sv\/anslutna-system\/e-handelssystem\/prestashop\/","og_site_name":"Sharespine","article_publisher":"https:\/\/www.facebook.com\/sharespine","article_modified_time":"2025-10-02T08:24:36+00:00","og_image":[{"width":1144,"height":774,"url":"https:\/\/www.sharespine.com\/wp-content\/uploads\/2022\/03\/sharespine-flow-prestashop.png","type":"image\/png"}],"twitter_card":"summary_large_image","twitter_description":"Prestashop integrationer i Sharespines plattform f\u00f6r bokf\u00f6ring och avst\u00e4mning av din betalleverant\u00f6rer i ditt ekonomisystem","twitter_misc":{"Ber\u00e4knad l\u00e4stid":"1 minut"},"schema":{"@context":"https:\/\/schema.org","@graph":[{"@type":"WebPage","@id":"https:\/\/www.sharespine.com\/sv\/anslutna-system\/e-handelssystem\/prestashop\/","url":"https:\/\/www.sharespine.com\/sv\/anslutna-system\/e-handelssystem\/prestashop\/","name":"Prestashop integrationer e-handel & bokf\u00f6ring","isPartOf":{"@id":"https:\/\/www.sharespine.com\/sv\/#website"},"primaryImageOfPage":{"@id":"https:\/\/www.sharespine.com\/sv\/anslutna-system\/e-handelssystem\/prestashop\/#primaryimage"},"image":{"@id":"https:\/\/www.sharespine.com\/sv\/anslutna-system\/e-handelssystem\/prestashop\/#primaryimage"},"thumbnailUrl":"https:\/\/www.sharespine.com\/wp-content\/uploads\/2018\/03\/Prestashop-2-300x200.png","datePublished":"2018-03-14T15:53:16+00:00","dateModified":"2025-10-02T08:24:36+00:00","description":"Prestashop integrationer i Sharespines plattform f\u00f6r bokf\u00f6ring och avst\u00e4mning av din betalleverant\u00f6rer i ditt ekonomisystem","breadcrumb":{"@id":"https:\/\/www.sharespine.com\/sv\/anslutna-system\/e-handelssystem\/prestashop\/#breadcrumb"},"inLanguage":"sv-SE","potentialAction":[{"@type":"ReadAction","target":["https:\/\/www.sharespine.com\/sv\/anslutna-system\/e-handelssystem\/prestashop\/"]}]},{"@type":"ImageObject","inLanguage":"sv-SE","@id":"https:\/\/www.sharespine.com\/sv\/anslutna-system\/e-handelssystem\/prestashop\/#primaryimage","url":"https:\/\/www.sharespine.com\/wp-content\/uploads\/2018\/03\/Prestashop-2-300x200.png","contentUrl":"https:\/\/www.sharespine.com\/wp-content\/uploads\/2018\/03\/Prestashop-2-300x200.png","width":300,"height":200,"caption":"Prestashop integration f\u00f6r e-handel"},{"@type":"BreadcrumbList","@id":"https:\/\/www.sharespine.com\/sv\/anslutna-system\/e-handelssystem\/prestashop\/#breadcrumb","itemListElement":[{"@type":"ListItem","position":1,"name":"Hem","item":"https:\/\/www.sharespine.com\/sv\/"},{"@type":"ListItem","position":2,"name":"Anslutna system","item":"https:\/\/www.sharespine.com\/sv\/anslutna-system\/"},{"@type":"ListItem","position":3,"name":"Anslutna e-handelsystem","item":"https:\/\/www.sharespine.com\/sv\/anslutna-system\/e-handelssystem\/"},{"@type":"ListItem","position":4,"name":"Prestashop integrationer e-handel &#038; bokf\u00f6ring"}]},{"@type":"WebSite","@id":"https:\/\/www.sharespine.com\/sv\/#website","url":"https:\/\/www.sharespine.com\/sv\/","name":"Sharespine","description":"Integrationsplattform f\u00f6r e-handel &amp; bokf\u00f6ring","publisher":{"@id":"https:\/\/www.sharespine.com\/sv\/#organization"},"potentialAction":[{"@type":"SearchAction","target":{"@type":"EntryPoint","urlTemplate":"https:\/\/www.sharespine.com\/sv\/?s={search_term_string}"},"query-input":{"@type":"PropertyValueSpecification","valueRequired":true,"valueName":"search_term_string"}}],"inLanguage":"sv-SE"},{"@type":"Organization","@id":"https:\/\/www.sharespine.com\/sv\/#organization","name":"Sharespine AB","url":"https:\/\/www.sharespine.com\/sv\/","logo":{"@type":"ImageObject","inLanguage":"sv-SE","@id":"https:\/\/www.sharespine.com\/sv\/#\/schema\/logo\/image\/","url":"https:\/\/www.sharespine.com\/wp-content\/uploads\/2022\/11\/logo-default.png","contentUrl":"https:\/\/www.sharespine.com\/wp-content\/uploads\/2022\/11\/logo-default.png","width":700,"height":153,"caption":"Sharespine AB"},"image":{"@id":"https:\/\/www.sharespine.com\/sv\/#\/schema\/logo\/image\/"},"sameAs":["https:\/\/www.facebook.com\/sharespine","https:\/\/www.linkedin.com\/company\/sharespine\/","https:\/\/www.instagram.com\/sharespine\/"]}]}},"_links":{"self":[{"href":"https:\/\/www.sharespine.com\/sv\/wp-json\/wp\/v2\/pages\/4185","targetHints":{"allow":["GET"]}}],"collection":[{"href":"https:\/\/www.sharespine.com\/sv\/wp-json\/wp\/v2\/pages"}],"about":[{"href":"https:\/\/www.sharespine.com\/sv\/wp-json\/wp\/v2\/types\/page"}],"author":[{"embeddable":true,"href":"https:\/\/www.sharespine.com\/sv\/wp-json\/wp\/v2\/users\/11"}],"replies":[{"embeddable":true,"href":"https:\/\/www.sharespine.com\/sv\/wp-json\/wp\/v2\/comments?post=4185"}],"version-history":[{"count":10,"href":"https:\/\/www.sharespine.com\/sv\/wp-json\/wp\/v2\/pages\/4185\/revisions"}],"predecessor-version":[{"id":58695,"href":"https:\/\/www.sharespine.com\/sv\/wp-json\/wp\/v2\/pages\/4185\/revisions\/58695"}],"up":[{"embeddable":true,"href":"https:\/\/www.sharespine.com\/sv\/wp-json\/wp\/v2\/pages\/4454"}],"wp:featuredmedia":[{"embeddable":true,"href":"https:\/\/www.sharespine.com\/sv\/wp-json\/wp\/v2\/media\/3227"}],"wp:attachment":[{"href":"https:\/\/www.sharespine.com\/sv\/wp-json\/wp\/v2\/media?parent=4185"}],"wp:term":[{"taxonomy":"category","embeddable":true,"href":"https:\/\/www.sharespine.com\/sv\/wp-json\/wp\/v2\/categories?post=4185"},{"taxonomy":"post_tag","embeddable":true,"href":"https:\/\/www.sharespine.com\/sv\/wp-json\/wp\/v2\/tags?post=4185"}],"curies":[{"name":"wp","href":"https:\/\/api.w.org\/{rel}","templated":true}]}}