{"id":52003,"date":"2024-08-25T16:22:26","date_gmt":"2024-08-25T14:22:26","guid":{"rendered":"https:\/\/staging.sharespine.com\/?page_id=52003"},"modified":"2024-09-25T11:51:39","modified_gmt":"2024-09-25T09:51:39","slug":"webinar","status":"publish","type":"page","link":"https:\/\/www.sharespine.com\/sv\/webinar\/","title":{"rendered":"Aktuella webinar om v\u00e5ra tj\u00e4nster"},"content":{"rendered":"<p>[et_pb_section fb_built=&#8221;1&#8243; disabled_on=&#8221;on|on|off&#8221; module_class=&#8221;page-top-header&#8221; _builder_version=&#8221;4.27.0&#8243; _module_preset=&#8221;default&#8221; da_disable_devices=&#8221;off|off|off&#8221; global_colors_info=&#8221;{}&#8221; da_is_popup=&#8221;off&#8221; da_exit_intent=&#8221;off&#8221; da_has_close=&#8221;on&#8221; da_alt_close=&#8221;off&#8221; da_dark_close=&#8221;off&#8221; da_not_modal=&#8221;on&#8221; da_is_singular=&#8221;off&#8221; da_with_loader=&#8221;off&#8221; da_has_shadow=&#8221;on&#8221;][et_pb_row module_class=&#8221;header-wrapper&#8221; _builder_version=&#8221;4.25.1&#8243; _module_preset=&#8221;default&#8221; global_colors_info=&#8221;{}&#8221;][et_pb_column type=&#8221;4_4&#8243; _builder_version=&#8221;4.25.1&#8243; _module_preset=&#8221;default&#8221; global_colors_info=&#8221;{}&#8221;][et_pb_code _builder_version=&#8221;4.25.1&#8243; _module_preset=&#8221;default&#8221; global_colors_info=&#8221;{}&#8221;]<\/p>\n<h1 class=\"header-title medium\">Aktuella webinar om v\u00e5ra tj\u00e4nster<\/h1>\n<p><!-- [et_pb_line_break_holder] --><pee class=\"header-body large\"><!-- [et_pb_line_break_holder] -->Ta del av kommande &#038; tidigare webinar kring v\u00e5ra olika tj\u00e4nster kring bokf\u00f6ring och integrationer mellan olika system. Just nu har vi 2 kommande webinar kring v\u00e5rt <a href=\"\/sv\/nyheter\/nytt-verktyg-for-redovisningsbyraer\/\">nya verktyg riktat mot redovisningsbyr\u00e5er<\/a> <i>(\u00e4ven om vertyget \u00e4ven kan anv\u00e4ndas av andra akt\u00f6rer som t.ex olika systemleverant\u00f6rer som vill erbjuda integrationer som en del av sitt erbjudande)<\/i>.<!-- [et_pb_line_break_holder] --><\/pee>[\/et_pb_code][\/et_pb_column][\/et_pb_row][\/et_pb_section][et_pb_section fb_built=&#8221;1&#8243; _builder_version=&#8221;4.27.0&#8243; _module_preset=&#8221;default&#8221; custom_padding=&#8221;||60px||false|false&#8221; da_disable_devices=&#8221;off|off|off&#8221; global_colors_info=&#8221;{}&#8221; da_is_popup=&#8221;off&#8221; da_exit_intent=&#8221;off&#8221; da_has_close=&#8221;on&#8221; da_alt_close=&#8221;off&#8221; da_dark_close=&#8221;off&#8221; da_not_modal=&#8221;on&#8221; da_is_singular=&#8221;off&#8221; da_with_loader=&#8221;off&#8221; da_has_shadow=&#8221;on&#8221;][et_pb_row _builder_version=&#8221;4.25.1&#8243; _module_preset=&#8221;default&#8221; global_colors_info=&#8221;{}&#8221;][et_pb_column type=&#8221;4_4&#8243; _builder_version=&#8221;4.25.1&#8243; _module_preset=&#8221;default&#8221; global_colors_info=&#8221;{}&#8221;][et_pb_text _builder_version=&#8221;4.27.0&#8243; _module_preset=&#8221;default&#8221; hover_enabled=&#8221;0&#8243; global_colors_info=&#8221;{}&#8221; sticky_enabled=&#8221;0&#8243;]<\/p>\n<h4> Aktuella webinar om partnerportalen<\/h4>\n<p>G\u00e5 till respektive webinar och ladda ner en l\u00e4nk[\/et_pb_text][et_pb_code _builder_version=&#8221;4.27.0&#8243; _module_preset=&#8221;default&#8221; link_option_url=&#8221;\/sv\/webinar\/webinar-integrera-och-automatisera-mot-visma-eekonomi\/&#8221; global_colors_info=&#8221;{}&#8221;]<\/p>\n<div class=\"webinar-block\"><!-- [et_pb_line_break_holder] --> \t<img decoding=\"async\" width=\"150\" height=\"150\" data-src=\"https:\/\/www.sharespine.com\/wp-content\/uploads\/2024\/07\/logo-connector-vismaeaccounting-thumbnail.png\" src=\"data:image\/svg+xml;base64,PHN2ZyB3aWR0aD0iMSIgaGVpZ2h0PSIxIiB4bWxucz0iaHR0cDovL3d3dy53My5vcmcvMjAwMC9zdmciPjwvc3ZnPg==\" class=\"lazyload\" style=\"--smush-placeholder-width: 150px; --smush-placeholder-aspect-ratio: 150\/150;\" \/><!-- [et_pb_line_break_holder] -->\t<\/p>\n<div class=\"text-block\"><!-- [et_pb_line_break_holder] -->    <\/p>\n<h3><!-- [et_pb_line_break_holder] -->     F\u00f6r byr\u00e5er som arbetar med Visma eEkonomi<!-- [et_pb_line_break_holder] -->    <\/h3>\n<p><!-- [et_pb_line_break_holder] -->     <span class=\"date\"><!-- [et_pb_line_break_holder] -->     Nu tillg\u00e4ngligt som inspelning<!-- [et_pb_line_break_holder] -->     <\/span><!-- [et_pb_line_break_holder] -->  <\/div>\n<p><!-- [et_pb_line_break_holder] -->  <\/p>\n<div class=\"spacer\"><\/div>\n<p><!-- [et_pb_line_break_holder] -->  <i class=\"fas fa-chevron-right arrow icon-chevron\"><\/i><!-- [et_pb_line_break_holder] --><\/div>\n<p>[\/et_pb_code][et_pb_text disabled_on=&#8221;on|on|on&#8221; _builder_version=&#8221;4.27.0&#8243; _module_preset=&#8221;default&#8221; disabled=&#8221;on&#8221; global_colors_info=&#8221;{}&#8221;]<\/p>\n<p>Tidigare webinar<\/p>\n<p>[\/et_pb_text][et_pb_code _builder_version=&#8221;4.27.0&#8243; _module_preset=&#8221;default&#8221; link_option_url=&#8221;\/sv\/webinar\/webinar-integrera-och-automatisera-mot-fortnox\/&#8221; global_colors_info=&#8221;{}&#8221;]<\/p>\n<div class=\"webinar-block\"><!-- [et_pb_line_break_holder] -->\t<img decoding=\"async\" data-src=\"\/wp-content\/uploads\/2024\/07\/logo-connector-fortnox-thumbnail.png\" src=\"data:image\/svg+xml;base64,PHN2ZyB3aWR0aD0iMSIgaGVpZ2h0PSIxIiB4bWxucz0iaHR0cDovL3d3dy53My5vcmcvMjAwMC9zdmciPjwvc3ZnPg==\" class=\"lazyload\" style=\"--smush-placeholder-width: 150px; --smush-placeholder-aspect-ratio: 150\/150;\" \/><!-- [et_pb_line_break_holder] -->\t<\/p>\n<div class=\"text-block\"><!-- [et_pb_line_break_holder] -->  <\/p>\n<h3><!-- [et_pb_line_break_holder] -->   F\u00f6r byr\u00e5er som arbetar med Fortnox<!-- [et_pb_line_break_holder] -->  <\/h3>\n<p><!-- [et_pb_line_break_holder] -->   <span class=\"date\"><!-- [et_pb_line_break_holder] -->   Nu tillg\u00e4ngligt som inspelning<!-- [et_pb_line_break_holder] -->   <\/span><!-- [et_pb_line_break_holder] -->  <\/div>\n<p><!-- [et_pb_line_break_holder] -->  <\/p>\n<div class=\"spacer\"><\/div>\n<p><!-- [et_pb_line_break_holder] -->  <i class=\"fas fa-chevron-right arrow icon-chevron\"><\/i><!-- [et_pb_line_break_holder] --><\/div>\n<p>[\/et_pb_code][et_pb_code disabled_on=&#8221;on|on|on&#8221; _builder_version=&#8221;4.27.0&#8243; _module_preset=&#8221;default&#8221; link_option_url=&#8221;\/sv\/connector\/redovisningsbyra\/runar-forklarar-vara-bokforingstjanster\/&#8221; disabled=&#8221;on&#8221; global_colors_info=&#8221;{}&#8221;]<\/p>\n<div class=\"webinar-block\"><!-- [et_pb_line_break_holder] --> \t<img decoding=\"async\" width=\"150\" height=\"150\" data-src=\"https:\/\/www.sharespine.com\/wp-content\/uploads\/2024\/07\/logo-connector-vismaeaccounting-thumbnail.png\" src=\"data:image\/svg+xml;base64,PHN2ZyB3aWR0aD0iMSIgaGVpZ2h0PSIxIiB4bWxucz0iaHR0cDovL3d3dy53My5vcmcvMjAwMC9zdmciPjwvc3ZnPg==\" class=\"lazyload\" style=\"--smush-placeholder-width: 150px; --smush-placeholder-aspect-ratio: 150\/150;\" \/><!-- [et_pb_line_break_holder] -->\t<\/p>\n<div class=\"text-block\"><!-- [et_pb_line_break_holder] -->    <\/p>\n<h3><!-- [et_pb_line_break_holder] -->     Runar f\u00f6rklarar v\u00e5ra bokf\u00f6ringstj\u00e4nster<!-- [et_pb_line_break_holder] -->    <\/h3>\n<p><!-- [et_pb_line_break_holder] -->     <span class=\"date\"><!-- [et_pb_line_break_holder] -->     April 2024<!-- [et_pb_line_break_holder] -->     <\/span><!-- [et_pb_line_break_holder] -->\t<\/div>\n<p><!-- [et_pb_line_break_holder] -->  <\/p>\n<div class=\"spacer\"><\/div>\n<p><!-- [et_pb_line_break_holder] -->  <i class=\"fas fa-chevron-right arrow icon-chevron\"><\/i><!-- [et_pb_line_break_holder] --><\/div>\n<p>[\/et_pb_code][\/et_pb_column][\/et_pb_row][\/et_pb_section]<\/p>\n","protected":false},"excerpt":{"rendered":"<p>Aktuella webinar om partnerportalen G\u00e5 till respektive webinar och ladda ner en l\u00e4nkTidigare webinar<\/p>\n","protected":false},"author":11,"featured_media":0,"parent":0,"menu_order":0,"comment_status":"closed","ping_status":"closed","template":"","meta":{"_acf_changed":false,"_et_pb_use_builder":"on","_et_pb_old_content":"","_et_gb_content_width":"","content-type":"","footnotes":""},"categories":[],"tags":[],"class_list":["post-52003","page","type-page","status-publish","hentry"],"acf":[],"yoast_head":"<!-- This site is optimized with the Yoast SEO Premium plugin v26.2 (Yoast SEO v27.2) - https:\/\/yoast.com\/product\/yoast-seo-premium-wordpress\/ -->\n<title>Aktuella webinar om v\u00e5ra tj\u00e4nster<\/title>\n<meta name=\"description\" content=\"Ta del av Sharespines webinarier kring v\u00e5ra olika tj\u00e4nster om automatiserad bokf\u00f6ring och integrationer mellan olika system.\" \/>\n<meta name=\"robots\" content=\"index, follow, max-snippet:-1, max-image-preview:large, max-video-preview:-1\" \/>\n<link rel=\"canonical\" href=\"https:\/\/www.sharespine.com\/sv\/webinar\/\" \/>\n<meta property=\"og:locale\" content=\"sv_SE\" \/>\n<meta property=\"og:type\" content=\"article\" \/>\n<meta property=\"og:title\" content=\"Aktuella webinar om v\u00e5ra tj\u00e4nster\" \/>\n<meta property=\"og:description\" content=\"Ta del av Sharespines webinarier kring v\u00e5ra olika tj\u00e4nster om automatiserad bokf\u00f6ring och integrationer mellan olika system.\" \/>\n<meta property=\"og:url\" content=\"https:\/\/www.sharespine.com\/sv\/webinar\/\" \/>\n<meta property=\"og:site_name\" content=\"Sharespine\" \/>\n<meta property=\"article:publisher\" content=\"https:\/\/www.facebook.com\/sharespine\" \/>\n<meta property=\"article:modified_time\" content=\"2024-09-25T09:51:39+00:00\" \/>\n<meta property=\"og:image\" content=\"https:\/\/www.sharespine.com\/wp-content\/uploads\/2024\/07\/logo-connector-vismaeaccounting-thumbnail.png\" \/>\n<meta name=\"twitter:card\" content=\"summary_large_image\" \/>\n<meta name=\"twitter:label1\" content=\"Ber\u00e4knad l\u00e4stid\" \/>\n\t<meta name=\"twitter:data1\" content=\"1 minut\" \/>\n<script type=\"application\/ld+json\" class=\"yoast-schema-graph\">{\"@context\":\"https:\/\/schema.org\",\"@graph\":[{\"@type\":\"WebPage\",\"@id\":\"https:\/\/www.sharespine.com\/sv\/webinar\/\",\"url\":\"https:\/\/www.sharespine.com\/sv\/webinar\/\",\"name\":\"Aktuella webinar om v\u00e5ra tj\u00e4nster\",\"isPartOf\":{\"@id\":\"https:\/\/www.sharespine.com\/sv\/#website\"},\"primaryImageOfPage\":{\"@id\":\"https:\/\/www.sharespine.com\/sv\/webinar\/#primaryimage\"},\"image\":{\"@id\":\"https:\/\/www.sharespine.com\/sv\/webinar\/#primaryimage\"},\"thumbnailUrl\":\"https:\/\/www.sharespine.com\/wp-content\/uploads\/2024\/07\/logo-connector-vismaeaccounting-thumbnail.png\",\"datePublished\":\"2024-08-25T14:22:26+00:00\",\"dateModified\":\"2024-09-25T09:51:39+00:00\",\"description\":\"Ta del av Sharespines webinarier kring v\u00e5ra olika tj\u00e4nster om automatiserad bokf\u00f6ring och integrationer mellan olika system.\",\"breadcrumb\":{\"@id\":\"https:\/\/www.sharespine.com\/sv\/webinar\/#breadcrumb\"},\"inLanguage\":\"sv-SE\",\"potentialAction\":[{\"@type\":\"ReadAction\",\"target\":[\"https:\/\/www.sharespine.com\/sv\/webinar\/\"]}]},{\"@type\":\"ImageObject\",\"inLanguage\":\"sv-SE\",\"@id\":\"https:\/\/www.sharespine.com\/sv\/webinar\/#primaryimage\",\"url\":\"https:\/\/www.sharespine.com\/wp-content\/uploads\/2024\/07\/logo-connector-vismaeaccounting-thumbnail.png\",\"contentUrl\":\"https:\/\/www.sharespine.com\/wp-content\/uploads\/2024\/07\/logo-connector-vismaeaccounting-thumbnail.png\"},{\"@type\":\"BreadcrumbList\",\"@id\":\"https:\/\/www.sharespine.com\/sv\/webinar\/#breadcrumb\",\"itemListElement\":[{\"@type\":\"ListItem\",\"position\":1,\"name\":\"Hem\",\"item\":\"https:\/\/www.sharespine.com\/sv\/\"},{\"@type\":\"ListItem\",\"position\":2,\"name\":\"Aktuella webinar om v\u00e5ra tj\u00e4nster\"}]},{\"@type\":\"WebSite\",\"@id\":\"https:\/\/www.sharespine.com\/sv\/#website\",\"url\":\"https:\/\/www.sharespine.com\/sv\/\",\"name\":\"Sharespine\",\"description\":\"Integrationsplattform f\u00f6r e-handel &amp; bokf\u00f6ring\",\"publisher\":{\"@id\":\"https:\/\/www.sharespine.com\/sv\/#organization\"},\"potentialAction\":[{\"@type\":\"SearchAction\",\"target\":{\"@type\":\"EntryPoint\",\"urlTemplate\":\"https:\/\/www.sharespine.com\/sv\/?s={search_term_string}\"},\"query-input\":{\"@type\":\"PropertyValueSpecification\",\"valueRequired\":true,\"valueName\":\"search_term_string\"}}],\"inLanguage\":\"sv-SE\"},{\"@type\":\"Organization\",\"@id\":\"https:\/\/www.sharespine.com\/sv\/#organization\",\"name\":\"Sharespine AB\",\"url\":\"https:\/\/www.sharespine.com\/sv\/\",\"logo\":{\"@type\":\"ImageObject\",\"inLanguage\":\"sv-SE\",\"@id\":\"https:\/\/www.sharespine.com\/sv\/#\/schema\/logo\/image\/\",\"url\":\"https:\/\/www.sharespine.com\/wp-content\/uploads\/2022\/11\/logo-default.png\",\"contentUrl\":\"https:\/\/www.sharespine.com\/wp-content\/uploads\/2022\/11\/logo-default.png\",\"width\":700,\"height\":153,\"caption\":\"Sharespine AB\"},\"image\":{\"@id\":\"https:\/\/www.sharespine.com\/sv\/#\/schema\/logo\/image\/\"},\"sameAs\":[\"https:\/\/www.facebook.com\/sharespine\",\"https:\/\/www.linkedin.com\/company\/sharespine\/\",\"https:\/\/www.instagram.com\/sharespine\/\"]}]}<\/script>\n<!-- \/ Yoast SEO Premium plugin. -->","yoast_head_json":{"title":"Aktuella webinar om v\u00e5ra tj\u00e4nster","description":"Ta del av Sharespines webinarier kring v\u00e5ra olika tj\u00e4nster om automatiserad bokf\u00f6ring och integrationer mellan olika system.","robots":{"index":"index","follow":"follow","max-snippet":"max-snippet:-1","max-image-preview":"max-image-preview:large","max-video-preview":"max-video-preview:-1"},"canonical":"https:\/\/www.sharespine.com\/sv\/webinar\/","og_locale":"sv_SE","og_type":"article","og_title":"Aktuella webinar om v\u00e5ra tj\u00e4nster","og_description":"Ta del av Sharespines webinarier kring v\u00e5ra olika tj\u00e4nster om automatiserad bokf\u00f6ring och integrationer mellan olika system.","og_url":"https:\/\/www.sharespine.com\/sv\/webinar\/","og_site_name":"Sharespine","article_publisher":"https:\/\/www.facebook.com\/sharespine","article_modified_time":"2024-09-25T09:51:39+00:00","og_image":[{"url":"https:\/\/www.sharespine.com\/wp-content\/uploads\/2024\/07\/logo-connector-vismaeaccounting-thumbnail.png","type":"","width":"","height":""}],"twitter_card":"summary_large_image","twitter_misc":{"Ber\u00e4knad l\u00e4stid":"1 minut"},"schema":{"@context":"https:\/\/schema.org","@graph":[{"@type":"WebPage","@id":"https:\/\/www.sharespine.com\/sv\/webinar\/","url":"https:\/\/www.sharespine.com\/sv\/webinar\/","name":"Aktuella webinar om v\u00e5ra tj\u00e4nster","isPartOf":{"@id":"https:\/\/www.sharespine.com\/sv\/#website"},"primaryImageOfPage":{"@id":"https:\/\/www.sharespine.com\/sv\/webinar\/#primaryimage"},"image":{"@id":"https:\/\/www.sharespine.com\/sv\/webinar\/#primaryimage"},"thumbnailUrl":"https:\/\/www.sharespine.com\/wp-content\/uploads\/2024\/07\/logo-connector-vismaeaccounting-thumbnail.png","datePublished":"2024-08-25T14:22:26+00:00","dateModified":"2024-09-25T09:51:39+00:00","description":"Ta del av Sharespines webinarier kring v\u00e5ra olika tj\u00e4nster om automatiserad bokf\u00f6ring och integrationer mellan olika system.","breadcrumb":{"@id":"https:\/\/www.sharespine.com\/sv\/webinar\/#breadcrumb"},"inLanguage":"sv-SE","potentialAction":[{"@type":"ReadAction","target":["https:\/\/www.sharespine.com\/sv\/webinar\/"]}]},{"@type":"ImageObject","inLanguage":"sv-SE","@id":"https:\/\/www.sharespine.com\/sv\/webinar\/#primaryimage","url":"https:\/\/www.sharespine.com\/wp-content\/uploads\/2024\/07\/logo-connector-vismaeaccounting-thumbnail.png","contentUrl":"https:\/\/www.sharespine.com\/wp-content\/uploads\/2024\/07\/logo-connector-vismaeaccounting-thumbnail.png"},{"@type":"BreadcrumbList","@id":"https:\/\/www.sharespine.com\/sv\/webinar\/#breadcrumb","itemListElement":[{"@type":"ListItem","position":1,"name":"Hem","item":"https:\/\/www.sharespine.com\/sv\/"},{"@type":"ListItem","position":2,"name":"Aktuella webinar om v\u00e5ra tj\u00e4nster"}]},{"@type":"WebSite","@id":"https:\/\/www.sharespine.com\/sv\/#website","url":"https:\/\/www.sharespine.com\/sv\/","name":"Sharespine","description":"Integrationsplattform f\u00f6r e-handel &amp; bokf\u00f6ring","publisher":{"@id":"https:\/\/www.sharespine.com\/sv\/#organization"},"potentialAction":[{"@type":"SearchAction","target":{"@type":"EntryPoint","urlTemplate":"https:\/\/www.sharespine.com\/sv\/?s={search_term_string}"},"query-input":{"@type":"PropertyValueSpecification","valueRequired":true,"valueName":"search_term_string"}}],"inLanguage":"sv-SE"},{"@type":"Organization","@id":"https:\/\/www.sharespine.com\/sv\/#organization","name":"Sharespine AB","url":"https:\/\/www.sharespine.com\/sv\/","logo":{"@type":"ImageObject","inLanguage":"sv-SE","@id":"https:\/\/www.sharespine.com\/sv\/#\/schema\/logo\/image\/","url":"https:\/\/www.sharespine.com\/wp-content\/uploads\/2022\/11\/logo-default.png","contentUrl":"https:\/\/www.sharespine.com\/wp-content\/uploads\/2022\/11\/logo-default.png","width":700,"height":153,"caption":"Sharespine AB"},"image":{"@id":"https:\/\/www.sharespine.com\/sv\/#\/schema\/logo\/image\/"},"sameAs":["https:\/\/www.facebook.com\/sharespine","https:\/\/www.linkedin.com\/company\/sharespine\/","https:\/\/www.instagram.com\/sharespine\/"]}]}},"_links":{"self":[{"href":"https:\/\/www.sharespine.com\/sv\/wp-json\/wp\/v2\/pages\/52003","targetHints":{"allow":["GET"]}}],"collection":[{"href":"https:\/\/www.sharespine.com\/sv\/wp-json\/wp\/v2\/pages"}],"about":[{"href":"https:\/\/www.sharespine.com\/sv\/wp-json\/wp\/v2\/types\/page"}],"author":[{"embeddable":true,"href":"https:\/\/www.sharespine.com\/sv\/wp-json\/wp\/v2\/users\/11"}],"replies":[{"embeddable":true,"href":"https:\/\/www.sharespine.com\/sv\/wp-json\/wp\/v2\/comments?post=52003"}],"version-history":[{"count":10,"href":"https:\/\/www.sharespine.com\/sv\/wp-json\/wp\/v2\/pages\/52003\/revisions"}],"predecessor-version":[{"id":53270,"href":"https:\/\/www.sharespine.com\/sv\/wp-json\/wp\/v2\/pages\/52003\/revisions\/53270"}],"wp:attachment":[{"href":"https:\/\/www.sharespine.com\/sv\/wp-json\/wp\/v2\/media?parent=52003"}],"wp:term":[{"taxonomy":"category","embeddable":true,"href":"https:\/\/www.sharespine.com\/sv\/wp-json\/wp\/v2\/categories?post=52003"},{"taxonomy":"post_tag","embeddable":true,"href":"https:\/\/www.sharespine.com\/sv\/wp-json\/wp\/v2\/tags?post=52003"}],"curies":[{"name":"wp","href":"https:\/\/api.w.org\/{rel}","templated":true}]}}