{"id":5427,"date":"2018-03-26T15:07:42","date_gmt":"2018-03-26T13:07:42","guid":{"rendered":"http:\/\/dd.dev-sharespine.se\/?page_id=5427"},"modified":"2026-01-20T14:12:47","modified_gmt":"2026-01-20T13:12:47","slug":"fyndiq","status":"publish","type":"page","link":"https:\/\/www.sharespine.com\/sv\/anslutna-system\/marknadsplatser\/fyndiq\/","title":{"rendered":"Fyndiq integrationer webbutiker &#038; ekonomisystem"},"content":{"rendered":"<p>[et_pb_section fb_built=&#8221;1&#8243; module_class=&#8221;connector-config-block&#8221; _builder_version=&#8221;4.16&#8243; background_enable_color=&#8221;off&#8221; custom_css_main_element=&#8221;margin-bottom: 0% !important;||padding-top: 0% !important;||padding-bottom: 0% !important;||background: linear-gradient(180deg, #43365f 50%, #fff 50%);&#8221; global_colors_info=&#8221;{}&#8221;][et_pb_row _builder_version=&#8221;4.16&#8243; custom_css_main_element=&#8221;padding-top: 0 !important;&#8221; global_colors_info=&#8221;{}&#8221;][et_pb_column type=&#8221;4_4&#8243; _builder_version=&#8221;4.16&#8243; global_colors_info=&#8221;{}&#8221;][et_pb_code _builder_version=&#8221;4.27.4&#8243; _module_preset=&#8221;default&#8221; global_colors_info=&#8221;{}&#8221;]<\/p>\n<div class=\"calculator-text-header\"><!-- [et_pb_line_break_holder] -->\t<\/p>\n<h2><!-- [et_pb_line_break_holder] -->\tVilka system vill du koppla ihop med <!-- [et_pb_line_break_holder] -->\t<span>Fyndiq<\/span>?<!-- [et_pb_line_break_holder] -->\t<\/h2>\n<p><!-- [et_pb_line_break_holder] -->\t<pee><!-- [et_pb_line_break_holder] -->\tFyll i kalkylatorn och l\u00e5t v\u00e5ra r\u00e5dgivare ta fram ett kostnadsfritt l\u00f6sningsf\u00f6rslag.<!-- [et_pb_line_break_holder] -->\t<\/pee><!-- [et_pb_line_break_holder] --><\/div>\n<p>[\/et_pb_code][et_pb_code _builder_version=&#8221;4.16&#8243; global_colors_info=&#8221;{}&#8221;]<div id=\"mount\"><\/div><div id=\"mountlocation\" style=\"display:none;\">#mount<\/div><div id=\"connectortype\" style=\"display:none;\">market-fyndiq<\/div><div id=\"language\" style=\"display:none;\">sv<\/div><div id=\"locked_ecom\" style=\"display:none;\"><\/div><div id=\"locked_pos\" style=\"display:none;\"><\/div><div id=\"locked_erp\" style=\"display:none;\"><\/div><div id=\"locked_payment\" style=\"display:none;\"><\/div><div id=\"locked_logistic\" style=\"display:none;\"><\/div><div id=\"locked_marketplace\" style=\"display:none;\"><\/div><div id=\"locked_source\" style=\"display:none;\"><\/div><div id=\"locked_currency\" style=\"display:none;\"><\/div><div id=\"connConfig\" style=\"display:none;\"><\/div>[\/et_pb_code][\/et_pb_column][\/et_pb_row][\/et_pb_section][et_pb_section fb_built=&#8221;1&#8243; admin_label=&#8221;Links&#8221; module_class=&#8221;conn-description-link-wrapper &#8221; _builder_version=&#8221;4.24.0&#8243; _module_preset=&#8221;default&#8221; width=&#8221;90%&#8221; max_width=&#8221;1040px&#8221; module_alignment=&#8221;center&#8221; custom_margin=&#8221;30px||50px||false|false&#8221; custom_padding=&#8221;30px||16px||false|false&#8221; global_colors_info=&#8221;{}&#8221;][et_pb_row disabled_on=&#8221;off|off|off&#8221; _builder_version=&#8221;4.24.0&#8243; _module_preset=&#8221;default&#8221; width=&#8221;100%&#8221; custom_margin=&#8221;0px||0px||false|false&#8221; custom_padding=&#8221;0px||0px||false|false&#8221; global_colors_info=&#8221;{}&#8221;][et_pb_column type=&#8221;4_4&#8243; _builder_version=&#8221;4.24.0&#8243; _module_preset=&#8221;default&#8221; global_colors_info=&#8221;{}&#8221;][et_pb_text admin_label=&#8221;Links&#8221; _builder_version=&#8221;4.24.0&#8243; _module_preset=&#8221;default&#8221; custom_padding=&#8221;||24px||false|false&#8221; global_colors_info=&#8221;{}&#8221;]<\/p>\n<h2>Popul\u00e4ra <strong>Fyndiq integrationer<\/strong> f\u00f6r kund &amp; redovisningsbyr\u00e5<\/h2>\n<p>[\/et_pb_text][\/et_pb_column][\/et_pb_row][et_pb_row column_structure=&#8221;1_3,1_3,1_3&#8243; admin_label=&#8221;LINKS&#8221; module_class=&#8221;link-row&#8221; _builder_version=&#8221;4.24.0&#8243; _module_preset=&#8221;default&#8221; width=&#8221;100%&#8221; custom_margin=&#8221;0px||||false|false&#8221; custom_padding=&#8221;0px||||false|false&#8221; global_colors_info=&#8221;{}&#8221;][et_pb_column type=&#8221;1_3&#8243; _builder_version=&#8221;4.24.0&#8243; _module_preset=&#8221;default&#8221; global_colors_info=&#8221;{}&#8221;][et_pb_text admin_label=&#8221;Tj\u00e4nster f\u00f6r aggregerad bokf\u00f6ring&#8221; module_class=&#8221;link-list-title&#8221; _builder_version=&#8221;4.24.0&#8243; _module_preset=&#8221;default&#8221; custom_margin=&#8221;||||false|false&#8221; custom_padding=&#8221;||||false|false&#8221; global_colors_info=&#8221;{}&#8221;]<\/p>\n<h4>Tj\u00e4nster f\u00f6r aggregerad bokf\u00f6ring<\/h4>\n<p>[\/et_pb_text][et_pb_code admin_label=&#8221;Bokf\u00f6ring i Fortnox&#8221; module_class=&#8221;connector-page-link&#8221; _builder_version=&#8221;4.24.0&#8243; _module_preset=&#8221;default&#8221; link_option_url=&#8221;\/sv\/priser\/?plan=accounting&#038;billing=yearly&#038;con=erp-fortnox&#038;con=market-fyndiq&#038;oss=false&#8221; global_colors_info=&#8221;{}&#8221;]Bokf\u00f6ring i Fortnox <i class=\"fa-solid fa-chevron-right\"><\/i>[\/et_pb_code][et_pb_code admin_label=&#8221;Bokf\u00f6ring Visma eEkonomi&#8221; module_class=&#8221;connector-page-link&#8221; _builder_version=&#8221;4.24.0&#8243; _module_preset=&#8221;default&#8221; link_option_url=&#8221;\/sv\/priser\/?plan=accounting&#038;billing=yearly&#038;con=erp-vismaeekonomi&#038;con=market-fyndiq&#038;oss=false&#8221; global_colors_info=&#8221;{}&#8221;]Bokf\u00f6ring Visma eEkonomi <i class=\"fa-solid fa-chevron-right\"><\/i>[\/et_pb_code][et_pb_code admin_label=&#8221;Bokf\u00f6ring Visma Admin&#8221; module_class=&#8221;connector-page-link&#8221; _builder_version=&#8221;4.24.0&#8243; _module_preset=&#8221;default&#8221; link_option_url=&#8221;\/sv\/priser\/?plan=accounting&#038;billing=yearly&#038;con=erp-vismaadmin&#038;con=market-fyndiq&#038;oss=false&#8221; global_colors_info=&#8221;{}&#8221;]Bokf\u00f6ring Visma Admin <i class=\"fa-solid fa-chevron-right\"><\/i>[\/et_pb_code][\/et_pb_column][et_pb_column type=&#8221;1_3&#8243; _builder_version=&#8221;4.24.0&#8243; _module_preset=&#8221;default&#8221; global_colors_info=&#8221;{}&#8221;][\/et_pb_column][et_pb_column type=&#8221;1_3&#8243; _builder_version=&#8221;4.24.0&#8243; _module_preset=&#8221;default&#8221; global_colors_info=&#8221;{}&#8221;][et_pb_text admin_label=&#8221;Andra l\u00e4nkar&#8221; module_class=&#8221;link-list-title&#8221; _builder_version=&#8221;4.24.0&#8243; _module_preset=&#8221;default&#8221; custom_margin=&#8221;0px||0px||false|false&#8221; custom_padding=&#8221;0px||0px||false|false&#8221; global_colors_info=&#8221;{}&#8221;]<\/p>\n<h4>Andra l\u00e4nkar<\/h4>\n<p>[\/et_pb_text][et_pb_code admin_label=&#8221;Link&#8221; module_class=&#8221;connector-page-link&#8221; _builder_version=&#8221;4.24.0&#8243; _module_preset=&#8221;default&#8221; link_option_url=&#8221;https:\/\/www.sharespine.com\/sv\/bokforing-for-butikskassa\/?plan=accounting&#038;billing=yearly&#038;con=erp-fortnox&#038;oss=false&#8221; global_colors_info=&#8221;{}&#8221;]Bokf\u00f6ring f\u00f6r butikskassor <i class=\"fa-solid fa-chevron-right\"><\/i>[\/et_pb_code][et_pb_code admin_label=&#8221;Link&#8221; module_class=&#8221;connector-page-link&#8221; _builder_version=&#8221;4.24.0&#8243; _module_preset=&#8221;default&#8221; link_option_url=&#8221;https:\/\/www.sharespine.com\/sv\/bokforing-for-ehandel\/&#8221; global_colors_info=&#8221;{}&#8221;]Bokf\u00f6ring f\u00f6r e-handel <i class=\"fa-solid fa-chevron-right\"><\/i>[\/et_pb_code][et_pb_code admin_label=&#8221;Link&#8221; module_class=&#8221;connector-page-link&#8221; _builder_version=&#8221;4.24.0&#8243; _module_preset=&#8221;default&#8221; link_option_url=&#8221;https:\/\/www.sharespine.com\/sv\/redovisningsbyra\/&#8221; global_colors_info=&#8221;{}&#8221;]Fyndiq &#038; Redovisningsbyr\u00e5er <i class=\"fa-solid fa-chevron-right\"><\/i>[\/et_pb_code][\/et_pb_column][\/et_pb_row][\/et_pb_section]<\/p>\n","protected":false},"excerpt":{"rendered":"<p><div id=\"mount\"><\/div><div id=\"mountlocation\" style=\"display:none;\">#mount<\/div><div id=\"connectortype\" style=\"display:none;\">market-fyndiq<\/div><div id=\"language\" style=\"display:none;\">sv<\/div><div id=\"locked_ecom\" style=\"display:none;\"><\/div><div id=\"locked_pos\" style=\"display:none;\"><\/div><div id=\"locked_erp\" style=\"display:none;\"><\/div><div id=\"locked_payment\" style=\"display:none;\"><\/div><div id=\"locked_logistic\" style=\"display:none;\"><\/div><div id=\"locked_marketplace\" style=\"display:none;\"><\/div><div id=\"locked_source\" style=\"display:none;\"><\/div><div id=\"locked_currency\" style=\"display:none;\"><\/div><div id=\"connConfig\" style=\"display:none;\"><\/div>Popul\u00e4ra Fyndiq integrationer f\u00f6r kund &amp; redovisningsbyr\u00e5Tj\u00e4nster f\u00f6r aggregerad bokf\u00f6ringAndra l\u00e4nkar<\/p>\n","protected":false},"author":11,"featured_media":3418,"parent":4663,"menu_order":0,"comment_status":"closed","ping_status":"closed","template":"","meta":{"_acf_changed":false,"_et_pb_use_builder":"on","_et_pb_old_content":"","_et_gb_content_width":"","content-type":"","footnotes":""},"categories":[155,343,160,180],"tags":[],"class_list":["post-5427","page","type-page","status-publish","has-post-thumbnail","hentry","category-connector","category-connectorpage","category-marknadsplatser","category-pay-marknadsplatser"],"acf":[],"yoast_head":"<!-- This site is optimized with the Yoast SEO Premium plugin v26.2 (Yoast SEO v27.4) - https:\/\/yoast.com\/product\/yoast-seo-premium-wordpress\/ -->\n<title>Fyndiq integrationer webbutiker &amp; ekonomisystem<\/title>\n<meta name=\"description\" content=\"Fyndiq integrationer f\u00f6r webbutiker &amp; ekonomisystem samt avst\u00e4mning av din utbetalningar fr\u00e5n e-handel &amp; marknadsplats\" \/>\n<meta name=\"robots\" content=\"index, follow, max-snippet:-1, max-image-preview:large, max-video-preview:-1\" \/>\n<link rel=\"canonical\" href=\"https:\/\/www.sharespine.com\/sv\/anslutna-system\/marknadsplatser\/fyndiq\/\" \/>\n<meta property=\"og:locale\" content=\"sv_SE\" \/>\n<meta property=\"og:type\" content=\"article\" \/>\n<meta property=\"og:title\" content=\"Fyndiq integrationer webbutiker &amp; ekonomisystem\" \/>\n<meta property=\"og:description\" content=\"Fyndiq integrationer f\u00f6r webbutiker &amp; ekonomisystem samt avst\u00e4mning av din utbetalningar fr\u00e5n e-handel &amp; marknadsplats\" \/>\n<meta property=\"og:url\" content=\"https:\/\/www.sharespine.com\/sv\/anslutna-system\/marknadsplatser\/fyndiq\/\" \/>\n<meta property=\"og:site_name\" content=\"Sharespine\" \/>\n<meta property=\"article:publisher\" content=\"https:\/\/www.facebook.com\/sharespine\" \/>\n<meta property=\"article:modified_time\" content=\"2026-01-20T13:12:47+00:00\" \/>\n<meta property=\"og:image\" content=\"https:\/\/www.sharespine.com\/wp-content\/uploads\/2022\/03\/sharespine-flow-fyndiq.png\" \/>\n\t<meta property=\"og:image:width\" content=\"1144\" \/>\n\t<meta property=\"og:image:height\" content=\"774\" \/>\n\t<meta property=\"og:image:type\" content=\"image\/png\" \/>\n<meta name=\"twitter:card\" content=\"summary_large_image\" \/>\n<meta name=\"twitter:label1\" content=\"Ber\u00e4knad l\u00e4stid\" \/>\n\t<meta name=\"twitter:data1\" content=\"1 minut\" \/>\n<script type=\"application\/ld+json\" class=\"yoast-schema-graph\">{\"@context\":\"https:\\\/\\\/schema.org\",\"@graph\":[{\"@type\":\"WebPage\",\"@id\":\"https:\\\/\\\/www.sharespine.com\\\/sv\\\/anslutna-system\\\/marknadsplatser\\\/fyndiq\\\/\",\"url\":\"https:\\\/\\\/www.sharespine.com\\\/sv\\\/anslutna-system\\\/marknadsplatser\\\/fyndiq\\\/\",\"name\":\"Fyndiq integrationer webbutiker & ekonomisystem\",\"isPartOf\":{\"@id\":\"https:\\\/\\\/www.sharespine.com\\\/sv\\\/#website\"},\"primaryImageOfPage\":{\"@id\":\"https:\\\/\\\/www.sharespine.com\\\/sv\\\/anslutna-system\\\/marknadsplatser\\\/fyndiq\\\/#primaryimage\"},\"image\":{\"@id\":\"https:\\\/\\\/www.sharespine.com\\\/sv\\\/anslutna-system\\\/marknadsplatser\\\/fyndiq\\\/#primaryimage\"},\"thumbnailUrl\":\"https:\\\/\\\/www.sharespine.com\\\/wp-content\\\/uploads\\\/2018\\\/03\\\/Fyndiq-300x200.png\",\"datePublished\":\"2018-03-26T13:07:42+00:00\",\"dateModified\":\"2026-01-20T13:12:47+00:00\",\"description\":\"Fyndiq integrationer f\u00f6r webbutiker & ekonomisystem samt avst\u00e4mning av din utbetalningar fr\u00e5n e-handel & marknadsplats\",\"breadcrumb\":{\"@id\":\"https:\\\/\\\/www.sharespine.com\\\/sv\\\/anslutna-system\\\/marknadsplatser\\\/fyndiq\\\/#breadcrumb\"},\"inLanguage\":\"sv-SE\",\"potentialAction\":[{\"@type\":\"ReadAction\",\"target\":[\"https:\\\/\\\/www.sharespine.com\\\/sv\\\/anslutna-system\\\/marknadsplatser\\\/fyndiq\\\/\"]}]},{\"@type\":\"ImageObject\",\"inLanguage\":\"sv-SE\",\"@id\":\"https:\\\/\\\/www.sharespine.com\\\/sv\\\/anslutna-system\\\/marknadsplatser\\\/fyndiq\\\/#primaryimage\",\"url\":\"https:\\\/\\\/www.sharespine.com\\\/wp-content\\\/uploads\\\/2018\\\/03\\\/Fyndiq-300x200.png\",\"contentUrl\":\"https:\\\/\\\/www.sharespine.com\\\/wp-content\\\/uploads\\\/2018\\\/03\\\/Fyndiq-300x200.png\",\"width\":300,\"height\":200,\"caption\":\"Fyndiq integrationer f\u00f6r webbutiker & ekonomisystem\"},{\"@type\":\"BreadcrumbList\",\"@id\":\"https:\\\/\\\/www.sharespine.com\\\/sv\\\/anslutna-system\\\/marknadsplatser\\\/fyndiq\\\/#breadcrumb\",\"itemListElement\":[{\"@type\":\"ListItem\",\"position\":1,\"name\":\"Hem\",\"item\":\"https:\\\/\\\/www.sharespine.com\\\/sv\\\/\"},{\"@type\":\"ListItem\",\"position\":2,\"name\":\"Anslutna system\",\"item\":\"https:\\\/\\\/www.sharespine.com\\\/sv\\\/anslutna-system\\\/\"},{\"@type\":\"ListItem\",\"position\":3,\"name\":\"Integrera marknadsplatser\",\"item\":\"https:\\\/\\\/www.sharespine.com\\\/sv\\\/anslutna-system\\\/marknadsplatser\\\/\"},{\"@type\":\"ListItem\",\"position\":4,\"name\":\"Fyndiq integrationer webbutiker &#038; ekonomisystem\"}]},{\"@type\":\"WebSite\",\"@id\":\"https:\\\/\\\/www.sharespine.com\\\/sv\\\/#website\",\"url\":\"https:\\\/\\\/www.sharespine.com\\\/sv\\\/\",\"name\":\"Sharespine\",\"description\":\"Integrationsplattform f\u00f6r e-handel &amp; bokf\u00f6ring\",\"publisher\":{\"@id\":\"https:\\\/\\\/www.sharespine.com\\\/sv\\\/#organization\"},\"potentialAction\":[{\"@type\":\"SearchAction\",\"target\":{\"@type\":\"EntryPoint\",\"urlTemplate\":\"https:\\\/\\\/www.sharespine.com\\\/sv\\\/?s={search_term_string}\"},\"query-input\":{\"@type\":\"PropertyValueSpecification\",\"valueRequired\":true,\"valueName\":\"search_term_string\"}}],\"inLanguage\":\"sv-SE\"},{\"@type\":\"Organization\",\"@id\":\"https:\\\/\\\/www.sharespine.com\\\/sv\\\/#organization\",\"name\":\"Sharespine AB\",\"url\":\"https:\\\/\\\/www.sharespine.com\\\/sv\\\/\",\"logo\":{\"@type\":\"ImageObject\",\"inLanguage\":\"sv-SE\",\"@id\":\"https:\\\/\\\/www.sharespine.com\\\/sv\\\/#\\\/schema\\\/logo\\\/image\\\/\",\"url\":\"https:\\\/\\\/www.sharespine.com\\\/wp-content\\\/uploads\\\/2022\\\/11\\\/logo-default.png\",\"contentUrl\":\"https:\\\/\\\/www.sharespine.com\\\/wp-content\\\/uploads\\\/2022\\\/11\\\/logo-default.png\",\"width\":700,\"height\":153,\"caption\":\"Sharespine AB\"},\"image\":{\"@id\":\"https:\\\/\\\/www.sharespine.com\\\/sv\\\/#\\\/schema\\\/logo\\\/image\\\/\"},\"sameAs\":[\"https:\\\/\\\/www.facebook.com\\\/sharespine\",\"https:\\\/\\\/www.linkedin.com\\\/company\\\/sharespine\\\/\",\"https:\\\/\\\/www.instagram.com\\\/sharespine\\\/\"]}]}<\/script>\n<!-- \/ Yoast SEO Premium plugin. -->","yoast_head_json":{"title":"Fyndiq integrationer webbutiker & ekonomisystem","description":"Fyndiq integrationer f\u00f6r webbutiker & ekonomisystem samt avst\u00e4mning av din utbetalningar fr\u00e5n e-handel & marknadsplats","robots":{"index":"index","follow":"follow","max-snippet":"max-snippet:-1","max-image-preview":"max-image-preview:large","max-video-preview":"max-video-preview:-1"},"canonical":"https:\/\/www.sharespine.com\/sv\/anslutna-system\/marknadsplatser\/fyndiq\/","og_locale":"sv_SE","og_type":"article","og_title":"Fyndiq integrationer webbutiker & ekonomisystem","og_description":"Fyndiq integrationer f\u00f6r webbutiker & ekonomisystem samt avst\u00e4mning av din utbetalningar fr\u00e5n e-handel & marknadsplats","og_url":"https:\/\/www.sharespine.com\/sv\/anslutna-system\/marknadsplatser\/fyndiq\/","og_site_name":"Sharespine","article_publisher":"https:\/\/www.facebook.com\/sharespine","article_modified_time":"2026-01-20T13:12:47+00:00","og_image":[{"width":1144,"height":774,"url":"https:\/\/www.sharespine.com\/wp-content\/uploads\/2022\/03\/sharespine-flow-fyndiq.png","type":"image\/png"}],"twitter_card":"summary_large_image","twitter_misc":{"Ber\u00e4knad l\u00e4stid":"1 minut"},"schema":{"@context":"https:\/\/schema.org","@graph":[{"@type":"WebPage","@id":"https:\/\/www.sharespine.com\/sv\/anslutna-system\/marknadsplatser\/fyndiq\/","url":"https:\/\/www.sharespine.com\/sv\/anslutna-system\/marknadsplatser\/fyndiq\/","name":"Fyndiq integrationer webbutiker & ekonomisystem","isPartOf":{"@id":"https:\/\/www.sharespine.com\/sv\/#website"},"primaryImageOfPage":{"@id":"https:\/\/www.sharespine.com\/sv\/anslutna-system\/marknadsplatser\/fyndiq\/#primaryimage"},"image":{"@id":"https:\/\/www.sharespine.com\/sv\/anslutna-system\/marknadsplatser\/fyndiq\/#primaryimage"},"thumbnailUrl":"https:\/\/www.sharespine.com\/wp-content\/uploads\/2018\/03\/Fyndiq-300x200.png","datePublished":"2018-03-26T13:07:42+00:00","dateModified":"2026-01-20T13:12:47+00:00","description":"Fyndiq integrationer f\u00f6r webbutiker & ekonomisystem samt avst\u00e4mning av din utbetalningar fr\u00e5n e-handel & marknadsplats","breadcrumb":{"@id":"https:\/\/www.sharespine.com\/sv\/anslutna-system\/marknadsplatser\/fyndiq\/#breadcrumb"},"inLanguage":"sv-SE","potentialAction":[{"@type":"ReadAction","target":["https:\/\/www.sharespine.com\/sv\/anslutna-system\/marknadsplatser\/fyndiq\/"]}]},{"@type":"ImageObject","inLanguage":"sv-SE","@id":"https:\/\/www.sharespine.com\/sv\/anslutna-system\/marknadsplatser\/fyndiq\/#primaryimage","url":"https:\/\/www.sharespine.com\/wp-content\/uploads\/2018\/03\/Fyndiq-300x200.png","contentUrl":"https:\/\/www.sharespine.com\/wp-content\/uploads\/2018\/03\/Fyndiq-300x200.png","width":300,"height":200,"caption":"Fyndiq integrationer f\u00f6r webbutiker & ekonomisystem"},{"@type":"BreadcrumbList","@id":"https:\/\/www.sharespine.com\/sv\/anslutna-system\/marknadsplatser\/fyndiq\/#breadcrumb","itemListElement":[{"@type":"ListItem","position":1,"name":"Hem","item":"https:\/\/www.sharespine.com\/sv\/"},{"@type":"ListItem","position":2,"name":"Anslutna system","item":"https:\/\/www.sharespine.com\/sv\/anslutna-system\/"},{"@type":"ListItem","position":3,"name":"Integrera marknadsplatser","item":"https:\/\/www.sharespine.com\/sv\/anslutna-system\/marknadsplatser\/"},{"@type":"ListItem","position":4,"name":"Fyndiq integrationer webbutiker &#038; ekonomisystem"}]},{"@type":"WebSite","@id":"https:\/\/www.sharespine.com\/sv\/#website","url":"https:\/\/www.sharespine.com\/sv\/","name":"Sharespine","description":"Integrationsplattform f\u00f6r e-handel &amp; bokf\u00f6ring","publisher":{"@id":"https:\/\/www.sharespine.com\/sv\/#organization"},"potentialAction":[{"@type":"SearchAction","target":{"@type":"EntryPoint","urlTemplate":"https:\/\/www.sharespine.com\/sv\/?s={search_term_string}"},"query-input":{"@type":"PropertyValueSpecification","valueRequired":true,"valueName":"search_term_string"}}],"inLanguage":"sv-SE"},{"@type":"Organization","@id":"https:\/\/www.sharespine.com\/sv\/#organization","name":"Sharespine AB","url":"https:\/\/www.sharespine.com\/sv\/","logo":{"@type":"ImageObject","inLanguage":"sv-SE","@id":"https:\/\/www.sharespine.com\/sv\/#\/schema\/logo\/image\/","url":"https:\/\/www.sharespine.com\/wp-content\/uploads\/2022\/11\/logo-default.png","contentUrl":"https:\/\/www.sharespine.com\/wp-content\/uploads\/2022\/11\/logo-default.png","width":700,"height":153,"caption":"Sharespine AB"},"image":{"@id":"https:\/\/www.sharespine.com\/sv\/#\/schema\/logo\/image\/"},"sameAs":["https:\/\/www.facebook.com\/sharespine","https:\/\/www.linkedin.com\/company\/sharespine\/","https:\/\/www.instagram.com\/sharespine\/"]}]}},"_links":{"self":[{"href":"https:\/\/www.sharespine.com\/sv\/wp-json\/wp\/v2\/pages\/5427","targetHints":{"allow":["GET"]}}],"collection":[{"href":"https:\/\/www.sharespine.com\/sv\/wp-json\/wp\/v2\/pages"}],"about":[{"href":"https:\/\/www.sharespine.com\/sv\/wp-json\/wp\/v2\/types\/page"}],"author":[{"embeddable":true,"href":"https:\/\/www.sharespine.com\/sv\/wp-json\/wp\/v2\/users\/11"}],"replies":[{"embeddable":true,"href":"https:\/\/www.sharespine.com\/sv\/wp-json\/wp\/v2\/comments?post=5427"}],"version-history":[{"count":13,"href":"https:\/\/www.sharespine.com\/sv\/wp-json\/wp\/v2\/pages\/5427\/revisions"}],"predecessor-version":[{"id":61267,"href":"https:\/\/www.sharespine.com\/sv\/wp-json\/wp\/v2\/pages\/5427\/revisions\/61267"}],"up":[{"embeddable":true,"href":"https:\/\/www.sharespine.com\/sv\/wp-json\/wp\/v2\/pages\/4663"}],"wp:featuredmedia":[{"embeddable":true,"href":"https:\/\/www.sharespine.com\/sv\/wp-json\/wp\/v2\/media\/3418"}],"wp:attachment":[{"href":"https:\/\/www.sharespine.com\/sv\/wp-json\/wp\/v2\/media?parent=5427"}],"wp:term":[{"taxonomy":"category","embeddable":true,"href":"https:\/\/www.sharespine.com\/sv\/wp-json\/wp\/v2\/categories?post=5427"},{"taxonomy":"post_tag","embeddable":true,"href":"https:\/\/www.sharespine.com\/sv\/wp-json\/wp\/v2\/tags?post=5427"}],"curies":[{"name":"wp","href":"https:\/\/api.w.org\/{rel}","templated":true}]}}