{"id":58429,"date":"2025-09-08T11:15:46","date_gmt":"2025-09-08T09:15:46","guid":{"rendered":"https:\/\/staging.sharespine.com\/?page_id=58429"},"modified":"2025-09-08T11:18:48","modified_gmt":"2025-09-08T09:18:48","slug":"stripe-fortnox","status":"publish","type":"page","link":"https:\/\/www.sharespine.com\/sv\/stripe-fortnox\/","title":{"rendered":"Stripe | Fortnox"},"content":{"rendered":"<p>[et_pb_section fb_built=&#8221;1&#8243; admin_label=&#8221;Hero Section&#8221; module_class=&#8221;integration-page-wrapper&#8221; _builder_version=&#8221;4.16&#8243; background_color_gradient_direction=&#8221;9deg&#8221; background_position=&#8221;center_right&#8221; inner_width_tablet=&#8221;50px&#8221; inner_max_width_tablet=&#8221;50px&#8221; custom_padding=&#8221;6%||1%||false|false&#8221; z_index_tablet=&#8221;500&#8243; box_shadow_horizontal_tablet=&#8221;0px&#8221; box_shadow_vertical_tablet=&#8221;0px&#8221; box_shadow_blur_tablet=&#8221;40px&#8221; box_shadow_spread_tablet=&#8221;0px&#8221; global_colors_info=&#8221;{}&#8221;][et_pb_row module_class=&#8221;connector-config-block&#8221; _builder_version=&#8221;4.16&#8243; _module_preset=&#8221;default&#8221; custom_margin=&#8221;60px||||false|false&#8221; global_colors_info=&#8221;{}&#8221;][et_pb_column type=&#8221;4_4&#8243; _builder_version=&#8221;4.16&#8243; _module_preset=&#8221;default&#8221; global_colors_info=&#8221;{}&#8221;][et_pb_text admin_label=&#8221;Kalkylator rubrik&#8221; module_class=&#8221;calculator-header&#8221; _builder_version=&#8221;4.27.4&#8243; _module_preset=&#8221;default&#8221; text_orientation=&#8221;center&#8221; custom_margin=&#8221;0px||0px||false|false&#8221; custom_padding=&#8221;0px||0px||false|false&#8221; global_colors_info=&#8221;{}&#8221;]<\/p>\n<h3>Stripe Pro | Fortnox f\u00f6r e-handel &#038; bokf\u00f6ring<\/h3>\n<p>Fyll i dina kontaktuppgifter s\u00e5 skickar vi kontouppgifter f\u00f6r en 14 dagar gratis trail period[\/et_pb_text][et_pb_code module_id=&#8221;calculator&#8221; _builder_version=&#8221;4.27.4&#8243; _module_preset=&#8221;default&#8221; global_colors_info=&#8221;{}&#8221;]<div id=\"mount\"><\/div><div id=\"mountlocation\" style=\"display:none;\">#mount<\/div><div id=\"connectortype\" style=\"display:none;\"><\/div><div id=\"language\" style=\"display:none;\">sv<\/div><div id=\"locked_ecom\" style=\"display:none;\"><\/div><div id=\"locked_pos\" style=\"display:none;\"><\/div><div id=\"locked_erp\" style=\"display:none;\">erp-fortnox<\/div><div id=\"locked_payment\" style=\"display:none;\"><\/div><div id=\"locked_logistic\" style=\"display:none;\"><\/div><div id=\"locked_marketplace\" style=\"display:none;\"><\/div><div id=\"locked_source\" style=\"display:none;\">source-stripe<\/div><div id=\"locked_currency\" style=\"display:none;\"><\/div><div id=\"connConfig\" style=\"display:none;\">compact<\/div><!-- [et_pb_line_break_holder] --><!-- [et_pb_line_break_holder] -->[\/et_pb_code][\/et_pb_column][\/et_pb_row][\/et_pb_section][et_pb_section fb_built=&#8221;1&#8243; disabled_on=&#8221;on|on|on&#8221; admin_label=&#8221;Links&#8221; module_class=&#8221;conn-description-link-wrapper &#8221; _builder_version=&#8221;4.27.4&#8243; _module_preset=&#8221;default&#8221; width=&#8221;90%&#8221; max_width=&#8221;1040px&#8221; module_alignment=&#8221;center&#8221; custom_margin=&#8221;30px||50px||false|false&#8221; custom_padding=&#8221;30px||16px||false|false&#8221; disabled=&#8221;on&#8221; global_module=&#8221;56096&#8243; collapsed=&#8221;off&#8221; global_colors_info=&#8221;{}&#8221;][et_pb_row disabled_on=&#8221;off|off|off&#8221; _builder_version=&#8221;4.24.0&#8243; _module_preset=&#8221;default&#8221; width=&#8221;100%&#8221; custom_margin=&#8221;0px||0px||false|false&#8221; custom_padding=&#8221;0px||0px||false|false&#8221; collapsed=&#8221;off&#8221; global_colors_info=&#8221;{}&#8221;][et_pb_column type=&#8221;4_4&#8243; _builder_version=&#8221;4.24.0&#8243; _module_preset=&#8221;default&#8221; global_colors_info=&#8221;{}&#8221;][et_pb_text admin_label=&#8221;Links&#8221; _builder_version=&#8221;4.27.0&#8243; _module_preset=&#8221;default&#8221; custom_padding=&#8221;||24px||false|false&#8221; global_colors_info=&#8221;{}&#8221;]<\/p>\n<h2>Popul\u00e4ra <strong>PayPal Pro integrationer<\/strong> f\u00f6r kund &amp; redovisningsbyr\u00e5<\/h2>\n<p>[\/et_pb_text][\/et_pb_column][\/et_pb_row][et_pb_row column_structure=&#8221;1_3,1_3,1_3&#8243; admin_label=&#8221;LINKS&#8221; module_class=&#8221;link-row&#8221; _builder_version=&#8221;4.27.0&#8243; _module_preset=&#8221;default&#8221; width=&#8221;100%&#8221; custom_margin=&#8221;0px||||false|false&#8221; custom_padding=&#8221;0px||||false|false&#8221; global_colors_info=&#8221;{}&#8221;][et_pb_column type=&#8221;1_3&#8243; _builder_version=&#8221;4.27.0&#8243; _module_preset=&#8221;default&#8221; link_option_url_new_window=&#8221;on&#8221; global_colors_info=&#8221;{}&#8221;][et_pb_text admin_label=&#8221;Sverige&#8221; module_class=&#8221;link-list-title&#8221; _builder_version=&#8221;4.27.0&#8243; _module_preset=&#8221;default&#8221; custom_margin=&#8221;||||false|false&#8221; custom_padding=&#8221;||||false|false&#8221; global_colors_info=&#8221;{}&#8221;]<\/p>\n<h4>Sverige<\/h4>\n<p>[\/et_pb_text][et_pb_code admin_label=&#8221;PayPal | Fortnox&#8221; module_class=&#8221;connector-page-link&#8221; _builder_version=&#8221;4.27.0&#8243; _module_preset=&#8221;default&#8221; link_option_url=&#8221;\/sv\/paypal-fortnox\/&#8221; global_colors_info=&#8221;{}&#8221;]PayPal | Fortnox <i class=\"fa-solid fa-chevron-right\"><\/i>[\/et_pb_code][et_pb_code admin_label=&#8221;PayPal | Visma eEkonomi&#8221; module_class=&#8221;connector-page-link&#8221; _builder_version=&#8221;4.27.0&#8243; _module_preset=&#8221;default&#8221; link_option_url=&#8221;\/sv\/paypal-visma-eekonomi\/&#8221; global_colors_info=&#8221;{}&#8221;]PayPal | Visma eEkonomi <i class=\"fa-solid fa-chevron-right\"><\/i>[\/et_pb_code][et_pb_code admin_label=&#8221;PayPal | Bjorn Lunden&#8221; module_class=&#8221;connector-page-link&#8221; _builder_version=&#8221;4.27.0&#8243; _module_preset=&#8221;default&#8221; link_option_url=&#8221;\/sv\/paypal-bjorn-lunden\/&#8221; global_colors_info=&#8221;{}&#8221;]PayPal | Bjorn Lunden <i class=\"fa-solid fa-chevron-right\"><\/i>[\/et_pb_code][\/et_pb_column][et_pb_column type=&#8221;1_3&#8243; _builder_version=&#8221;4.27.0&#8243; _module_preset=&#8221;default&#8221; link_option_url_new_window=&#8221;on&#8221; global_colors_info=&#8221;{}&#8221;][et_pb_text admin_label=&#8221;Norden&#8221; module_class=&#8221;link-list-title&#8221; _builder_version=&#8221;4.27.0&#8243; _module_preset=&#8221;default&#8221; custom_margin=&#8221;||||false|false&#8221; custom_padding=&#8221;||||false|false&#8221; global_colors_info=&#8221;{}&#8221;]<\/p>\n<h4>Norden<\/h4>\n<p>[\/et_pb_text][et_pb_code admin_label=&#8221;PayPal | Tripletex&#8221; module_class=&#8221;connector-page-link&#8221; _builder_version=&#8221;4.27.0&#8243; _module_preset=&#8221;default&#8221; link_option_url=&#8221;\/sv\/paypal-tripletex\/&#8221; global_colors_info=&#8221;{}&#8221;]PayPal | Tripletex <i class=\"fa-solid fa-chevron-right\"><\/i>[\/et_pb_code][et_pb_code admin_label=&#8221;PayPal | eAccounting&#8221; module_class=&#8221;connector-page-link&#8221; _builder_version=&#8221;4.27.0&#8243; _module_preset=&#8221;default&#8221; link_option_url=&#8221;\/sv\/paypal-visma-eaccounting\/&#8221; global_colors_info=&#8221;{}&#8221;]PayPal | eAccounting <i class=\"fa-solid fa-chevron-right\"><\/i>[\/et_pb_code][et_pb_code admin_label=&#8221;PayPal | e-conomic&#8221; module_class=&#8221;connector-page-link&#8221; _builder_version=&#8221;4.27.0&#8243; _module_preset=&#8221;default&#8221; link_option_url=&#8221;\/sv\/paypal-e-conomic\/&#8221; global_colors_info=&#8221;{}&#8221;]PayPal | e-conomic <i class=\"fa-solid fa-chevron-right\"><\/i>[\/et_pb_code][\/et_pb_column][et_pb_column type=&#8221;1_3&#8243; _builder_version=&#8221;4.27.0&#8243; _module_preset=&#8221;default&#8221; link_option_url_new_window=&#8221;on&#8221; global_colors_info=&#8221;{}&#8221;][et_pb_text admin_label=&#8221;Globalt&#8221; module_class=&#8221;link-list-title&#8221; _builder_version=&#8221;4.27.0&#8243; _module_preset=&#8221;default&#8221; custom_margin=&#8221;0px||0px||false|false&#8221; custom_padding=&#8221;0px||0px||false|false&#8221; global_colors_info=&#8221;{}&#8221;]<\/p>\n<h4>Globalt<\/h4>\n<p>[\/et_pb_text][et_pb_code admin_label=&#8221;PayPal | Xero&#8221; module_class=&#8221;connector-page-link&#8221; _builder_version=&#8221;4.27.0&#8243; _module_preset=&#8221;default&#8221; link_option_url=&#8221;\/sv\/paypal-xero\/&#8221; global_colors_info=&#8221;{}&#8221;]PayPal | Xero <i class=\"fa-solid fa-chevron-right\"><\/i>[\/et_pb_code][et_pb_code admin_label=&#8221;PayPal | Visma Net&#8221; module_class=&#8221;connector-page-link&#8221; _builder_version=&#8221;4.27.0&#8243; _module_preset=&#8221;default&#8221; link_option_url=&#8221;\/sv\/paypal-visma-net\/&#8221; global_colors_info=&#8221;{}&#8221;]PayPal | Visma Net <i class=\"fa-solid fa-chevron-right\"><\/i>[\/et_pb_code][et_pb_code admin_label=&#8221;PayPal | Quickbooks&#8221; module_class=&#8221;connector-page-link&#8221; _builder_version=&#8221;4.27.0&#8243; _module_preset=&#8221;default&#8221; link_option_url=&#8221;\/sv\/paypal-quickbooks\/&#8221; global_colors_info=&#8221;{}&#8221;]PayPal | Quickbooks <i class=\"fa-solid fa-chevron-right\"><\/i>[\/et_pb_code][\/et_pb_column][\/et_pb_row][\/et_pb_section]<\/p>\n","protected":false},"excerpt":{"rendered":"<p>Stripe Pro | Fortnox f\u00f6r e-handel &#038; bokf\u00f6ring Fyll i dina kontaktuppgifter s\u00e5 skickar vi kontouppgifter f\u00f6r en 14 dagar gratis trail period<div id=\"mount\"><\/div><div id=\"mountlocation\" style=\"display:none;\">#mount<\/div><div id=\"connectortype\" style=\"display:none;\"><\/div><div id=\"language\" style=\"display:none;\">sv<\/div><div id=\"locked_ecom\" style=\"display:none;\"><\/div><div id=\"locked_pos\" style=\"display:none;\"><\/div><div id=\"locked_erp\" style=\"display:none;\">erp-fortnox<\/div><div id=\"locked_payment\" style=\"display:none;\"><\/div><div id=\"locked_logistic\" style=\"display:none;\"><\/div><div id=\"locked_marketplace\" style=\"display:none;\"><\/div><div id=\"locked_source\" style=\"display:none;\">source-stripe<\/div><div id=\"locked_currency\" style=\"display:none;\"><\/div><div id=\"connConfig\" style=\"display:none;\">compact<\/div>Popul\u00e4ra PayPal Pro integrationer f\u00f6r kund &amp; redovisningsbyr\u00e5SverigeNordenGlobalt<\/p>\n","protected":false},"author":22,"featured_media":58434,"parent":0,"menu_order":0,"comment_status":"closed","ping_status":"closed","template":"","meta":{"_acf_changed":false,"_et_pb_use_builder":"on","_et_pb_old_content":"","_et_gb_content_width":"","content-type":"","footnotes":""},"categories":[398],"tags":[],"class_list":["post-58429","page","type-page","status-publish","has-post-thumbnail","hentry","category-one-to-one-pay"],"acf":[],"yoast_head":"<!-- This site is optimized with the Yoast SEO Premium plugin v26.2 (Yoast SEO v27.2) - https:\/\/yoast.com\/product\/yoast-seo-premium-wordpress\/ -->\n<title>Stripe | Fortnox<\/title>\n<meta name=\"description\" content=\"Bokf\u00f6r alla h\u00e4ndelser p\u00e5 ditt Stripe konto automatiskt i Fortnox \u2013 f\u00f6rs\u00e4ljningar, utgifter, valutakonverteringar, \u00e5terbetalningar.\" \/>\n<meta name=\"robots\" content=\"index, follow, max-snippet:-1, max-image-preview:large, max-video-preview:-1\" \/>\n<link rel=\"canonical\" href=\"https:\/\/www.sharespine.com\/sv\/stripe-fortnox\/\" \/>\n<meta property=\"og:locale\" content=\"sv_SE\" \/>\n<meta property=\"og:type\" content=\"article\" \/>\n<meta property=\"og:title\" content=\"Stripe | Fortnox\" \/>\n<meta property=\"og:description\" content=\"Bokf\u00f6r alla h\u00e4ndelser p\u00e5 ditt Stripe konto automatiskt i Fortnox \u2013 f\u00f6rs\u00e4ljningar, utgifter, valutakonverteringar, \u00e5terbetalningar.\" \/>\n<meta property=\"og:url\" content=\"https:\/\/www.sharespine.com\/sv\/stripe-fortnox\/\" \/>\n<meta property=\"og:site_name\" content=\"Sharespine\" \/>\n<meta property=\"article:publisher\" content=\"https:\/\/www.facebook.com\/sharespine\" \/>\n<meta property=\"article:modified_time\" content=\"2025-09-08T09:18:48+00:00\" \/>\n<meta property=\"og:image\" content=\"https:\/\/www.sharespine.com\/wp-content\/uploads\/2025\/09\/Stripe-Fortnox.png\" \/>\n\t<meta property=\"og:image:width\" content=\"800\" \/>\n\t<meta property=\"og:image:height\" content=\"533\" \/>\n\t<meta property=\"og:image:type\" content=\"image\/png\" \/>\n<meta name=\"twitter:card\" content=\"summary_large_image\" \/>\n<meta name=\"twitter:label1\" content=\"Ber\u00e4knad l\u00e4stid\" \/>\n\t<meta name=\"twitter:data1\" content=\"1 minut\" \/>\n<script type=\"application\/ld+json\" class=\"yoast-schema-graph\">{\"@context\":\"https:\/\/schema.org\",\"@graph\":[{\"@type\":\"WebPage\",\"@id\":\"https:\/\/www.sharespine.com\/sv\/stripe-fortnox\/\",\"url\":\"https:\/\/www.sharespine.com\/sv\/stripe-fortnox\/\",\"name\":\"Stripe | Fortnox\",\"isPartOf\":{\"@id\":\"https:\/\/www.sharespine.com\/sv\/#website\"},\"primaryImageOfPage\":{\"@id\":\"https:\/\/www.sharespine.com\/sv\/stripe-fortnox\/#primaryimage\"},\"image\":{\"@id\":\"https:\/\/www.sharespine.com\/sv\/stripe-fortnox\/#primaryimage\"},\"thumbnailUrl\":\"https:\/\/www.sharespine.com\/wp-content\/uploads\/2025\/09\/Stripe-Fortnox.png\",\"datePublished\":\"2025-09-08T09:15:46+00:00\",\"dateModified\":\"2025-09-08T09:18:48+00:00\",\"description\":\"Bokf\u00f6r alla h\u00e4ndelser p\u00e5 ditt Stripe konto automatiskt i Fortnox \u2013 f\u00f6rs\u00e4ljningar, utgifter, valutakonverteringar, \u00e5terbetalningar.\",\"breadcrumb\":{\"@id\":\"https:\/\/www.sharespine.com\/sv\/stripe-fortnox\/#breadcrumb\"},\"inLanguage\":\"sv-SE\",\"potentialAction\":[{\"@type\":\"ReadAction\",\"target\":[\"https:\/\/www.sharespine.com\/sv\/stripe-fortnox\/\"]}]},{\"@type\":\"ImageObject\",\"inLanguage\":\"sv-SE\",\"@id\":\"https:\/\/www.sharespine.com\/sv\/stripe-fortnox\/#primaryimage\",\"url\":\"https:\/\/www.sharespine.com\/wp-content\/uploads\/2025\/09\/Stripe-Fortnox.png\",\"contentUrl\":\"https:\/\/www.sharespine.com\/wp-content\/uploads\/2025\/09\/Stripe-Fortnox.png\",\"width\":800,\"height\":533,\"caption\":\"Stripe | Fortnox integrationer f\u00f6r handel\"},{\"@type\":\"BreadcrumbList\",\"@id\":\"https:\/\/www.sharespine.com\/sv\/stripe-fortnox\/#breadcrumb\",\"itemListElement\":[{\"@type\":\"ListItem\",\"position\":1,\"name\":\"Hem\",\"item\":\"https:\/\/www.sharespine.com\/sv\/\"},{\"@type\":\"ListItem\",\"position\":2,\"name\":\"Stripe | Fortnox\"}]},{\"@type\":\"WebSite\",\"@id\":\"https:\/\/www.sharespine.com\/sv\/#website\",\"url\":\"https:\/\/www.sharespine.com\/sv\/\",\"name\":\"Sharespine\",\"description\":\"Integrationsplattform f\u00f6r e-handel &amp; bokf\u00f6ring\",\"publisher\":{\"@id\":\"https:\/\/www.sharespine.com\/sv\/#organization\"},\"potentialAction\":[{\"@type\":\"SearchAction\",\"target\":{\"@type\":\"EntryPoint\",\"urlTemplate\":\"https:\/\/www.sharespine.com\/sv\/?s={search_term_string}\"},\"query-input\":{\"@type\":\"PropertyValueSpecification\",\"valueRequired\":true,\"valueName\":\"search_term_string\"}}],\"inLanguage\":\"sv-SE\"},{\"@type\":\"Organization\",\"@id\":\"https:\/\/www.sharespine.com\/sv\/#organization\",\"name\":\"Sharespine AB\",\"url\":\"https:\/\/www.sharespine.com\/sv\/\",\"logo\":{\"@type\":\"ImageObject\",\"inLanguage\":\"sv-SE\",\"@id\":\"https:\/\/www.sharespine.com\/sv\/#\/schema\/logo\/image\/\",\"url\":\"https:\/\/www.sharespine.com\/wp-content\/uploads\/2022\/11\/logo-default.png\",\"contentUrl\":\"https:\/\/www.sharespine.com\/wp-content\/uploads\/2022\/11\/logo-default.png\",\"width\":700,\"height\":153,\"caption\":\"Sharespine AB\"},\"image\":{\"@id\":\"https:\/\/www.sharespine.com\/sv\/#\/schema\/logo\/image\/\"},\"sameAs\":[\"https:\/\/www.facebook.com\/sharespine\",\"https:\/\/www.linkedin.com\/company\/sharespine\/\",\"https:\/\/www.instagram.com\/sharespine\/\"]}]}<\/script>\n<!-- \/ Yoast SEO Premium plugin. -->","yoast_head_json":{"title":"Stripe | Fortnox","description":"Bokf\u00f6r alla h\u00e4ndelser p\u00e5 ditt Stripe konto automatiskt i Fortnox \u2013 f\u00f6rs\u00e4ljningar, utgifter, valutakonverteringar, \u00e5terbetalningar.","robots":{"index":"index","follow":"follow","max-snippet":"max-snippet:-1","max-image-preview":"max-image-preview:large","max-video-preview":"max-video-preview:-1"},"canonical":"https:\/\/www.sharespine.com\/sv\/stripe-fortnox\/","og_locale":"sv_SE","og_type":"article","og_title":"Stripe | Fortnox","og_description":"Bokf\u00f6r alla h\u00e4ndelser p\u00e5 ditt Stripe konto automatiskt i Fortnox \u2013 f\u00f6rs\u00e4ljningar, utgifter, valutakonverteringar, \u00e5terbetalningar.","og_url":"https:\/\/www.sharespine.com\/sv\/stripe-fortnox\/","og_site_name":"Sharespine","article_publisher":"https:\/\/www.facebook.com\/sharespine","article_modified_time":"2025-09-08T09:18:48+00:00","og_image":[{"width":800,"height":533,"url":"https:\/\/www.sharespine.com\/wp-content\/uploads\/2025\/09\/Stripe-Fortnox.png","type":"image\/png"}],"twitter_card":"summary_large_image","twitter_misc":{"Ber\u00e4knad l\u00e4stid":"1 minut"},"schema":{"@context":"https:\/\/schema.org","@graph":[{"@type":"WebPage","@id":"https:\/\/www.sharespine.com\/sv\/stripe-fortnox\/","url":"https:\/\/www.sharespine.com\/sv\/stripe-fortnox\/","name":"Stripe | Fortnox","isPartOf":{"@id":"https:\/\/www.sharespine.com\/sv\/#website"},"primaryImageOfPage":{"@id":"https:\/\/www.sharespine.com\/sv\/stripe-fortnox\/#primaryimage"},"image":{"@id":"https:\/\/www.sharespine.com\/sv\/stripe-fortnox\/#primaryimage"},"thumbnailUrl":"https:\/\/www.sharespine.com\/wp-content\/uploads\/2025\/09\/Stripe-Fortnox.png","datePublished":"2025-09-08T09:15:46+00:00","dateModified":"2025-09-08T09:18:48+00:00","description":"Bokf\u00f6r alla h\u00e4ndelser p\u00e5 ditt Stripe konto automatiskt i Fortnox \u2013 f\u00f6rs\u00e4ljningar, utgifter, valutakonverteringar, \u00e5terbetalningar.","breadcrumb":{"@id":"https:\/\/www.sharespine.com\/sv\/stripe-fortnox\/#breadcrumb"},"inLanguage":"sv-SE","potentialAction":[{"@type":"ReadAction","target":["https:\/\/www.sharespine.com\/sv\/stripe-fortnox\/"]}]},{"@type":"ImageObject","inLanguage":"sv-SE","@id":"https:\/\/www.sharespine.com\/sv\/stripe-fortnox\/#primaryimage","url":"https:\/\/www.sharespine.com\/wp-content\/uploads\/2025\/09\/Stripe-Fortnox.png","contentUrl":"https:\/\/www.sharespine.com\/wp-content\/uploads\/2025\/09\/Stripe-Fortnox.png","width":800,"height":533,"caption":"Stripe | Fortnox integrationer f\u00f6r handel"},{"@type":"BreadcrumbList","@id":"https:\/\/www.sharespine.com\/sv\/stripe-fortnox\/#breadcrumb","itemListElement":[{"@type":"ListItem","position":1,"name":"Hem","item":"https:\/\/www.sharespine.com\/sv\/"},{"@type":"ListItem","position":2,"name":"Stripe | Fortnox"}]},{"@type":"WebSite","@id":"https:\/\/www.sharespine.com\/sv\/#website","url":"https:\/\/www.sharespine.com\/sv\/","name":"Sharespine","description":"Integrationsplattform f\u00f6r e-handel &amp; bokf\u00f6ring","publisher":{"@id":"https:\/\/www.sharespine.com\/sv\/#organization"},"potentialAction":[{"@type":"SearchAction","target":{"@type":"EntryPoint","urlTemplate":"https:\/\/www.sharespine.com\/sv\/?s={search_term_string}"},"query-input":{"@type":"PropertyValueSpecification","valueRequired":true,"valueName":"search_term_string"}}],"inLanguage":"sv-SE"},{"@type":"Organization","@id":"https:\/\/www.sharespine.com\/sv\/#organization","name":"Sharespine AB","url":"https:\/\/www.sharespine.com\/sv\/","logo":{"@type":"ImageObject","inLanguage":"sv-SE","@id":"https:\/\/www.sharespine.com\/sv\/#\/schema\/logo\/image\/","url":"https:\/\/www.sharespine.com\/wp-content\/uploads\/2022\/11\/logo-default.png","contentUrl":"https:\/\/www.sharespine.com\/wp-content\/uploads\/2022\/11\/logo-default.png","width":700,"height":153,"caption":"Sharespine AB"},"image":{"@id":"https:\/\/www.sharespine.com\/sv\/#\/schema\/logo\/image\/"},"sameAs":["https:\/\/www.facebook.com\/sharespine","https:\/\/www.linkedin.com\/company\/sharespine\/","https:\/\/www.instagram.com\/sharespine\/"]}]}},"_links":{"self":[{"href":"https:\/\/www.sharespine.com\/sv\/wp-json\/wp\/v2\/pages\/58429","targetHints":{"allow":["GET"]}}],"collection":[{"href":"https:\/\/www.sharespine.com\/sv\/wp-json\/wp\/v2\/pages"}],"about":[{"href":"https:\/\/www.sharespine.com\/sv\/wp-json\/wp\/v2\/types\/page"}],"author":[{"embeddable":true,"href":"https:\/\/www.sharespine.com\/sv\/wp-json\/wp\/v2\/users\/22"}],"replies":[{"embeddable":true,"href":"https:\/\/www.sharespine.com\/sv\/wp-json\/wp\/v2\/comments?post=58429"}],"version-history":[{"count":5,"href":"https:\/\/www.sharespine.com\/sv\/wp-json\/wp\/v2\/pages\/58429\/revisions"}],"predecessor-version":[{"id":58437,"href":"https:\/\/www.sharespine.com\/sv\/wp-json\/wp\/v2\/pages\/58429\/revisions\/58437"}],"wp:featuredmedia":[{"embeddable":true,"href":"https:\/\/www.sharespine.com\/sv\/wp-json\/wp\/v2\/media\/58434"}],"wp:attachment":[{"href":"https:\/\/www.sharespine.com\/sv\/wp-json\/wp\/v2\/media?parent=58429"}],"wp:term":[{"taxonomy":"category","embeddable":true,"href":"https:\/\/www.sharespine.com\/sv\/wp-json\/wp\/v2\/categories?post=58429"},{"taxonomy":"post_tag","embeddable":true,"href":"https:\/\/www.sharespine.com\/sv\/wp-json\/wp\/v2\/tags?post=58429"}],"curies":[{"name":"wp","href":"https:\/\/api.w.org\/{rel}","templated":true}]}}