{"id":58955,"date":"2025-10-20T11:27:35","date_gmt":"2025-10-20T09:27:35","guid":{"rendered":"https:\/\/staging.sharespine.com\/?page_id=58955"},"modified":"2025-12-05T09:44:51","modified_gmt":"2025-12-05T08:44:51","slug":"spiris","status":"publish","type":"page","link":"https:\/\/www.sharespine.com\/sv\/anslutna-system\/betalvaxlar\/stripe\/marketplace\/spiris\/","title":{"rendered":"Spiris by Sharespine"},"content":{"rendered":"<p>[et_pb_section fb_built=&#8221;1&#8243; _builder_version=&#8221;4.27.4&#8243; _module_preset=&#8221;default&#8221; width=&#8221;1080px&#8221; global_colors_info=&#8221;{}&#8221;][et_pb_row column_structure=&#8221;2_5,3_5&#8243; _builder_version=&#8221;4.27.4&#8243; _module_preset=&#8221;default&#8221; width=&#8221;100%&#8221; global_colors_info=&#8221;{}&#8221;][et_pb_column type=&#8221;2_5&#8243; _builder_version=&#8221;4.27.4&#8243; _module_preset=&#8221;default&#8221; global_colors_info=&#8221;{}&#8221;][et_pb_code module_class=&#8221;app-video-text&#8221; _builder_version=&#8221;4.27.4&#8243; _module_preset=&#8221;default&#8221; text_orientation=&#8221;center&#8221; global_colors_info=&#8221;{}&#8221;]<\/p>\n<h2><!-- [et_pb_line_break_holder] -->  S\u00e5 kommer du ig\u00e5ng<!-- [et_pb_line_break_holder] --><\/h2>\n<p><!-- [et_pb_line_break_holder] --><pee><!-- [et_pb_line_break_holder] -->  Spana in videon som visar vad appen l\u00f6ser och hur du snabbt kommer ig\u00e5ng med automatiserad bokf\u00f6ring.<!-- [et_pb_line_break_holder] --><\/pee>[\/et_pb_code][\/et_pb_column][et_pb_column type=&#8221;3_5&#8243; _builder_version=&#8221;4.27.4&#8243; _module_preset=&#8221;default&#8221; global_colors_info=&#8221;{}&#8221;][et_pb_code _builder_version=&#8221;4.27.4&#8243; _module_preset=&#8221;default&#8221; text_orientation=&#8221;center&#8221; global_colors_info=&#8221;{}&#8221;]<iframe data-src=\"https:\/\/player.vimeo.com\/video\/1128931366?h=0dd73bac36&#038;badge=0&#038;autopause=0&#038;player_id=0&#038;app_id=58479\" width=\"1920\" height=\"1156\" frameborder=\"0\" allow=\"autoplay; fullscreen; picture-in-picture; clipboard-write; encrypted-media; web-share\" referrerpolicy=\"strict-origin-when-cross-origin\" title=\"Stripe\" src=\"data:image\/svg+xml;base64,PHN2ZyB3aWR0aD0iMSIgaGVpZ2h0PSIxIiB4bWxucz0iaHR0cDovL3d3dy53My5vcmcvMjAwMC9zdmciPjwvc3ZnPg==\" class=\"lazyload\" data-load-mode=\"1\"><\/iframe><!-- [et_pb_line_break_holder] --><!-- [et_pb_line_break_holder] -->[\/et_pb_code][\/et_pb_column][\/et_pb_row][\/et_pb_section]<\/p>\n","protected":false},"excerpt":{"rendered":"<p>Automatiserad bokf\u00f6ring<\/p>\n","protected":false},"author":11,"featured_media":61029,"parent":58953,"menu_order":0,"comment_status":"closed","ping_status":"closed","template":"","meta":{"_acf_changed":false,"_et_pb_use_builder":"on","_et_pb_old_content":"","_et_gb_content_width":"","content-type":"","footnotes":""},"categories":[424,423],"tags":[422],"class_list":["post-58955","page","type-page","status-publish","has-post-thumbnail","hentry","category-app-listings","category-app-stripe-marketplace","tag-app-stripe-marketplace"],"acf":[],"yoast_head":"<!-- This site is optimized with the Yoast SEO Premium plugin v26.2 (Yoast SEO v27.4) - https:\/\/yoast.com\/product\/yoast-seo-premium-wordpress\/ -->\n<title>Spiris by Sharespine - Sharespine<\/title>\n<meta name=\"description\" content=\"&quot;F\u00e5 automatisk bokf\u00f6ring i Spiris med Stripe. Vi hanterar f\u00f6rs\u00e4ljning, returer och payouts s\u00e5 att du alltid \u00e4r uppdaterad.&quot;\" \/>\n<meta name=\"robots\" content=\"index, follow, max-snippet:-1, max-image-preview:large, max-video-preview:-1\" \/>\n<link rel=\"canonical\" href=\"https:\/\/www.sharespine.com\/sv\/anslutna-system\/betalvaxlar\/stripe\/marketplace\/spiris\/\" \/>\n<meta property=\"og:locale\" content=\"sv_SE\" \/>\n<meta property=\"og:type\" content=\"article\" \/>\n<meta property=\"og:title\" content=\"Spiris by Sharespine\" \/>\n<meta property=\"og:description\" content=\"&quot;F\u00e5 automatisk bokf\u00f6ring i Spiris med Stripe. Vi hanterar f\u00f6rs\u00e4ljning, returer och payouts s\u00e5 att du alltid \u00e4r uppdaterad.&quot;\" \/>\n<meta property=\"og:url\" content=\"https:\/\/www.sharespine.com\/sv\/anslutna-system\/betalvaxlar\/stripe\/marketplace\/spiris\/\" \/>\n<meta property=\"og:site_name\" content=\"Sharespine\" \/>\n<meta property=\"article:publisher\" content=\"https:\/\/www.facebook.com\/sharespine\" \/>\n<meta property=\"article:modified_time\" content=\"2025-12-05T08:44:51+00:00\" \/>\n<meta property=\"og:image\" content=\"https:\/\/www.sharespine.com\/wp-content\/uploads\/2025\/12\/app-icon-spiris.jpg\" \/>\n\t<meta property=\"og:image:width\" content=\"200\" \/>\n\t<meta property=\"og:image:height\" content=\"200\" \/>\n\t<meta property=\"og:image:type\" content=\"image\/jpeg\" \/>\n<meta name=\"twitter:card\" content=\"summary_large_image\" \/>\n<meta name=\"twitter:label1\" content=\"Ber\u00e4knad l\u00e4stid\" \/>\n\t<meta name=\"twitter:data1\" content=\"1 minut\" \/>\n<script type=\"application\/ld+json\" class=\"yoast-schema-graph\">{\"@context\":\"https:\\\/\\\/schema.org\",\"@graph\":[{\"@type\":\"WebPage\",\"@id\":\"https:\\\/\\\/www.sharespine.com\\\/sv\\\/anslutna-system\\\/betalvaxlar\\\/stripe\\\/marketplace\\\/spiris\\\/\",\"url\":\"https:\\\/\\\/www.sharespine.com\\\/sv\\\/anslutna-system\\\/betalvaxlar\\\/stripe\\\/marketplace\\\/spiris\\\/\",\"name\":\"Spiris by Sharespine - Sharespine\",\"isPartOf\":{\"@id\":\"https:\\\/\\\/www.sharespine.com\\\/sv\\\/#website\"},\"primaryImageOfPage\":{\"@id\":\"https:\\\/\\\/www.sharespine.com\\\/sv\\\/anslutna-system\\\/betalvaxlar\\\/stripe\\\/marketplace\\\/spiris\\\/#primaryimage\"},\"image\":{\"@id\":\"https:\\\/\\\/www.sharespine.com\\\/sv\\\/anslutna-system\\\/betalvaxlar\\\/stripe\\\/marketplace\\\/spiris\\\/#primaryimage\"},\"thumbnailUrl\":\"https:\\\/\\\/www.sharespine.com\\\/wp-content\\\/uploads\\\/2025\\\/12\\\/app-icon-spiris.jpg\",\"datePublished\":\"2025-10-20T09:27:35+00:00\",\"dateModified\":\"2025-12-05T08:44:51+00:00\",\"description\":\"\\\"F\u00e5 automatisk bokf\u00f6ring i Spiris med Stripe. Vi hanterar f\u00f6rs\u00e4ljning, returer och payouts s\u00e5 att du alltid \u00e4r uppdaterad.\\\"\",\"breadcrumb\":{\"@id\":\"https:\\\/\\\/www.sharespine.com\\\/sv\\\/anslutna-system\\\/betalvaxlar\\\/stripe\\\/marketplace\\\/spiris\\\/#breadcrumb\"},\"inLanguage\":\"sv-SE\",\"potentialAction\":[{\"@type\":\"ReadAction\",\"target\":[\"https:\\\/\\\/www.sharespine.com\\\/sv\\\/anslutna-system\\\/betalvaxlar\\\/stripe\\\/marketplace\\\/spiris\\\/\"]}]},{\"@type\":\"ImageObject\",\"inLanguage\":\"sv-SE\",\"@id\":\"https:\\\/\\\/www.sharespine.com\\\/sv\\\/anslutna-system\\\/betalvaxlar\\\/stripe\\\/marketplace\\\/spiris\\\/#primaryimage\",\"url\":\"https:\\\/\\\/www.sharespine.com\\\/wp-content\\\/uploads\\\/2025\\\/12\\\/app-icon-spiris.jpg\",\"contentUrl\":\"https:\\\/\\\/www.sharespine.com\\\/wp-content\\\/uploads\\\/2025\\\/12\\\/app-icon-spiris.jpg\",\"width\":200,\"height\":200},{\"@type\":\"BreadcrumbList\",\"@id\":\"https:\\\/\\\/www.sharespine.com\\\/sv\\\/anslutna-system\\\/betalvaxlar\\\/stripe\\\/marketplace\\\/spiris\\\/#breadcrumb\",\"itemListElement\":[{\"@type\":\"ListItem\",\"position\":1,\"name\":\"Hem\",\"item\":\"https:\\\/\\\/www.sharespine.com\\\/sv\\\/\"},{\"@type\":\"ListItem\",\"position\":2,\"name\":\"Anslutna system\",\"item\":\"https:\\\/\\\/www.sharespine.com\\\/sv\\\/anslutna-system\\\/\"},{\"@type\":\"ListItem\",\"position\":3,\"name\":\"Integrera betalv\u00e4xlar &#038; betalsystem\",\"item\":\"https:\\\/\\\/www.sharespine.com\\\/sv\\\/anslutna-system\\\/betalvaxlar\\\/\"},{\"@type\":\"ListItem\",\"position\":4,\"name\":\"Stripe integrationer f\u00f6r e-handel &#038; bokf\u00f6ring\",\"item\":\"https:\\\/\\\/www.sharespine.com\\\/sv\\\/anslutna-system\\\/betalvaxlar\\\/stripe\\\/\"},{\"@type\":\"ListItem\",\"position\":5,\"name\":\"Stripe Marketplace\",\"item\":\"https:\\\/\\\/www.sharespine.com\\\/sv\\\/anslutna-system\\\/betalvaxlar\\\/stripe\\\/marketplace\\\/\"},{\"@type\":\"ListItem\",\"position\":6,\"name\":\"Spiris by Sharespine\"}]},{\"@type\":\"WebSite\",\"@id\":\"https:\\\/\\\/www.sharespine.com\\\/sv\\\/#website\",\"url\":\"https:\\\/\\\/www.sharespine.com\\\/sv\\\/\",\"name\":\"Sharespine\",\"description\":\"Integrationsplattform f\u00f6r e-handel &amp; bokf\u00f6ring\",\"publisher\":{\"@id\":\"https:\\\/\\\/www.sharespine.com\\\/sv\\\/#organization\"},\"potentialAction\":[{\"@type\":\"SearchAction\",\"target\":{\"@type\":\"EntryPoint\",\"urlTemplate\":\"https:\\\/\\\/www.sharespine.com\\\/sv\\\/?s={search_term_string}\"},\"query-input\":{\"@type\":\"PropertyValueSpecification\",\"valueRequired\":true,\"valueName\":\"search_term_string\"}}],\"inLanguage\":\"sv-SE\"},{\"@type\":\"Organization\",\"@id\":\"https:\\\/\\\/www.sharespine.com\\\/sv\\\/#organization\",\"name\":\"Sharespine AB\",\"url\":\"https:\\\/\\\/www.sharespine.com\\\/sv\\\/\",\"logo\":{\"@type\":\"ImageObject\",\"inLanguage\":\"sv-SE\",\"@id\":\"https:\\\/\\\/www.sharespine.com\\\/sv\\\/#\\\/schema\\\/logo\\\/image\\\/\",\"url\":\"https:\\\/\\\/www.sharespine.com\\\/wp-content\\\/uploads\\\/2022\\\/11\\\/logo-default.png\",\"contentUrl\":\"https:\\\/\\\/www.sharespine.com\\\/wp-content\\\/uploads\\\/2022\\\/11\\\/logo-default.png\",\"width\":700,\"height\":153,\"caption\":\"Sharespine AB\"},\"image\":{\"@id\":\"https:\\\/\\\/www.sharespine.com\\\/sv\\\/#\\\/schema\\\/logo\\\/image\\\/\"},\"sameAs\":[\"https:\\\/\\\/www.facebook.com\\\/sharespine\",\"https:\\\/\\\/www.linkedin.com\\\/company\\\/sharespine\\\/\",\"https:\\\/\\\/www.instagram.com\\\/sharespine\\\/\"]}]}<\/script>\n<!-- \/ Yoast SEO Premium plugin. -->","yoast_head_json":{"title":"Spiris by Sharespine - Sharespine","description":"\"F\u00e5 automatisk bokf\u00f6ring i Spiris med Stripe. Vi hanterar f\u00f6rs\u00e4ljning, returer och payouts s\u00e5 att du alltid \u00e4r uppdaterad.\"","robots":{"index":"index","follow":"follow","max-snippet":"max-snippet:-1","max-image-preview":"max-image-preview:large","max-video-preview":"max-video-preview:-1"},"canonical":"https:\/\/www.sharespine.com\/sv\/anslutna-system\/betalvaxlar\/stripe\/marketplace\/spiris\/","og_locale":"sv_SE","og_type":"article","og_title":"Spiris by Sharespine","og_description":"\"F\u00e5 automatisk bokf\u00f6ring i Spiris med Stripe. Vi hanterar f\u00f6rs\u00e4ljning, returer och payouts s\u00e5 att du alltid \u00e4r uppdaterad.\"","og_url":"https:\/\/www.sharespine.com\/sv\/anslutna-system\/betalvaxlar\/stripe\/marketplace\/spiris\/","og_site_name":"Sharespine","article_publisher":"https:\/\/www.facebook.com\/sharespine","article_modified_time":"2025-12-05T08:44:51+00:00","og_image":[{"width":200,"height":200,"url":"https:\/\/www.sharespine.com\/wp-content\/uploads\/2025\/12\/app-icon-spiris.jpg","type":"image\/jpeg"}],"twitter_card":"summary_large_image","twitter_misc":{"Ber\u00e4knad l\u00e4stid":"1 minut"},"schema":{"@context":"https:\/\/schema.org","@graph":[{"@type":"WebPage","@id":"https:\/\/www.sharespine.com\/sv\/anslutna-system\/betalvaxlar\/stripe\/marketplace\/spiris\/","url":"https:\/\/www.sharespine.com\/sv\/anslutna-system\/betalvaxlar\/stripe\/marketplace\/spiris\/","name":"Spiris by Sharespine - Sharespine","isPartOf":{"@id":"https:\/\/www.sharespine.com\/sv\/#website"},"primaryImageOfPage":{"@id":"https:\/\/www.sharespine.com\/sv\/anslutna-system\/betalvaxlar\/stripe\/marketplace\/spiris\/#primaryimage"},"image":{"@id":"https:\/\/www.sharespine.com\/sv\/anslutna-system\/betalvaxlar\/stripe\/marketplace\/spiris\/#primaryimage"},"thumbnailUrl":"https:\/\/www.sharespine.com\/wp-content\/uploads\/2025\/12\/app-icon-spiris.jpg","datePublished":"2025-10-20T09:27:35+00:00","dateModified":"2025-12-05T08:44:51+00:00","description":"\"F\u00e5 automatisk bokf\u00f6ring i Spiris med Stripe. Vi hanterar f\u00f6rs\u00e4ljning, returer och payouts s\u00e5 att du alltid \u00e4r uppdaterad.\"","breadcrumb":{"@id":"https:\/\/www.sharespine.com\/sv\/anslutna-system\/betalvaxlar\/stripe\/marketplace\/spiris\/#breadcrumb"},"inLanguage":"sv-SE","potentialAction":[{"@type":"ReadAction","target":["https:\/\/www.sharespine.com\/sv\/anslutna-system\/betalvaxlar\/stripe\/marketplace\/spiris\/"]}]},{"@type":"ImageObject","inLanguage":"sv-SE","@id":"https:\/\/www.sharespine.com\/sv\/anslutna-system\/betalvaxlar\/stripe\/marketplace\/spiris\/#primaryimage","url":"https:\/\/www.sharespine.com\/wp-content\/uploads\/2025\/12\/app-icon-spiris.jpg","contentUrl":"https:\/\/www.sharespine.com\/wp-content\/uploads\/2025\/12\/app-icon-spiris.jpg","width":200,"height":200},{"@type":"BreadcrumbList","@id":"https:\/\/www.sharespine.com\/sv\/anslutna-system\/betalvaxlar\/stripe\/marketplace\/spiris\/#breadcrumb","itemListElement":[{"@type":"ListItem","position":1,"name":"Hem","item":"https:\/\/www.sharespine.com\/sv\/"},{"@type":"ListItem","position":2,"name":"Anslutna system","item":"https:\/\/www.sharespine.com\/sv\/anslutna-system\/"},{"@type":"ListItem","position":3,"name":"Integrera betalv\u00e4xlar &#038; betalsystem","item":"https:\/\/www.sharespine.com\/sv\/anslutna-system\/betalvaxlar\/"},{"@type":"ListItem","position":4,"name":"Stripe integrationer f\u00f6r e-handel &#038; bokf\u00f6ring","item":"https:\/\/www.sharespine.com\/sv\/anslutna-system\/betalvaxlar\/stripe\/"},{"@type":"ListItem","position":5,"name":"Stripe Marketplace","item":"https:\/\/www.sharespine.com\/sv\/anslutna-system\/betalvaxlar\/stripe\/marketplace\/"},{"@type":"ListItem","position":6,"name":"Spiris by Sharespine"}]},{"@type":"WebSite","@id":"https:\/\/www.sharespine.com\/sv\/#website","url":"https:\/\/www.sharespine.com\/sv\/","name":"Sharespine","description":"Integrationsplattform f\u00f6r e-handel &amp; bokf\u00f6ring","publisher":{"@id":"https:\/\/www.sharespine.com\/sv\/#organization"},"potentialAction":[{"@type":"SearchAction","target":{"@type":"EntryPoint","urlTemplate":"https:\/\/www.sharespine.com\/sv\/?s={search_term_string}"},"query-input":{"@type":"PropertyValueSpecification","valueRequired":true,"valueName":"search_term_string"}}],"inLanguage":"sv-SE"},{"@type":"Organization","@id":"https:\/\/www.sharespine.com\/sv\/#organization","name":"Sharespine AB","url":"https:\/\/www.sharespine.com\/sv\/","logo":{"@type":"ImageObject","inLanguage":"sv-SE","@id":"https:\/\/www.sharespine.com\/sv\/#\/schema\/logo\/image\/","url":"https:\/\/www.sharespine.com\/wp-content\/uploads\/2022\/11\/logo-default.png","contentUrl":"https:\/\/www.sharespine.com\/wp-content\/uploads\/2022\/11\/logo-default.png","width":700,"height":153,"caption":"Sharespine AB"},"image":{"@id":"https:\/\/www.sharespine.com\/sv\/#\/schema\/logo\/image\/"},"sameAs":["https:\/\/www.facebook.com\/sharespine","https:\/\/www.linkedin.com\/company\/sharespine\/","https:\/\/www.instagram.com\/sharespine\/"]}]}},"_links":{"self":[{"href":"https:\/\/www.sharespine.com\/sv\/wp-json\/wp\/v2\/pages\/58955","targetHints":{"allow":["GET"]}}],"collection":[{"href":"https:\/\/www.sharespine.com\/sv\/wp-json\/wp\/v2\/pages"}],"about":[{"href":"https:\/\/www.sharespine.com\/sv\/wp-json\/wp\/v2\/types\/page"}],"author":[{"embeddable":true,"href":"https:\/\/www.sharespine.com\/sv\/wp-json\/wp\/v2\/users\/11"}],"replies":[{"embeddable":true,"href":"https:\/\/www.sharespine.com\/sv\/wp-json\/wp\/v2\/comments?post=58955"}],"version-history":[{"count":25,"href":"https:\/\/www.sharespine.com\/sv\/wp-json\/wp\/v2\/pages\/58955\/revisions"}],"predecessor-version":[{"id":61036,"href":"https:\/\/www.sharespine.com\/sv\/wp-json\/wp\/v2\/pages\/58955\/revisions\/61036"}],"up":[{"embeddable":true,"href":"https:\/\/www.sharespine.com\/sv\/wp-json\/wp\/v2\/pages\/58953"}],"wp:featuredmedia":[{"embeddable":true,"href":"https:\/\/www.sharespine.com\/sv\/wp-json\/wp\/v2\/media\/61029"}],"wp:attachment":[{"href":"https:\/\/www.sharespine.com\/sv\/wp-json\/wp\/v2\/media?parent=58955"}],"wp:term":[{"taxonomy":"category","embeddable":true,"href":"https:\/\/www.sharespine.com\/sv\/wp-json\/wp\/v2\/categories?post=58955"},{"taxonomy":"post_tag","embeddable":true,"href":"https:\/\/www.sharespine.com\/sv\/wp-json\/wp\/v2\/tags?post=58955"}],"curies":[{"name":"wp","href":"https:\/\/api.w.org\/{rel}","templated":true}]}}