{"id":59505,"date":"2025-10-29T11:28:30","date_gmt":"2025-10-29T10:28:30","guid":{"rendered":"https:\/\/staging.sharespine.com\/?page_id=59505"},"modified":"2025-12-03T10:56:03","modified_gmt":"2025-12-03T09:56:03","slug":"paypal","status":"publish","type":"page","link":"https:\/\/www.sharespine.com\/sv\/anslutna-system\/ekonomisystem\/spiris\/integrationer\/paypal\/","title":{"rendered":"PayPal by Sharespine"},"content":{"rendered":"<p>[et_pb_section fb_built=&#8221;1&#8243; admin_label=&#8221;section&#8221; _builder_version=&#8221;4.27.4&#8243; hover_enabled=&#8221;0&#8243; global_colors_info=&#8221;{}&#8221; disabled_on=&#8221;on|on|on&#8221; disabled=&#8221;on&#8221; sticky_enabled=&#8221;0&#8243;][et_pb_row column_structure=&#8221;2_5,3_5&#8243; admin_label=&#8221;row&#8221; _builder_version=&#8221;4.27.4&#8243; background_size=&#8221;initial&#8221; background_position=&#8221;top_left&#8221; background_repeat=&#8221;repeat&#8221; width=&#8221;100%&#8221; global_colors_info=&#8221;{}&#8221;][et_pb_column type=&#8221;2_5&#8243; _builder_version=&#8221;4.16&#8243; custom_padding=&#8221;|||&#8221; global_colors_info=&#8221;{}&#8221; custom_padding__hover=&#8221;|||&#8221;][et_pb_code module_class=&#8221;app-video-text&#8221; _builder_version=&#8221;4.27.4&#8243; _module_preset=&#8221;default&#8221; global_colors_info=&#8221;{}&#8221;]<\/p>\n<h2><!-- [et_pb_line_break_holder] -->  S\u00e5 kommer du ig\u00e5ng<!-- [et_pb_line_break_holder] --><\/h2>\n<p><!-- [et_pb_line_break_holder] --><pee><!-- [et_pb_line_break_holder] -->  Spana in videon som visar vad appen l\u00f6ser och hur du snabbt kommer ig\u00e5ng med automatiserad bokf\u00f6ring.<!-- [et_pb_line_break_holder] --><\/pee>[\/et_pb_code][\/et_pb_column][et_pb_column type=&#8221;3_5&#8243; _builder_version=&#8221;4.16&#8243; custom_padding=&#8221;|||&#8221; global_colors_info=&#8221;{}&#8221; custom_padding__hover=&#8221;|||&#8221;][\/et_pb_column][\/et_pb_row][\/et_pb_section]<\/p>\n","protected":false},"excerpt":{"rendered":"","protected":false},"author":11,"featured_media":61000,"parent":59478,"menu_order":0,"comment_status":"closed","ping_status":"closed","template":"","meta":{"_acf_changed":false,"_et_pb_use_builder":"on","_et_pb_old_content":"","_et_gb_content_width":"","content-type":"","footnotes":""},"categories":[424,472],"tags":[],"class_list":["post-59505","page","type-page","status-publish","has-post-thumbnail","hentry","category-app-listings","category-app-spiris-integrationer"],"acf":[],"yoast_head":"<!-- This site is optimized with the Yoast SEO Premium plugin v26.2 (Yoast SEO v27.4) - https:\/\/yoast.com\/product\/yoast-seo-premium-wordpress\/ -->\n<title>PayPal by Sharespine - Sharespine<\/title>\n<meta name=\"description\" content=\"Automatisera bokf\u00f6ringen f\u00f6r PayPal och Spiris. Spara tid, undvik fel och f\u00e5 full kontroll med daglig, sp\u00e5rbar bokf\u00f6ring i Fortnox.\" \/>\n<meta name=\"robots\" content=\"index, follow, max-snippet:-1, max-image-preview:large, max-video-preview:-1\" \/>\n<link rel=\"canonical\" href=\"https:\/\/www.sharespine.com\/sv\/anslutna-system\/ekonomisystem\/spiris\/integrationer\/paypal\/\" \/>\n<meta property=\"og:locale\" content=\"sv_SE\" \/>\n<meta property=\"og:type\" content=\"article\" \/>\n<meta property=\"og:title\" content=\"PayPal by Sharespine\" \/>\n<meta property=\"og:description\" content=\"Automatisera bokf\u00f6ringen f\u00f6r PayPal och Spiris. Spara tid, undvik fel och f\u00e5 full kontroll med daglig, sp\u00e5rbar bokf\u00f6ring i Fortnox.\" \/>\n<meta property=\"og:url\" content=\"https:\/\/www.sharespine.com\/sv\/anslutna-system\/ekonomisystem\/spiris\/integrationer\/paypal\/\" \/>\n<meta property=\"og:site_name\" content=\"Sharespine\" \/>\n<meta property=\"article:publisher\" content=\"https:\/\/www.facebook.com\/sharespine\" \/>\n<meta property=\"article:modified_time\" content=\"2025-12-03T09:56:03+00:00\" \/>\n<meta property=\"og:image\" content=\"https:\/\/www.sharespine.com\/wp-content\/uploads\/2025\/12\/app-icon-paypal-1.png\" \/>\n\t<meta property=\"og:image:width\" content=\"300\" \/>\n\t<meta property=\"og:image:height\" content=\"300\" \/>\n\t<meta property=\"og:image:type\" content=\"image\/png\" \/>\n<meta name=\"twitter:card\" content=\"summary_large_image\" \/>\n<meta name=\"twitter:label1\" content=\"Ber\u00e4knad l\u00e4stid\" \/>\n\t<meta name=\"twitter:data1\" content=\"1 minut\" \/>\n<script type=\"application\/ld+json\" class=\"yoast-schema-graph\">{\"@context\":\"https:\\\/\\\/schema.org\",\"@graph\":[{\"@type\":\"WebPage\",\"@id\":\"https:\\\/\\\/www.sharespine.com\\\/sv\\\/anslutna-system\\\/ekonomisystem\\\/spiris\\\/integrationer\\\/paypal\\\/\",\"url\":\"https:\\\/\\\/www.sharespine.com\\\/sv\\\/anslutna-system\\\/ekonomisystem\\\/spiris\\\/integrationer\\\/paypal\\\/\",\"name\":\"PayPal by Sharespine - Sharespine\",\"isPartOf\":{\"@id\":\"https:\\\/\\\/www.sharespine.com\\\/sv\\\/#website\"},\"primaryImageOfPage\":{\"@id\":\"https:\\\/\\\/www.sharespine.com\\\/sv\\\/anslutna-system\\\/ekonomisystem\\\/spiris\\\/integrationer\\\/paypal\\\/#primaryimage\"},\"image\":{\"@id\":\"https:\\\/\\\/www.sharespine.com\\\/sv\\\/anslutna-system\\\/ekonomisystem\\\/spiris\\\/integrationer\\\/paypal\\\/#primaryimage\"},\"thumbnailUrl\":\"https:\\\/\\\/www.sharespine.com\\\/wp-content\\\/uploads\\\/2025\\\/12\\\/app-icon-paypal-1.png\",\"datePublished\":\"2025-10-29T10:28:30+00:00\",\"dateModified\":\"2025-12-03T09:56:03+00:00\",\"description\":\"Automatisera bokf\u00f6ringen f\u00f6r PayPal och Spiris. Spara tid, undvik fel och f\u00e5 full kontroll med daglig, sp\u00e5rbar bokf\u00f6ring i Fortnox.\",\"breadcrumb\":{\"@id\":\"https:\\\/\\\/www.sharespine.com\\\/sv\\\/anslutna-system\\\/ekonomisystem\\\/spiris\\\/integrationer\\\/paypal\\\/#breadcrumb\"},\"inLanguage\":\"sv-SE\",\"potentialAction\":[{\"@type\":\"ReadAction\",\"target\":[\"https:\\\/\\\/www.sharespine.com\\\/sv\\\/anslutna-system\\\/ekonomisystem\\\/spiris\\\/integrationer\\\/paypal\\\/\"]}]},{\"@type\":\"ImageObject\",\"inLanguage\":\"sv-SE\",\"@id\":\"https:\\\/\\\/www.sharespine.com\\\/sv\\\/anslutna-system\\\/ekonomisystem\\\/spiris\\\/integrationer\\\/paypal\\\/#primaryimage\",\"url\":\"https:\\\/\\\/www.sharespine.com\\\/wp-content\\\/uploads\\\/2025\\\/12\\\/app-icon-paypal-1.png\",\"contentUrl\":\"https:\\\/\\\/www.sharespine.com\\\/wp-content\\\/uploads\\\/2025\\\/12\\\/app-icon-paypal-1.png\",\"width\":300,\"height\":300,\"caption\":\"Sharespine App PayPal\"},{\"@type\":\"BreadcrumbList\",\"@id\":\"https:\\\/\\\/www.sharespine.com\\\/sv\\\/anslutna-system\\\/ekonomisystem\\\/spiris\\\/integrationer\\\/paypal\\\/#breadcrumb\",\"itemListElement\":[{\"@type\":\"ListItem\",\"position\":1,\"name\":\"Hem\",\"item\":\"https:\\\/\\\/www.sharespine.com\\\/sv\\\/\"},{\"@type\":\"ListItem\",\"position\":2,\"name\":\"Anslutna system\",\"item\":\"https:\\\/\\\/www.sharespine.com\\\/sv\\\/anslutna-system\\\/\"},{\"@type\":\"ListItem\",\"position\":3,\"name\":\"Anslutna ekonomi &#038; aff\u00e4rssystem\",\"item\":\"https:\\\/\\\/www.sharespine.com\\\/sv\\\/anslutna-system\\\/ekonomisystem\\\/\"},{\"@type\":\"ListItem\",\"position\":4,\"name\":\"Spiris integrationer f\u00f6r e-handel &#038; bokf\u00f6ring\",\"item\":\"https:\\\/\\\/www.sharespine.com\\\/sv\\\/anslutna-system\\\/ekonomisystem\\\/spiris\\\/\"},{\"@type\":\"ListItem\",\"position\":5,\"name\":\"Spiris integrationer\",\"item\":\"https:\\\/\\\/www.sharespine.com\\\/sv\\\/anslutna-system\\\/ekonomisystem\\\/spiris\\\/integrationer\\\/\"},{\"@type\":\"ListItem\",\"position\":6,\"name\":\"PayPal by Sharespine\"}]},{\"@type\":\"WebSite\",\"@id\":\"https:\\\/\\\/www.sharespine.com\\\/sv\\\/#website\",\"url\":\"https:\\\/\\\/www.sharespine.com\\\/sv\\\/\",\"name\":\"Sharespine\",\"description\":\"Integrationsplattform f\u00f6r e-handel &amp; bokf\u00f6ring\",\"publisher\":{\"@id\":\"https:\\\/\\\/www.sharespine.com\\\/sv\\\/#organization\"},\"potentialAction\":[{\"@type\":\"SearchAction\",\"target\":{\"@type\":\"EntryPoint\",\"urlTemplate\":\"https:\\\/\\\/www.sharespine.com\\\/sv\\\/?s={search_term_string}\"},\"query-input\":{\"@type\":\"PropertyValueSpecification\",\"valueRequired\":true,\"valueName\":\"search_term_string\"}}],\"inLanguage\":\"sv-SE\"},{\"@type\":\"Organization\",\"@id\":\"https:\\\/\\\/www.sharespine.com\\\/sv\\\/#organization\",\"name\":\"Sharespine AB\",\"url\":\"https:\\\/\\\/www.sharespine.com\\\/sv\\\/\",\"logo\":{\"@type\":\"ImageObject\",\"inLanguage\":\"sv-SE\",\"@id\":\"https:\\\/\\\/www.sharespine.com\\\/sv\\\/#\\\/schema\\\/logo\\\/image\\\/\",\"url\":\"https:\\\/\\\/www.sharespine.com\\\/wp-content\\\/uploads\\\/2022\\\/11\\\/logo-default.png\",\"contentUrl\":\"https:\\\/\\\/www.sharespine.com\\\/wp-content\\\/uploads\\\/2022\\\/11\\\/logo-default.png\",\"width\":700,\"height\":153,\"caption\":\"Sharespine AB\"},\"image\":{\"@id\":\"https:\\\/\\\/www.sharespine.com\\\/sv\\\/#\\\/schema\\\/logo\\\/image\\\/\"},\"sameAs\":[\"https:\\\/\\\/www.facebook.com\\\/sharespine\",\"https:\\\/\\\/www.linkedin.com\\\/company\\\/sharespine\\\/\",\"https:\\\/\\\/www.instagram.com\\\/sharespine\\\/\"]}]}<\/script>\n<!-- \/ Yoast SEO Premium plugin. -->","yoast_head_json":{"title":"PayPal by Sharespine - Sharespine","description":"Automatisera bokf\u00f6ringen f\u00f6r PayPal och Spiris. Spara tid, undvik fel och f\u00e5 full kontroll med daglig, sp\u00e5rbar bokf\u00f6ring i Fortnox.","robots":{"index":"index","follow":"follow","max-snippet":"max-snippet:-1","max-image-preview":"max-image-preview:large","max-video-preview":"max-video-preview:-1"},"canonical":"https:\/\/www.sharespine.com\/sv\/anslutna-system\/ekonomisystem\/spiris\/integrationer\/paypal\/","og_locale":"sv_SE","og_type":"article","og_title":"PayPal by Sharespine","og_description":"Automatisera bokf\u00f6ringen f\u00f6r PayPal och Spiris. Spara tid, undvik fel och f\u00e5 full kontroll med daglig, sp\u00e5rbar bokf\u00f6ring i Fortnox.","og_url":"https:\/\/www.sharespine.com\/sv\/anslutna-system\/ekonomisystem\/spiris\/integrationer\/paypal\/","og_site_name":"Sharespine","article_publisher":"https:\/\/www.facebook.com\/sharespine","article_modified_time":"2025-12-03T09:56:03+00:00","og_image":[{"width":300,"height":300,"url":"https:\/\/www.sharespine.com\/wp-content\/uploads\/2025\/12\/app-icon-paypal-1.png","type":"image\/png"}],"twitter_card":"summary_large_image","twitter_misc":{"Ber\u00e4knad l\u00e4stid":"1 minut"},"schema":{"@context":"https:\/\/schema.org","@graph":[{"@type":"WebPage","@id":"https:\/\/www.sharespine.com\/sv\/anslutna-system\/ekonomisystem\/spiris\/integrationer\/paypal\/","url":"https:\/\/www.sharespine.com\/sv\/anslutna-system\/ekonomisystem\/spiris\/integrationer\/paypal\/","name":"PayPal by Sharespine - Sharespine","isPartOf":{"@id":"https:\/\/www.sharespine.com\/sv\/#website"},"primaryImageOfPage":{"@id":"https:\/\/www.sharespine.com\/sv\/anslutna-system\/ekonomisystem\/spiris\/integrationer\/paypal\/#primaryimage"},"image":{"@id":"https:\/\/www.sharespine.com\/sv\/anslutna-system\/ekonomisystem\/spiris\/integrationer\/paypal\/#primaryimage"},"thumbnailUrl":"https:\/\/www.sharespine.com\/wp-content\/uploads\/2025\/12\/app-icon-paypal-1.png","datePublished":"2025-10-29T10:28:30+00:00","dateModified":"2025-12-03T09:56:03+00:00","description":"Automatisera bokf\u00f6ringen f\u00f6r PayPal och Spiris. Spara tid, undvik fel och f\u00e5 full kontroll med daglig, sp\u00e5rbar bokf\u00f6ring i Fortnox.","breadcrumb":{"@id":"https:\/\/www.sharespine.com\/sv\/anslutna-system\/ekonomisystem\/spiris\/integrationer\/paypal\/#breadcrumb"},"inLanguage":"sv-SE","potentialAction":[{"@type":"ReadAction","target":["https:\/\/www.sharespine.com\/sv\/anslutna-system\/ekonomisystem\/spiris\/integrationer\/paypal\/"]}]},{"@type":"ImageObject","inLanguage":"sv-SE","@id":"https:\/\/www.sharespine.com\/sv\/anslutna-system\/ekonomisystem\/spiris\/integrationer\/paypal\/#primaryimage","url":"https:\/\/www.sharespine.com\/wp-content\/uploads\/2025\/12\/app-icon-paypal-1.png","contentUrl":"https:\/\/www.sharespine.com\/wp-content\/uploads\/2025\/12\/app-icon-paypal-1.png","width":300,"height":300,"caption":"Sharespine App PayPal"},{"@type":"BreadcrumbList","@id":"https:\/\/www.sharespine.com\/sv\/anslutna-system\/ekonomisystem\/spiris\/integrationer\/paypal\/#breadcrumb","itemListElement":[{"@type":"ListItem","position":1,"name":"Hem","item":"https:\/\/www.sharespine.com\/sv\/"},{"@type":"ListItem","position":2,"name":"Anslutna system","item":"https:\/\/www.sharespine.com\/sv\/anslutna-system\/"},{"@type":"ListItem","position":3,"name":"Anslutna ekonomi &#038; aff\u00e4rssystem","item":"https:\/\/www.sharespine.com\/sv\/anslutna-system\/ekonomisystem\/"},{"@type":"ListItem","position":4,"name":"Spiris integrationer f\u00f6r e-handel &#038; bokf\u00f6ring","item":"https:\/\/www.sharespine.com\/sv\/anslutna-system\/ekonomisystem\/spiris\/"},{"@type":"ListItem","position":5,"name":"Spiris integrationer","item":"https:\/\/www.sharespine.com\/sv\/anslutna-system\/ekonomisystem\/spiris\/integrationer\/"},{"@type":"ListItem","position":6,"name":"PayPal by Sharespine"}]},{"@type":"WebSite","@id":"https:\/\/www.sharespine.com\/sv\/#website","url":"https:\/\/www.sharespine.com\/sv\/","name":"Sharespine","description":"Integrationsplattform f\u00f6r e-handel &amp; bokf\u00f6ring","publisher":{"@id":"https:\/\/www.sharespine.com\/sv\/#organization"},"potentialAction":[{"@type":"SearchAction","target":{"@type":"EntryPoint","urlTemplate":"https:\/\/www.sharespine.com\/sv\/?s={search_term_string}"},"query-input":{"@type":"PropertyValueSpecification","valueRequired":true,"valueName":"search_term_string"}}],"inLanguage":"sv-SE"},{"@type":"Organization","@id":"https:\/\/www.sharespine.com\/sv\/#organization","name":"Sharespine AB","url":"https:\/\/www.sharespine.com\/sv\/","logo":{"@type":"ImageObject","inLanguage":"sv-SE","@id":"https:\/\/www.sharespine.com\/sv\/#\/schema\/logo\/image\/","url":"https:\/\/www.sharespine.com\/wp-content\/uploads\/2022\/11\/logo-default.png","contentUrl":"https:\/\/www.sharespine.com\/wp-content\/uploads\/2022\/11\/logo-default.png","width":700,"height":153,"caption":"Sharespine AB"},"image":{"@id":"https:\/\/www.sharespine.com\/sv\/#\/schema\/logo\/image\/"},"sameAs":["https:\/\/www.facebook.com\/sharespine","https:\/\/www.linkedin.com\/company\/sharespine\/","https:\/\/www.instagram.com\/sharespine\/"]}]}},"_links":{"self":[{"href":"https:\/\/www.sharespine.com\/sv\/wp-json\/wp\/v2\/pages\/59505","targetHints":{"allow":["GET"]}}],"collection":[{"href":"https:\/\/www.sharespine.com\/sv\/wp-json\/wp\/v2\/pages"}],"about":[{"href":"https:\/\/www.sharespine.com\/sv\/wp-json\/wp\/v2\/types\/page"}],"author":[{"embeddable":true,"href":"https:\/\/www.sharespine.com\/sv\/wp-json\/wp\/v2\/users\/11"}],"replies":[{"embeddable":true,"href":"https:\/\/www.sharespine.com\/sv\/wp-json\/wp\/v2\/comments?post=59505"}],"version-history":[{"count":12,"href":"https:\/\/www.sharespine.com\/sv\/wp-json\/wp\/v2\/pages\/59505\/revisions"}],"predecessor-version":[{"id":61044,"href":"https:\/\/www.sharespine.com\/sv\/wp-json\/wp\/v2\/pages\/59505\/revisions\/61044"}],"up":[{"embeddable":true,"href":"https:\/\/www.sharespine.com\/sv\/wp-json\/wp\/v2\/pages\/59478"}],"wp:featuredmedia":[{"embeddable":true,"href":"https:\/\/www.sharespine.com\/sv\/wp-json\/wp\/v2\/media\/61000"}],"wp:attachment":[{"href":"https:\/\/www.sharespine.com\/sv\/wp-json\/wp\/v2\/media?parent=59505"}],"wp:term":[{"taxonomy":"category","embeddable":true,"href":"https:\/\/www.sharespine.com\/sv\/wp-json\/wp\/v2\/categories?post=59505"},{"taxonomy":"post_tag","embeddable":true,"href":"https:\/\/www.sharespine.com\/sv\/wp-json\/wp\/v2\/tags?post=59505"}],"curies":[{"name":"wp","href":"https:\/\/api.w.org\/{rel}","templated":true}]}}