{"id":5963,"date":"2018-04-06T14:44:32","date_gmt":"2018-04-06T12:44:32","guid":{"rendered":"http:\/\/dd.dev-sharespine.se\/?page_id=5963"},"modified":"2026-01-21T09:53:22","modified_gmt":"2026-01-21T08:53:22","slug":"paypal","status":"publish","type":"page","link":"https:\/\/www.sharespine.com\/sv\/anslutna-system\/betalvaxlar\/paypal\/","title":{"rendered":"PayPal Pro integrationer f\u00f6r e-handel &#038; bokf\u00f6ring"},"content":{"rendered":"<p>[et_pb_section fb_built=&#8221;1&#8243; admin_label=&#8221;Connector Video&#8221; module_class=&#8221;connector-video-wrapper&#8221; _builder_version=&#8221;4.27.4&#8243; _module_preset=&#8221;default&#8221; global_colors_info=&#8221;{}&#8221;][et_pb_row column_structure=&#8221;2_5,3_5&#8243; use_custom_gutter=&#8221;on&#8221; make_equal=&#8221;on&#8221; _builder_version=&#8221;4.27.4&#8243; _module_preset=&#8221;default&#8221; global_colors_info=&#8221;{}&#8221;][et_pb_column type=&#8221;2_5&#8243; _builder_version=&#8221;4.27.4&#8243; _module_preset=&#8221;default&#8221; global_colors_info=&#8221;{}&#8221;][et_pb_code _builder_version=&#8221;4.27.4&#8243; _module_preset=&#8221;default&#8221; global_colors_info=&#8221;{}&#8221;]<\/p>\n<div class=\"connector-video-inner-wrapper\"><!-- [et_pb_line_break_holder] -->  <\/p>\n<h2><!-- [et_pb_line_break_holder] -->    Spana in hur du kommer ig\u00e5ng<!-- [et_pb_line_break_holder] -->  <\/h2>\n<p><!-- [et_pb_line_break_holder] -->  <pee><!-- [et_pb_line_break_holder] -->    L\u00e4r dig steg f\u00f6r steg hur du enkelt integrerar PayPal med ditt ekonomisystem i v\u00e5r instruktionsvideo!<!-- [et_pb_line_break_holder] -->  <\/pee><!-- [et_pb_line_break_holder] --><\/div>\n<p>[\/et_pb_code][\/et_pb_column][et_pb_column type=&#8221;3_5&#8243; _builder_version=&#8221;4.27.4&#8243; _module_preset=&#8221;default&#8221; global_colors_info=&#8221;{}&#8221;][et_pb_code _builder_version=&#8221;4.27.4&#8243; _module_preset=&#8221;default&#8221; global_colors_info=&#8221;{}&#8221;]<iframe data-src=\"https:\/\/player.vimeo.com\/video\/1139318218?title=0&#038;byline=0&#038;portrait=0&#038;badge=0&#038;autopause=0&#038;player_id=0&#038;app_id=58479\" width=\"1920\" height=\"1080\" frameborder=\"0\" allow=\"autoplay; fullscreen; picture-in-picture; clipboard-write; encrypted-media\" title=\"Sharespine PayPal Pro\" src=\"data:image\/svg+xml;base64,PHN2ZyB3aWR0aD0iMSIgaGVpZ2h0PSIxIiB4bWxucz0iaHR0cDovL3d3dy53My5vcmcvMjAwMC9zdmciPjwvc3ZnPg==\" class=\"lazyload\" data-load-mode=\"1\"><\/iframe>[\/et_pb_code][\/et_pb_column][\/et_pb_row][\/et_pb_section][et_pb_section fb_built=&#8221;1&#8243; module_class=&#8221;connector-config-block&#8221; _builder_version=&#8221;4.16&#8243; background_enable_color=&#8221;off&#8221; custom_css_main_element=&#8221;margin-bottom: 0% !important;||padding-top: 0% !important;||padding-bottom: 0% !important;||background: linear-gradient(180deg, #43365f 50%, #fff 50%);&#8221; global_colors_info=&#8221;{}&#8221;][et_pb_row _builder_version=&#8221;4.16&#8243; custom_css_main_element=&#8221;padding-top: 0 !important;&#8221; global_colors_info=&#8221;{}&#8221;][et_pb_column type=&#8221;4_4&#8243; _builder_version=&#8221;4.16&#8243; global_colors_info=&#8221;{}&#8221;][et_pb_code _builder_version=&#8221;4.27.4&#8243; _module_preset=&#8221;default&#8221; global_colors_info=&#8221;{}&#8221;]<\/p>\n<div class=\"calculator-text-header\"><!-- [et_pb_line_break_holder] -->\t<\/p>\n<h2><!-- [et_pb_line_break_holder] -->\tVilka system vill du koppla ihop med <!-- [et_pb_line_break_holder] -->\t<span>PayPal<\/span>?<!-- [et_pb_line_break_holder] -->\t<\/h2>\n<p><!-- [et_pb_line_break_holder] -->\t<pee><!-- [et_pb_line_break_holder] -->\tFyll i kalkylatorn och l\u00e5t v\u00e5ra r\u00e5dgivare ta fram ett kostnadsfritt l\u00f6sningsf\u00f6rslag.<!-- [et_pb_line_break_holder] -->\t<\/pee><!-- [et_pb_line_break_holder] --><\/div>\n<p>[\/et_pb_code][et_pb_code _builder_version=&#8221;4.27.0&#8243; global_colors_info=&#8221;{}&#8221;]<div id=\"mount\"><\/div><div id=\"mountlocation\" style=\"display:none;\">#mount<\/div><div id=\"connectortype\" style=\"display:none;\"><\/div><div id=\"language\" style=\"display:none;\">sv<\/div><div id=\"locked_ecom\" style=\"display:none;\"><\/div><div id=\"locked_pos\" style=\"display:none;\"><\/div><div id=\"locked_erp\" style=\"display:none;\"><\/div><div id=\"locked_payment\" style=\"display:none;\">pay-paypal<\/div><div id=\"locked_logistic\" style=\"display:none;\"><\/div><div id=\"locked_marketplace\" style=\"display:none;\"><\/div><div id=\"locked_source\" style=\"display:none;\">source-paypal<\/div><div id=\"locked_currency\" style=\"display:none;\"><\/div><div id=\"connConfig\" style=\"display:none;\"><\/div>[\/et_pb_code][\/et_pb_column][\/et_pb_row][\/et_pb_section][et_pb_section fb_built=&#8221;1&#8243; disabled_on=&#8221;on|on|on&#8221; admin_label=&#8221;Links&#8221; module_class=&#8221;conn-description-link-wrapper &#8221; _builder_version=&#8221;4.27.4&#8243; _module_preset=&#8221;default&#8221; width=&#8221;90%&#8221; max_width=&#8221;1040px&#8221; module_alignment=&#8221;center&#8221; custom_margin=&#8221;30px||50px||false|false&#8221; custom_padding=&#8221;30px||16px||false|false&#8221; disabled=&#8221;on&#8221; global_module=&#8221;56096&#8243; saved_tabs=&#8221;all&#8221; collapsed=&#8221;off&#8221; global_colors_info=&#8221;{}&#8221;][et_pb_row disabled_on=&#8221;off|off|off&#8221; _builder_version=&#8221;4.24.0&#8243; _module_preset=&#8221;default&#8221; width=&#8221;100%&#8221; custom_margin=&#8221;0px||0px||false|false&#8221; custom_padding=&#8221;0px||0px||false|false&#8221; collapsed=&#8221;off&#8221; global_colors_info=&#8221;{}&#8221;][et_pb_column type=&#8221;4_4&#8243; _builder_version=&#8221;4.24.0&#8243; _module_preset=&#8221;default&#8221; global_colors_info=&#8221;{}&#8221;][et_pb_text admin_label=&#8221;Links&#8221; _builder_version=&#8221;4.27.0&#8243; _module_preset=&#8221;default&#8221; custom_padding=&#8221;||24px||false|false&#8221; global_colors_info=&#8221;{}&#8221;]<\/p>\n<h2>Popul\u00e4ra <strong>PayPal Pro integrationer<\/strong> f\u00f6r kund &amp; redovisningsbyr\u00e5<\/h2>\n<p>[\/et_pb_text][\/et_pb_column][\/et_pb_row][et_pb_row column_structure=&#8221;1_3,1_3,1_3&#8243; admin_label=&#8221;LINKS&#8221; module_class=&#8221;link-row&#8221; _builder_version=&#8221;4.27.0&#8243; _module_preset=&#8221;default&#8221; width=&#8221;100%&#8221; custom_margin=&#8221;0px||||false|false&#8221; custom_padding=&#8221;0px||||false|false&#8221; global_colors_info=&#8221;{}&#8221;][et_pb_column type=&#8221;1_3&#8243; _builder_version=&#8221;4.27.0&#8243; _module_preset=&#8221;default&#8221; link_option_url_new_window=&#8221;on&#8221; global_colors_info=&#8221;{}&#8221;][et_pb_text admin_label=&#8221;Sverige&#8221; module_class=&#8221;link-list-title&#8221; _builder_version=&#8221;4.27.0&#8243; _module_preset=&#8221;default&#8221; custom_margin=&#8221;||||false|false&#8221; custom_padding=&#8221;||||false|false&#8221; global_colors_info=&#8221;{}&#8221;]<\/p>\n<h4>Sverige<\/h4>\n<p>[\/et_pb_text][et_pb_code admin_label=&#8221;PayPal | Fortnox&#8221; module_class=&#8221;connector-page-link&#8221; _builder_version=&#8221;4.27.0&#8243; _module_preset=&#8221;default&#8221; link_option_url=&#8221;\/sv\/paypal-fortnox\/&#8221; global_colors_info=&#8221;{}&#8221;]PayPal | Fortnox <i class=\"fa-solid fa-chevron-right\"><\/i>[\/et_pb_code][et_pb_code admin_label=&#8221;PayPal | Visma eEkonomi&#8221; module_class=&#8221;connector-page-link&#8221; _builder_version=&#8221;4.27.0&#8243; _module_preset=&#8221;default&#8221; link_option_url=&#8221;\/sv\/paypal-visma-eekonomi\/&#8221; global_colors_info=&#8221;{}&#8221;]PayPal | Visma eEkonomi <i class=\"fa-solid fa-chevron-right\"><\/i>[\/et_pb_code][et_pb_code admin_label=&#8221;PayPal | Bjorn Lunden&#8221; module_class=&#8221;connector-page-link&#8221; _builder_version=&#8221;4.27.0&#8243; _module_preset=&#8221;default&#8221; link_option_url=&#8221;\/sv\/paypal-bjorn-lunden\/&#8221; global_colors_info=&#8221;{}&#8221;]PayPal | Bjorn Lunden <i class=\"fa-solid fa-chevron-right\"><\/i>[\/et_pb_code][\/et_pb_column][et_pb_column type=&#8221;1_3&#8243; _builder_version=&#8221;4.27.0&#8243; _module_preset=&#8221;default&#8221; link_option_url_new_window=&#8221;on&#8221; global_colors_info=&#8221;{}&#8221;][et_pb_text admin_label=&#8221;Norden&#8221; module_class=&#8221;link-list-title&#8221; _builder_version=&#8221;4.27.0&#8243; _module_preset=&#8221;default&#8221; custom_margin=&#8221;||||false|false&#8221; custom_padding=&#8221;||||false|false&#8221; global_colors_info=&#8221;{}&#8221;]<\/p>\n<h4>Norden<\/h4>\n<p>[\/et_pb_text][et_pb_code admin_label=&#8221;PayPal | Tripletex&#8221; module_class=&#8221;connector-page-link&#8221; _builder_version=&#8221;4.27.0&#8243; _module_preset=&#8221;default&#8221; link_option_url=&#8221;\/sv\/paypal-tripletex\/&#8221; global_colors_info=&#8221;{}&#8221;]PayPal | Tripletex <i class=\"fa-solid fa-chevron-right\"><\/i>[\/et_pb_code][et_pb_code admin_label=&#8221;PayPal | eAccounting&#8221; module_class=&#8221;connector-page-link&#8221; _builder_version=&#8221;4.27.0&#8243; _module_preset=&#8221;default&#8221; link_option_url=&#8221;\/sv\/paypal-visma-eaccounting\/&#8221; global_colors_info=&#8221;{}&#8221;]PayPal | eAccounting <i class=\"fa-solid fa-chevron-right\"><\/i>[\/et_pb_code][et_pb_code admin_label=&#8221;PayPal | e-conomic&#8221; module_class=&#8221;connector-page-link&#8221; _builder_version=&#8221;4.27.0&#8243; _module_preset=&#8221;default&#8221; link_option_url=&#8221;\/sv\/paypal-e-conomic\/&#8221; global_colors_info=&#8221;{}&#8221;]PayPal | e-conomic <i class=\"fa-solid fa-chevron-right\"><\/i>[\/et_pb_code][\/et_pb_column][et_pb_column type=&#8221;1_3&#8243; _builder_version=&#8221;4.27.0&#8243; _module_preset=&#8221;default&#8221; link_option_url_new_window=&#8221;on&#8221; global_colors_info=&#8221;{}&#8221;][et_pb_text admin_label=&#8221;Globalt&#8221; module_class=&#8221;link-list-title&#8221; _builder_version=&#8221;4.27.0&#8243; _module_preset=&#8221;default&#8221; custom_margin=&#8221;0px||0px||false|false&#8221; custom_padding=&#8221;0px||0px||false|false&#8221; global_colors_info=&#8221;{}&#8221;]<\/p>\n<h4>Globalt<\/h4>\n<p>[\/et_pb_text][et_pb_code admin_label=&#8221;PayPal | Xero&#8221; module_class=&#8221;connector-page-link&#8221; _builder_version=&#8221;4.27.0&#8243; _module_preset=&#8221;default&#8221; link_option_url=&#8221;\/sv\/paypal-xero\/&#8221; global_colors_info=&#8221;{}&#8221;]PayPal | Xero <i class=\"fa-solid fa-chevron-right\"><\/i>[\/et_pb_code][et_pb_code admin_label=&#8221;PayPal | Visma Net&#8221; module_class=&#8221;connector-page-link&#8221; _builder_version=&#8221;4.27.0&#8243; _module_preset=&#8221;default&#8221; link_option_url=&#8221;\/sv\/paypal-visma-net\/&#8221; global_colors_info=&#8221;{}&#8221;]PayPal | Visma Net <i class=\"fa-solid fa-chevron-right\"><\/i>[\/et_pb_code][et_pb_code admin_label=&#8221;PayPal | Quickbooks&#8221; module_class=&#8221;connector-page-link&#8221; _builder_version=&#8221;4.27.0&#8243; _module_preset=&#8221;default&#8221; link_option_url=&#8221;\/sv\/paypal-quickbooks\/&#8221; global_colors_info=&#8221;{}&#8221;]PayPal | Quickbooks <i class=\"fa-solid fa-chevron-right\"><\/i>[\/et_pb_code][\/et_pb_column][\/et_pb_row][\/et_pb_section]<\/p>\n","protected":false},"excerpt":{"rendered":"<p><div id=\"mount\"><\/div><div id=\"mountlocation\" style=\"display:none;\">#mount<\/div><div id=\"connectortype\" style=\"display:none;\"><\/div><div id=\"language\" style=\"display:none;\">sv<\/div><div id=\"locked_ecom\" style=\"display:none;\"><\/div><div id=\"locked_pos\" style=\"display:none;\"><\/div><div id=\"locked_erp\" style=\"display:none;\"><\/div><div id=\"locked_payment\" style=\"display:none;\">pay-paypal<\/div><div id=\"locked_logistic\" style=\"display:none;\"><\/div><div id=\"locked_marketplace\" style=\"display:none;\"><\/div><div id=\"locked_source\" style=\"display:none;\">source-paypal<\/div><div id=\"locked_currency\" style=\"display:none;\"><\/div><div id=\"connConfig\" style=\"display:none;\"><\/div>Popul\u00e4ra PayPal Pro integrationer f\u00f6r kund &amp; redovisningsbyr\u00e5SverigeNordenGlobalt<\/p>\n","protected":false},"author":11,"featured_media":5902,"parent":4651,"menu_order":0,"comment_status":"closed","ping_status":"closed","template":"","meta":{"_acf_changed":false,"_et_pb_use_builder":"on","_et_pb_old_content":"","_et_gb_content_width":"","content-type":"","footnotes":""},"categories":[156,155,343,178,190,344],"tags":[],"class_list":["post-5963","page","type-page","status-publish","has-post-thumbnail","hentry","category-betalvaxlar","category-connector","category-connectorpage","category-pay-payments","category-pay-refunds","category-redovisningsbyra"],"acf":[],"yoast_head":"<!-- This site is optimized with the Yoast SEO Premium plugin v26.2 (Yoast SEO v27.2) - https:\/\/yoast.com\/product\/yoast-seo-premium-wordpress\/ -->\n<title>PayPal Pro integrationer f\u00f6r e-handel &amp; bokf\u00f6ring<\/title>\n<meta name=\"description\" content=\"PayPal Pro integrationer f\u00f6r handel &amp; bokf\u00f6ring, automatiserad bokf\u00f6ring b\u00e5de f\u00f6rs\u00e4ljning och utbetalningar i ditt ekonomisystem\" \/>\n<meta name=\"robots\" content=\"index, follow, max-snippet:-1, max-image-preview:large, max-video-preview:-1\" \/>\n<link rel=\"canonical\" href=\"https:\/\/www.sharespine.com\/sv\/anslutna-system\/betalvaxlar\/paypal\/\" \/>\n<meta property=\"og:locale\" content=\"sv_SE\" \/>\n<meta property=\"og:type\" content=\"article\" \/>\n<meta property=\"og:title\" content=\"PayPal Pro integrationer f\u00f6r e-handel &amp; bokf\u00f6ring\" \/>\n<meta property=\"og:description\" content=\"PayPal Pro integrationer f\u00f6r handel &amp; bokf\u00f6ring, automatiserad bokf\u00f6ring b\u00e5de f\u00f6rs\u00e4ljning och utbetalningar i ditt ekonomisystem\" \/>\n<meta property=\"og:url\" content=\"https:\/\/www.sharespine.com\/sv\/anslutna-system\/betalvaxlar\/paypal\/\" \/>\n<meta property=\"og:site_name\" content=\"Sharespine\" \/>\n<meta property=\"article:publisher\" content=\"https:\/\/www.facebook.com\/sharespine\" \/>\n<meta property=\"article:modified_time\" content=\"2026-01-21T08:53:22+00:00\" \/>\n<meta property=\"og:image\" content=\"https:\/\/www.sharespine.com\/wp-content\/uploads\/2018\/04\/paypal-logo.png\" \/>\n\t<meta property=\"og:image:width\" content=\"498\" \/>\n\t<meta property=\"og:image:height\" content=\"128\" \/>\n\t<meta property=\"og:image:type\" content=\"image\/png\" \/>\n<meta name=\"twitter:card\" content=\"summary_large_image\" \/>\n<meta name=\"twitter:label1\" content=\"Ber\u00e4knad l\u00e4stid\" \/>\n\t<meta name=\"twitter:data1\" content=\"1 minut\" \/>\n<script type=\"application\/ld+json\" class=\"yoast-schema-graph\">{\"@context\":\"https:\/\/schema.org\",\"@graph\":[{\"@type\":\"WebPage\",\"@id\":\"https:\/\/www.sharespine.com\/sv\/anslutna-system\/betalvaxlar\/paypal\/\",\"url\":\"https:\/\/www.sharespine.com\/sv\/anslutna-system\/betalvaxlar\/paypal\/\",\"name\":\"PayPal Pro integrationer f\u00f6r e-handel & bokf\u00f6ring\",\"isPartOf\":{\"@id\":\"https:\/\/www.sharespine.com\/sv\/#website\"},\"primaryImageOfPage\":{\"@id\":\"https:\/\/www.sharespine.com\/sv\/anslutna-system\/betalvaxlar\/paypal\/#primaryimage\"},\"image\":{\"@id\":\"https:\/\/www.sharespine.com\/sv\/anslutna-system\/betalvaxlar\/paypal\/#primaryimage\"},\"thumbnailUrl\":\"https:\/\/www.sharespine.com\/wp-content\/uploads\/2018\/04\/paypal-logo.png\",\"datePublished\":\"2018-04-06T12:44:32+00:00\",\"dateModified\":\"2026-01-21T08:53:22+00:00\",\"description\":\"PayPal Pro integrationer f\u00f6r handel & bokf\u00f6ring, automatiserad bokf\u00f6ring b\u00e5de f\u00f6rs\u00e4ljning och utbetalningar i ditt ekonomisystem\",\"breadcrumb\":{\"@id\":\"https:\/\/www.sharespine.com\/sv\/anslutna-system\/betalvaxlar\/paypal\/#breadcrumb\"},\"inLanguage\":\"sv-SE\",\"potentialAction\":[{\"@type\":\"ReadAction\",\"target\":[\"https:\/\/www.sharespine.com\/sv\/anslutna-system\/betalvaxlar\/paypal\/\"]}]},{\"@type\":\"ImageObject\",\"inLanguage\":\"sv-SE\",\"@id\":\"https:\/\/www.sharespine.com\/sv\/anslutna-system\/betalvaxlar\/paypal\/#primaryimage\",\"url\":\"https:\/\/www.sharespine.com\/wp-content\/uploads\/2018\/04\/paypal-logo.png\",\"contentUrl\":\"https:\/\/www.sharespine.com\/wp-content\/uploads\/2018\/04\/paypal-logo.png\",\"width\":498,\"height\":128,\"caption\":\"PayPal integrationer f\u00f6r handel & bokf\u00f6ring\"},{\"@type\":\"BreadcrumbList\",\"@id\":\"https:\/\/www.sharespine.com\/sv\/anslutna-system\/betalvaxlar\/paypal\/#breadcrumb\",\"itemListElement\":[{\"@type\":\"ListItem\",\"position\":1,\"name\":\"Hem\",\"item\":\"https:\/\/www.sharespine.com\/sv\/\"},{\"@type\":\"ListItem\",\"position\":2,\"name\":\"Anslutna system\",\"item\":\"https:\/\/www.sharespine.com\/sv\/anslutna-system\/\"},{\"@type\":\"ListItem\",\"position\":3,\"name\":\"Integrera betalv\u00e4xlar &#038; betalsystem\",\"item\":\"https:\/\/www.sharespine.com\/sv\/anslutna-system\/betalvaxlar\/\"},{\"@type\":\"ListItem\",\"position\":4,\"name\":\"PayPal Pro integrationer f\u00f6r e-handel &#038; bokf\u00f6ring\"}]},{\"@type\":\"WebSite\",\"@id\":\"https:\/\/www.sharespine.com\/sv\/#website\",\"url\":\"https:\/\/www.sharespine.com\/sv\/\",\"name\":\"Sharespine\",\"description\":\"Integrationsplattform f\u00f6r e-handel &amp; bokf\u00f6ring\",\"publisher\":{\"@id\":\"https:\/\/www.sharespine.com\/sv\/#organization\"},\"potentialAction\":[{\"@type\":\"SearchAction\",\"target\":{\"@type\":\"EntryPoint\",\"urlTemplate\":\"https:\/\/www.sharespine.com\/sv\/?s={search_term_string}\"},\"query-input\":{\"@type\":\"PropertyValueSpecification\",\"valueRequired\":true,\"valueName\":\"search_term_string\"}}],\"inLanguage\":\"sv-SE\"},{\"@type\":\"Organization\",\"@id\":\"https:\/\/www.sharespine.com\/sv\/#organization\",\"name\":\"Sharespine AB\",\"url\":\"https:\/\/www.sharespine.com\/sv\/\",\"logo\":{\"@type\":\"ImageObject\",\"inLanguage\":\"sv-SE\",\"@id\":\"https:\/\/www.sharespine.com\/sv\/#\/schema\/logo\/image\/\",\"url\":\"https:\/\/www.sharespine.com\/wp-content\/uploads\/2022\/11\/logo-default.png\",\"contentUrl\":\"https:\/\/www.sharespine.com\/wp-content\/uploads\/2022\/11\/logo-default.png\",\"width\":700,\"height\":153,\"caption\":\"Sharespine AB\"},\"image\":{\"@id\":\"https:\/\/www.sharespine.com\/sv\/#\/schema\/logo\/image\/\"},\"sameAs\":[\"https:\/\/www.facebook.com\/sharespine\",\"https:\/\/www.linkedin.com\/company\/sharespine\/\",\"https:\/\/www.instagram.com\/sharespine\/\"]}]}<\/script>\n<!-- \/ Yoast SEO Premium plugin. -->","yoast_head_json":{"title":"PayPal Pro integrationer f\u00f6r e-handel & bokf\u00f6ring","description":"PayPal Pro integrationer f\u00f6r handel & bokf\u00f6ring, automatiserad bokf\u00f6ring b\u00e5de f\u00f6rs\u00e4ljning och utbetalningar i ditt ekonomisystem","robots":{"index":"index","follow":"follow","max-snippet":"max-snippet:-1","max-image-preview":"max-image-preview:large","max-video-preview":"max-video-preview:-1"},"canonical":"https:\/\/www.sharespine.com\/sv\/anslutna-system\/betalvaxlar\/paypal\/","og_locale":"sv_SE","og_type":"article","og_title":"PayPal Pro integrationer f\u00f6r e-handel & bokf\u00f6ring","og_description":"PayPal Pro integrationer f\u00f6r handel & bokf\u00f6ring, automatiserad bokf\u00f6ring b\u00e5de f\u00f6rs\u00e4ljning och utbetalningar i ditt ekonomisystem","og_url":"https:\/\/www.sharespine.com\/sv\/anslutna-system\/betalvaxlar\/paypal\/","og_site_name":"Sharespine","article_publisher":"https:\/\/www.facebook.com\/sharespine","article_modified_time":"2026-01-21T08:53:22+00:00","og_image":[{"width":498,"height":128,"url":"https:\/\/www.sharespine.com\/wp-content\/uploads\/2018\/04\/paypal-logo.png","type":"image\/png"}],"twitter_card":"summary_large_image","twitter_misc":{"Ber\u00e4knad l\u00e4stid":"1 minut"},"schema":{"@context":"https:\/\/schema.org","@graph":[{"@type":"WebPage","@id":"https:\/\/www.sharespine.com\/sv\/anslutna-system\/betalvaxlar\/paypal\/","url":"https:\/\/www.sharespine.com\/sv\/anslutna-system\/betalvaxlar\/paypal\/","name":"PayPal Pro integrationer f\u00f6r e-handel & bokf\u00f6ring","isPartOf":{"@id":"https:\/\/www.sharespine.com\/sv\/#website"},"primaryImageOfPage":{"@id":"https:\/\/www.sharespine.com\/sv\/anslutna-system\/betalvaxlar\/paypal\/#primaryimage"},"image":{"@id":"https:\/\/www.sharespine.com\/sv\/anslutna-system\/betalvaxlar\/paypal\/#primaryimage"},"thumbnailUrl":"https:\/\/www.sharespine.com\/wp-content\/uploads\/2018\/04\/paypal-logo.png","datePublished":"2018-04-06T12:44:32+00:00","dateModified":"2026-01-21T08:53:22+00:00","description":"PayPal Pro integrationer f\u00f6r handel & bokf\u00f6ring, automatiserad bokf\u00f6ring b\u00e5de f\u00f6rs\u00e4ljning och utbetalningar i ditt ekonomisystem","breadcrumb":{"@id":"https:\/\/www.sharespine.com\/sv\/anslutna-system\/betalvaxlar\/paypal\/#breadcrumb"},"inLanguage":"sv-SE","potentialAction":[{"@type":"ReadAction","target":["https:\/\/www.sharespine.com\/sv\/anslutna-system\/betalvaxlar\/paypal\/"]}]},{"@type":"ImageObject","inLanguage":"sv-SE","@id":"https:\/\/www.sharespine.com\/sv\/anslutna-system\/betalvaxlar\/paypal\/#primaryimage","url":"https:\/\/www.sharespine.com\/wp-content\/uploads\/2018\/04\/paypal-logo.png","contentUrl":"https:\/\/www.sharespine.com\/wp-content\/uploads\/2018\/04\/paypal-logo.png","width":498,"height":128,"caption":"PayPal integrationer f\u00f6r handel & bokf\u00f6ring"},{"@type":"BreadcrumbList","@id":"https:\/\/www.sharespine.com\/sv\/anslutna-system\/betalvaxlar\/paypal\/#breadcrumb","itemListElement":[{"@type":"ListItem","position":1,"name":"Hem","item":"https:\/\/www.sharespine.com\/sv\/"},{"@type":"ListItem","position":2,"name":"Anslutna system","item":"https:\/\/www.sharespine.com\/sv\/anslutna-system\/"},{"@type":"ListItem","position":3,"name":"Integrera betalv\u00e4xlar &#038; betalsystem","item":"https:\/\/www.sharespine.com\/sv\/anslutna-system\/betalvaxlar\/"},{"@type":"ListItem","position":4,"name":"PayPal Pro integrationer f\u00f6r e-handel &#038; bokf\u00f6ring"}]},{"@type":"WebSite","@id":"https:\/\/www.sharespine.com\/sv\/#website","url":"https:\/\/www.sharespine.com\/sv\/","name":"Sharespine","description":"Integrationsplattform f\u00f6r e-handel &amp; bokf\u00f6ring","publisher":{"@id":"https:\/\/www.sharespine.com\/sv\/#organization"},"potentialAction":[{"@type":"SearchAction","target":{"@type":"EntryPoint","urlTemplate":"https:\/\/www.sharespine.com\/sv\/?s={search_term_string}"},"query-input":{"@type":"PropertyValueSpecification","valueRequired":true,"valueName":"search_term_string"}}],"inLanguage":"sv-SE"},{"@type":"Organization","@id":"https:\/\/www.sharespine.com\/sv\/#organization","name":"Sharespine AB","url":"https:\/\/www.sharespine.com\/sv\/","logo":{"@type":"ImageObject","inLanguage":"sv-SE","@id":"https:\/\/www.sharespine.com\/sv\/#\/schema\/logo\/image\/","url":"https:\/\/www.sharespine.com\/wp-content\/uploads\/2022\/11\/logo-default.png","contentUrl":"https:\/\/www.sharespine.com\/wp-content\/uploads\/2022\/11\/logo-default.png","width":700,"height":153,"caption":"Sharespine AB"},"image":{"@id":"https:\/\/www.sharespine.com\/sv\/#\/schema\/logo\/image\/"},"sameAs":["https:\/\/www.facebook.com\/sharespine","https:\/\/www.linkedin.com\/company\/sharespine\/","https:\/\/www.instagram.com\/sharespine\/"]}]}},"_links":{"self":[{"href":"https:\/\/www.sharespine.com\/sv\/wp-json\/wp\/v2\/pages\/5963","targetHints":{"allow":["GET"]}}],"collection":[{"href":"https:\/\/www.sharespine.com\/sv\/wp-json\/wp\/v2\/pages"}],"about":[{"href":"https:\/\/www.sharespine.com\/sv\/wp-json\/wp\/v2\/types\/page"}],"author":[{"embeddable":true,"href":"https:\/\/www.sharespine.com\/sv\/wp-json\/wp\/v2\/users\/11"}],"replies":[{"embeddable":true,"href":"https:\/\/www.sharespine.com\/sv\/wp-json\/wp\/v2\/comments?post=5963"}],"version-history":[{"count":14,"href":"https:\/\/www.sharespine.com\/sv\/wp-json\/wp\/v2\/pages\/5963\/revisions"}],"predecessor-version":[{"id":61281,"href":"https:\/\/www.sharespine.com\/sv\/wp-json\/wp\/v2\/pages\/5963\/revisions\/61281"}],"up":[{"embeddable":true,"href":"https:\/\/www.sharespine.com\/sv\/wp-json\/wp\/v2\/pages\/4651"}],"wp:featuredmedia":[{"embeddable":true,"href":"https:\/\/www.sharespine.com\/sv\/wp-json\/wp\/v2\/media\/5902"}],"wp:attachment":[{"href":"https:\/\/www.sharespine.com\/sv\/wp-json\/wp\/v2\/media?parent=5963"}],"wp:term":[{"taxonomy":"category","embeddable":true,"href":"https:\/\/www.sharespine.com\/sv\/wp-json\/wp\/v2\/categories?post=5963"},{"taxonomy":"post_tag","embeddable":true,"href":"https:\/\/www.sharespine.com\/sv\/wp-json\/wp\/v2\/tags?post=5963"}],"curies":[{"name":"wp","href":"https:\/\/api.w.org\/{rel}","templated":true}]}}