{"id":6002,"date":"2018-04-09T15:59:02","date_gmt":"2018-04-09T13:59:02","guid":{"rendered":"http:\/\/dd.dev-sharespine.se\/?page_id=6002"},"modified":"2023-08-10T14:39:15","modified_gmt":"2023-08-10T12:39:15","slug":"support-service","status":"publish","type":"page","link":"https:\/\/www.sharespine.com\/sv\/support-service\/","title":{"rendered":"Support &#038; SPS"},"content":{"rendered":"<p>[et_pb_section fb_built=&#8221;1&#8243; admin_label=&#8221;Hero&#8221; _builder_version=&#8221;4.16&#8243; background_enable_color=&#8221;off&#8221; background_color_gradient_direction=&#8221;135deg&#8221; background_enable_image=&#8221;off&#8221; background_blend=&#8221;overlay&#8221; inner_width_tablet=&#8221;50px&#8221; inner_max_width_tablet=&#8221;50px&#8221; custom_padding=&#8221;3%||54px||false|false&#8221; animation_direction=&#8221;bottom&#8221; z_index_tablet=&#8221;500&#8243; da_disable_devices=&#8221;off|off|off&#8221; global_colors_info=&#8221;{}&#8221; da_is_popup=&#8221;off&#8221; da_exit_intent=&#8221;off&#8221; da_has_close=&#8221;on&#8221; da_alt_close=&#8221;off&#8221; da_dark_close=&#8221;off&#8221; da_not_modal=&#8221;on&#8221; da_is_singular=&#8221;off&#8221; da_with_loader=&#8221;off&#8221; da_has_shadow=&#8221;on&#8221;][et_pb_row column_structure=&#8221;1_2,1_2&#8243; module_class=&#8221;embedded-header&#8221; _builder_version=&#8221;4.16&#8243; _module_preset=&#8221;default&#8221; max_width=&#8221;1140px&#8221; global_colors_info=&#8221;{}&#8221;][et_pb_column type=&#8221;1_2&#8243; _builder_version=&#8221;4.16&#8243; _module_preset=&#8221;default&#8221; global_colors_info=&#8221;{}&#8221;][et_pb_code _builder_version=&#8221;4.16&#8243; _module_preset=&#8221;default&#8221; global_colors_info=&#8221;{}&#8221;]<\/p>\n<h1 style=\"font-size: 44px; line-height: 1.3;\">Support &#038; SPS<\/h1>\n<p><!-- [et_pb_line_break_holder] --><pee><span class=\"body-grey\">Sharespine har tack vare m\u00e5nga \u00e5r i branschen byggt upp ett stort know-how kring e-handelsrelaterade integrationer. Med v\u00e5r integrationsplattform kan vi konfigurera en m\u00e4ngd olika kombinationer av system och generella fl\u00f6den via plattformens gr\u00e4nssnitt.<!\u2013- [et_pb_br_holder] -\u2013><!\u2013- [et_pb_br_holder] -\u2013>Som ny kund hos Sharespine f\u00e5r ni hj\u00e4lp med konfigurering, v\u00e4gledning och utbildning i v\u00e5r integrationsplattform genom ert avtalade<a href=\"https:\/\/www.sharespine.com\/sv\/leverans\/\"> leveransprojekt<\/a>. <!\u2013- [et_pb_br_holder] -\u2013><!\u2013- [et_pb_br_holder] -\u2013>Vill du senare l\u00e4gga till fler connectorer, \u00e4ndra din arbetsfl\u00f6den eller har behov av mer kundunika anpassningar &#038; projekt (SPS) s\u00e5 tar du kontakt med v\u00e5r <a href=\"https:\/\/www.sharespine.com\/sv\/kontakta-oss\/\"> s\u00e4ljavdelning<\/a>.<\/span><\/pee>[\/et_pb_code][\/et_pb_column][et_pb_column type=&#8221;1_2&#8243; _builder_version=&#8221;4.16&#8243; _module_preset=&#8221;default&#8221; global_colors_info=&#8221;{}&#8221;][et_pb_image src=&#8221;https:\/\/www.sharespine.com\/wp-content\/uploads\/2020\/06\/support.png&#8221; title_text=&#8221;support&#8221; _builder_version=&#8221;4.16&#8243; _module_preset=&#8221;default&#8221; global_colors_info=&#8221;{}&#8221;][\/et_pb_image][\/et_pb_column][\/et_pb_row][\/et_pb_section][et_pb_section fb_built=&#8221;1&#8243; admin_label=&#8221;Features&#8221; _builder_version=&#8221;4.16&#8243; background_enable_color=&#8221;off&#8221; custom_padding=&#8221;0px|0px|40px|0px&#8221; da_disable_devices=&#8221;off|off|off&#8221; global_colors_info=&#8221;{}&#8221; da_is_popup=&#8221;off&#8221; da_exit_intent=&#8221;off&#8221; da_has_close=&#8221;on&#8221; da_alt_close=&#8221;off&#8221; da_dark_close=&#8221;off&#8221; da_not_modal=&#8221;on&#8221; da_is_singular=&#8221;off&#8221; da_with_loader=&#8221;off&#8221; da_has_shadow=&#8221;on&#8221;][et_pb_row column_structure=&#8221;1_2,1_2&#8243; make_equal=&#8221;on&#8221; _builder_version=&#8221;4.16&#8243; _module_preset=&#8221;default&#8221; global_colors_info=&#8221;{}&#8221;][et_pb_column type=&#8221;1_2&#8243; module_class=&#8221;support-block&#8221; _builder_version=&#8221;4.16&#8243; _module_preset=&#8221;default&#8221; global_colors_info=&#8221;{}&#8221;][et_pb_code _builder_version=&#8221;4.16&#8243; _module_preset=&#8221;default&#8221; global_colors_info=&#8221;{}&#8221;]<\/p>\n<h2><!-- [et_pb_line_break_holder] -->  Support &#8211; efter avslutad leverans<!-- [et_pb_line_break_holder] --><\/h2>\n<p><!-- [et_pb_line_break_holder] --><span><!-- [et_pb_line_break_holder] -->  N\u00e4r leveransprojektet \u00e4r genomf\u00f6rt s\u00e5 hanterar v\u00e5r helpdesk kundens eventuella fr\u00e5gor och grundl\u00e4ggande support kring plattformen och tj\u00e4nsterna som  hanteras via telefon, <a href=\"https:\/\/www.sharespine.com\/sv\/kontakta-oss\/\"> e-post <\/a>eller <a href=\"https:\/\/helpdesk.sharespine.com\/hc\/sv\"> v\u00e5rt \u00e4rendehanteringssystem<\/a>. <!\u2013- [et_pb_br_holder] -\u2013><!\u2013- [et_pb_br_holder] -\u2013>Grundl\u00e4ggande support p\u00e5 v\u00e5ra standard konfigurationer ing\u00e5r i licensavgiften f\u00f6r integrationsplattformen.<!-- [et_pb_line_break_holder] --><\/span><!-- [et_pb_line_break_holder] --><!-- [et_pb_line_break_holder] -->[\/et_pb_code][\/et_pb_column][et_pb_column type=&#8221;1_2&#8243; module_class=&#8221;support-block&#8221; _builder_version=&#8221;4.16&#8243; _module_preset=&#8221;default&#8221; global_colors_info=&#8221;{}&#8221;][et_pb_code _builder_version=&#8221;4.16&#8243; _module_preset=&#8221;default&#8221; global_colors_info=&#8221;{}&#8221;]<\/p>\n<h2><!-- [et_pb_line_break_holder] -->  Professional Services &#8211; SPS<!-- [et_pb_line_break_holder] --><\/h2>\n<p><!-- [et_pb_line_break_holder] --><span><!-- [et_pb_line_break_holder] -->  Sharespine Professional Services \u00e4r v\u00e5r avdelning f\u00f6r kunddrivna anpassningar.  Ni f\u00e5r en projektledare som v\u00e4gleder och tilldelar resurser till ert projekt. <!\u2013- [et_pb_br_holder] -\u2013>Vi tar ansvar f\u00f6r olika moment som f\u00f6rstudier, projektledning, serviceavtal eller annan kundunik utveckling. <!\u2013- [et_pb_br_holder] -\u2013><!\u2013- [et_pb_br_holder] -\u2013> L\u00e4s mer om <a href=\"https:\/\/www.sharespine.com\/sv\/sharespine-professional-services\/\"> Sharespine Professional Services<\/a>. <!-- [et_pb_line_break_holder] --><!-- [et_pb_line_break_holder] --><\/span>[\/et_pb_code][\/et_pb_column][\/et_pb_row][et_pb_row _builder_version=&#8221;4.16&#8243; _module_preset=&#8221;default&#8221; global_colors_info=&#8221;{}&#8221;][et_pb_column type=&#8221;4_4&#8243; _builder_version=&#8221;4.16&#8243; _module_preset=&#8221;default&#8221; global_colors_info=&#8221;{}&#8221;][et_pb_code module_class=&#8221;list-block&#8221; _builder_version=&#8221;4.16&#8243; _module_preset=&#8221;default&#8221; global_colors_info=&#8221;{}&#8221;]<\/p>\n<h2><!-- [et_pb_line_break_holder] -->  Vilken typ av support\u00e4renden beh\u00f6ver bokas in?<!-- [et_pb_line_break_holder] --><\/h2>\n<p><!-- [et_pb_line_break_holder] --><\/p>\n<ul><!-- [et_pb_line_break_holder] -->  <\/p>\n<li>Installationer och utbildningar av nya connectorer.<\/li>\n<p><!-- [et_pb_line_break_holder] -->  <\/p>\n<li>Utbildningar i plattformen av ny personal.<\/li>\n<p><!-- [et_pb_line_break_holder] -->  <\/p>\n<li>Hj\u00e4lp med att f\u00f6r\u00e4ndra\/konfigurera om befintliga integrationer i integrationsplattformen.<\/li>\n<p><!-- [et_pb_line_break_holder] --><\/p>\n<li>N\u00e4r du har behov av mer avancerad fels\u00f6kning i plattformens loggfiler.<\/li>\n<p><!-- [et_pb_line_break_holder] --><!-- [et_pb_line_break_holder] --><\/ul>\n<p><!-- [et_pb_line_break_holder] --><!-- [et_pb_line_break_holder] --><!-- [et_pb_line_break_holder] --><!-- [et_pb_line_break_holder] --><!-- [et_pb_line_break_holder] --><!-- [et_pb_line_break_holder] -->[\/et_pb_code][et_pb_code module_class=&#8221;list-block&#8221; _builder_version=&#8221;4.16&#8243; _module_preset=&#8221;default&#8221; global_colors_info=&#8221;{}&#8221;]<\/p>\n<h2><!-- [et_pb_line_break_holder] -->  N\u00e4r \u00e4r det l\u00e4ge att starta ett SPS projekt?<!-- [et_pb_line_break_holder] --><\/h2>\n<p><!-- [et_pb_line_break_holder] --><!-- [et_pb_line_break_holder] --><\/p>\n<ul><!-- [et_pb_line_break_holder] -->  <\/p>\n<li>N\u00e4r n\u00e5got v\u00e4sentlig skall f\u00f6r\u00e4ndras i ditt fl\u00f6de och ditt arbetss\u00e4tt och vill ha v\u00e5r expertis f\u00f6r att st\u00f6tta detta.<\/li>\n<p><!-- [et_pb_line_break_holder] --><\/p>\n<li>N\u00e4r st\u00f6rre fel uppst\u00e5r p.g.a att tredje part f\u00f6r\u00e4ndrat n\u00e5got i tj\u00e4nsteleverant\u00f6rens system som p\u00e5verkar den levererade integrationen.<\/li>\n<p><!-- [et_pb_line_break_holder] --><\/p>\n<li>N\u00e4r Sharespine beh\u00f6ver agera projektledare mellan kundens olika systemleverant\u00f6rer.<\/li>\n<p><!-- [et_pb_line_break_holder] --><\/p>\n<li>Avtalade kundprojekt som t.ex f\u00f6rstudier, kundunik utveckling mm.<\/li>\n<p><!-- [et_pb_line_break_holder] --><\/p>\n<li>L\u00f6pande arbete f\u00f6r att f\u00f6rvalta, underh\u00e5lla, ordna eller t.ex. f\u00f6rb\u00e4ttra kundens produktdata (genom s.k. produktberikning)<\/li>\n<p><!-- [et_pb_line_break_holder] --><\/ul>\n<p>[\/et_pb_code][\/et_pb_column][\/et_pb_row][\/et_pb_section]<\/p>\n","protected":false},"excerpt":{"rendered":"","protected":false},"author":11,"featured_media":28158,"parent":0,"menu_order":0,"comment_status":"closed","ping_status":"closed","template":"","meta":{"_acf_changed":false,"_et_pb_use_builder":"on","_et_pb_old_content":"","_et_gb_content_width":"","content-type":"","footnotes":""},"categories":[],"tags":[],"class_list":["post-6002","page","type-page","status-publish","has-post-thumbnail","hentry"],"acf":[],"yoast_head":"<!-- This site is optimized with the Yoast SEO Premium plugin v26.2 (Yoast SEO v27.4) - https:\/\/yoast.com\/product\/yoast-seo-premium-wordpress\/ -->\n<title>Support &amp; SPS - Sharespine<\/title>\n<meta name=\"description\" content=\"L\u00e4sa mer om v\u00e5ra support\" \/>\n<meta name=\"robots\" content=\"index, follow, max-snippet:-1, max-image-preview:large, max-video-preview:-1\" \/>\n<link rel=\"canonical\" href=\"https:\/\/www.sharespine.com\/sv\/support-service\/\" \/>\n<meta property=\"og:locale\" content=\"sv_SE\" \/>\n<meta property=\"og:type\" content=\"article\" \/>\n<meta property=\"og:title\" content=\"Support &amp; SPS\" \/>\n<meta property=\"og:description\" content=\"L\u00e4sa mer om v\u00e5ra support\" \/>\n<meta property=\"og:url\" content=\"https:\/\/www.sharespine.com\/sv\/support-service\/\" \/>\n<meta property=\"og:site_name\" content=\"Sharespine\" \/>\n<meta property=\"article:publisher\" content=\"https:\/\/www.facebook.com\/sharespine\" \/>\n<meta property=\"article:modified_time\" content=\"2023-08-10T12:39:15+00:00\" \/>\n<meta property=\"og:image\" content=\"https:\/\/www.sharespine.com\/wp-content\/uploads\/2021\/06\/ss-ograph.png\" \/>\n\t<meta property=\"og:image:width\" content=\"1000\" \/>\n\t<meta property=\"og:image:height\" content=\"696\" \/>\n\t<meta property=\"og:image:type\" content=\"image\/png\" \/>\n<meta name=\"twitter:card\" content=\"summary_large_image\" \/>\n<meta name=\"twitter:label1\" content=\"Ber\u00e4knad l\u00e4stid\" \/>\n\t<meta name=\"twitter:data1\" content=\"2 minuter\" \/>\n<script type=\"application\/ld+json\" class=\"yoast-schema-graph\">{\"@context\":\"https:\\\/\\\/schema.org\",\"@graph\":[{\"@type\":\"WebPage\",\"@id\":\"https:\\\/\\\/www.sharespine.com\\\/sv\\\/support-service\\\/\",\"url\":\"https:\\\/\\\/www.sharespine.com\\\/sv\\\/support-service\\\/\",\"name\":\"Support & SPS - Sharespine\",\"isPartOf\":{\"@id\":\"https:\\\/\\\/www.sharespine.com\\\/sv\\\/#website\"},\"primaryImageOfPage\":{\"@id\":\"https:\\\/\\\/www.sharespine.com\\\/sv\\\/support-service\\\/#primaryimage\"},\"image\":{\"@id\":\"https:\\\/\\\/www.sharespine.com\\\/sv\\\/support-service\\\/#primaryimage\"},\"thumbnailUrl\":\"https:\\\/\\\/www.sharespine.com\\\/wp-content\\\/uploads\\\/2021\\\/06\\\/ss-ograph.png\",\"datePublished\":\"2018-04-09T13:59:02+00:00\",\"dateModified\":\"2023-08-10T12:39:15+00:00\",\"description\":\"L\u00e4sa mer om v\u00e5ra support\",\"breadcrumb\":{\"@id\":\"https:\\\/\\\/www.sharespine.com\\\/sv\\\/support-service\\\/#breadcrumb\"},\"inLanguage\":\"sv-SE\",\"potentialAction\":[{\"@type\":\"ReadAction\",\"target\":[\"https:\\\/\\\/www.sharespine.com\\\/sv\\\/support-service\\\/\"]}]},{\"@type\":\"ImageObject\",\"inLanguage\":\"sv-SE\",\"@id\":\"https:\\\/\\\/www.sharespine.com\\\/sv\\\/support-service\\\/#primaryimage\",\"url\":\"https:\\\/\\\/www.sharespine.com\\\/wp-content\\\/uploads\\\/2021\\\/06\\\/ss-ograph.png\",\"contentUrl\":\"https:\\\/\\\/www.sharespine.com\\\/wp-content\\\/uploads\\\/2021\\\/06\\\/ss-ograph.png\",\"width\":1000,\"height\":696,\"caption\":\"Leveransprojekt med Sharespine Flex\"},{\"@type\":\"BreadcrumbList\",\"@id\":\"https:\\\/\\\/www.sharespine.com\\\/sv\\\/support-service\\\/#breadcrumb\",\"itemListElement\":[{\"@type\":\"ListItem\",\"position\":1,\"name\":\"Hem\",\"item\":\"https:\\\/\\\/www.sharespine.com\\\/sv\\\/\"},{\"@type\":\"ListItem\",\"position\":2,\"name\":\"Support &#038; SPS\"}]},{\"@type\":\"WebSite\",\"@id\":\"https:\\\/\\\/www.sharespine.com\\\/sv\\\/#website\",\"url\":\"https:\\\/\\\/www.sharespine.com\\\/sv\\\/\",\"name\":\"Sharespine\",\"description\":\"Integrationsplattform f\u00f6r e-handel &amp; bokf\u00f6ring\",\"publisher\":{\"@id\":\"https:\\\/\\\/www.sharespine.com\\\/sv\\\/#organization\"},\"potentialAction\":[{\"@type\":\"SearchAction\",\"target\":{\"@type\":\"EntryPoint\",\"urlTemplate\":\"https:\\\/\\\/www.sharespine.com\\\/sv\\\/?s={search_term_string}\"},\"query-input\":{\"@type\":\"PropertyValueSpecification\",\"valueRequired\":true,\"valueName\":\"search_term_string\"}}],\"inLanguage\":\"sv-SE\"},{\"@type\":\"Organization\",\"@id\":\"https:\\\/\\\/www.sharespine.com\\\/sv\\\/#organization\",\"name\":\"Sharespine AB\",\"url\":\"https:\\\/\\\/www.sharespine.com\\\/sv\\\/\",\"logo\":{\"@type\":\"ImageObject\",\"inLanguage\":\"sv-SE\",\"@id\":\"https:\\\/\\\/www.sharespine.com\\\/sv\\\/#\\\/schema\\\/logo\\\/image\\\/\",\"url\":\"https:\\\/\\\/www.sharespine.com\\\/wp-content\\\/uploads\\\/2022\\\/11\\\/logo-default.png\",\"contentUrl\":\"https:\\\/\\\/www.sharespine.com\\\/wp-content\\\/uploads\\\/2022\\\/11\\\/logo-default.png\",\"width\":700,\"height\":153,\"caption\":\"Sharespine AB\"},\"image\":{\"@id\":\"https:\\\/\\\/www.sharespine.com\\\/sv\\\/#\\\/schema\\\/logo\\\/image\\\/\"},\"sameAs\":[\"https:\\\/\\\/www.facebook.com\\\/sharespine\",\"https:\\\/\\\/www.linkedin.com\\\/company\\\/sharespine\\\/\",\"https:\\\/\\\/www.instagram.com\\\/sharespine\\\/\"]}]}<\/script>\n<!-- \/ Yoast SEO Premium plugin. -->","yoast_head_json":{"title":"Support & SPS - Sharespine","description":"L\u00e4sa mer om v\u00e5ra support","robots":{"index":"index","follow":"follow","max-snippet":"max-snippet:-1","max-image-preview":"max-image-preview:large","max-video-preview":"max-video-preview:-1"},"canonical":"https:\/\/www.sharespine.com\/sv\/support-service\/","og_locale":"sv_SE","og_type":"article","og_title":"Support & SPS","og_description":"L\u00e4sa mer om v\u00e5ra support","og_url":"https:\/\/www.sharespine.com\/sv\/support-service\/","og_site_name":"Sharespine","article_publisher":"https:\/\/www.facebook.com\/sharespine","article_modified_time":"2023-08-10T12:39:15+00:00","og_image":[{"width":1000,"height":696,"url":"https:\/\/www.sharespine.com\/wp-content\/uploads\/2021\/06\/ss-ograph.png","type":"image\/png"}],"twitter_card":"summary_large_image","twitter_misc":{"Ber\u00e4knad l\u00e4stid":"2 minuter"},"schema":{"@context":"https:\/\/schema.org","@graph":[{"@type":"WebPage","@id":"https:\/\/www.sharespine.com\/sv\/support-service\/","url":"https:\/\/www.sharespine.com\/sv\/support-service\/","name":"Support & SPS - Sharespine","isPartOf":{"@id":"https:\/\/www.sharespine.com\/sv\/#website"},"primaryImageOfPage":{"@id":"https:\/\/www.sharespine.com\/sv\/support-service\/#primaryimage"},"image":{"@id":"https:\/\/www.sharespine.com\/sv\/support-service\/#primaryimage"},"thumbnailUrl":"https:\/\/www.sharespine.com\/wp-content\/uploads\/2021\/06\/ss-ograph.png","datePublished":"2018-04-09T13:59:02+00:00","dateModified":"2023-08-10T12:39:15+00:00","description":"L\u00e4sa mer om v\u00e5ra support","breadcrumb":{"@id":"https:\/\/www.sharespine.com\/sv\/support-service\/#breadcrumb"},"inLanguage":"sv-SE","potentialAction":[{"@type":"ReadAction","target":["https:\/\/www.sharespine.com\/sv\/support-service\/"]}]},{"@type":"ImageObject","inLanguage":"sv-SE","@id":"https:\/\/www.sharespine.com\/sv\/support-service\/#primaryimage","url":"https:\/\/www.sharespine.com\/wp-content\/uploads\/2021\/06\/ss-ograph.png","contentUrl":"https:\/\/www.sharespine.com\/wp-content\/uploads\/2021\/06\/ss-ograph.png","width":1000,"height":696,"caption":"Leveransprojekt med Sharespine Flex"},{"@type":"BreadcrumbList","@id":"https:\/\/www.sharespine.com\/sv\/support-service\/#breadcrumb","itemListElement":[{"@type":"ListItem","position":1,"name":"Hem","item":"https:\/\/www.sharespine.com\/sv\/"},{"@type":"ListItem","position":2,"name":"Support &#038; SPS"}]},{"@type":"WebSite","@id":"https:\/\/www.sharespine.com\/sv\/#website","url":"https:\/\/www.sharespine.com\/sv\/","name":"Sharespine","description":"Integrationsplattform f\u00f6r e-handel &amp; bokf\u00f6ring","publisher":{"@id":"https:\/\/www.sharespine.com\/sv\/#organization"},"potentialAction":[{"@type":"SearchAction","target":{"@type":"EntryPoint","urlTemplate":"https:\/\/www.sharespine.com\/sv\/?s={search_term_string}"},"query-input":{"@type":"PropertyValueSpecification","valueRequired":true,"valueName":"search_term_string"}}],"inLanguage":"sv-SE"},{"@type":"Organization","@id":"https:\/\/www.sharespine.com\/sv\/#organization","name":"Sharespine AB","url":"https:\/\/www.sharespine.com\/sv\/","logo":{"@type":"ImageObject","inLanguage":"sv-SE","@id":"https:\/\/www.sharespine.com\/sv\/#\/schema\/logo\/image\/","url":"https:\/\/www.sharespine.com\/wp-content\/uploads\/2022\/11\/logo-default.png","contentUrl":"https:\/\/www.sharespine.com\/wp-content\/uploads\/2022\/11\/logo-default.png","width":700,"height":153,"caption":"Sharespine AB"},"image":{"@id":"https:\/\/www.sharespine.com\/sv\/#\/schema\/logo\/image\/"},"sameAs":["https:\/\/www.facebook.com\/sharespine","https:\/\/www.linkedin.com\/company\/sharespine\/","https:\/\/www.instagram.com\/sharespine\/"]}]}},"_links":{"self":[{"href":"https:\/\/www.sharespine.com\/sv\/wp-json\/wp\/v2\/pages\/6002","targetHints":{"allow":["GET"]}}],"collection":[{"href":"https:\/\/www.sharespine.com\/sv\/wp-json\/wp\/v2\/pages"}],"about":[{"href":"https:\/\/www.sharespine.com\/sv\/wp-json\/wp\/v2\/types\/page"}],"author":[{"embeddable":true,"href":"https:\/\/www.sharespine.com\/sv\/wp-json\/wp\/v2\/users\/11"}],"replies":[{"embeddable":true,"href":"https:\/\/www.sharespine.com\/sv\/wp-json\/wp\/v2\/comments?post=6002"}],"version-history":[{"count":10,"href":"https:\/\/www.sharespine.com\/sv\/wp-json\/wp\/v2\/pages\/6002\/revisions"}],"predecessor-version":[{"id":44401,"href":"https:\/\/www.sharespine.com\/sv\/wp-json\/wp\/v2\/pages\/6002\/revisions\/44401"}],"wp:featuredmedia":[{"embeddable":true,"href":"https:\/\/www.sharespine.com\/sv\/wp-json\/wp\/v2\/media\/28158"}],"wp:attachment":[{"href":"https:\/\/www.sharespine.com\/sv\/wp-json\/wp\/v2\/media?parent=6002"}],"wp:term":[{"taxonomy":"category","embeddable":true,"href":"https:\/\/www.sharespine.com\/sv\/wp-json\/wp\/v2\/categories?post=6002"},{"taxonomy":"post_tag","embeddable":true,"href":"https:\/\/www.sharespine.com\/sv\/wp-json\/wp\/v2\/tags?post=6002"}],"curies":[{"name":"wp","href":"https:\/\/api.w.org\/{rel}","templated":true}]}}