{"id":60278,"date":"2025-11-18T13:59:05","date_gmt":"2025-11-18T12:59:05","guid":{"rendered":"https:\/\/staging.sharespine.com\/?page_id=60278"},"modified":"2025-11-27T13:30:52","modified_gmt":"2025-11-27T12:30:52","slug":"nyehandel-integration-e-handel-bokforing","status":"publish","type":"page","link":"https:\/\/www.sharespine.com\/sv\/anslutna-system\/e-handelssystem\/nyehandel-integration-e-handel-bokforing\/","title":{"rendered":"Nyehandel integration e-handel &#038; bokf\u00f6ring"},"content":{"rendered":"<p>[et_pb_section fb_built=&#8221;1&#8243; module_class=&#8221;connector-config-block&#8221; _builder_version=&#8221;4.16&#8243; background_enable_color=&#8221;off&#8221; custom_css_main_element=&#8221;margin-bottom: 0% !important;||padding-top: 0% !important;||padding-bottom: 0% !important;||background: linear-gradient(180deg, #43365f 50%, #fff 50%);&#8221; global_colors_info=&#8221;{}&#8221;][et_pb_row _builder_version=&#8221;4.16&#8243; custom_css_main_element=&#8221;padding-top: 0 !important;&#8221; global_colors_info=&#8221;{}&#8221;][et_pb_column type=&#8221;4_4&#8243; _builder_version=&#8221;4.16&#8243; global_colors_info=&#8221;{}&#8221;][et_pb_code _builder_version=&#8221;4.27.4&#8243; _module_preset=&#8221;default&#8221; global_colors_info=&#8221;{}&#8221;]<\/p>\n<div class=\"calculator-text-header\"><!-- [et_pb_line_break_holder] -->\t<\/p>\n<h2><!-- [et_pb_line_break_holder] -->\tVilka system vill du koppla ihop med <!-- [et_pb_line_break_holder] -->\t<span>Nyehandel<\/span>?<!-- [et_pb_line_break_holder] -->\t<\/h2>\n<p><!-- [et_pb_line_break_holder] -->\t<pee><!-- [et_pb_line_break_holder] -->\tFyll i kalkylatorn och l\u00e5t v\u00e5ra r\u00e5dgivare ta fram ett kostnadsfritt l\u00f6sningsf\u00f6rslag.<!-- [et_pb_line_break_holder] -->\t<\/pee><!-- [et_pb_line_break_holder] --><\/div>\n<p>[\/et_pb_code][et_pb_code _builder_version=&#8221;4.27.4&#8243; hover_enabled=&#8221;0&#8243; global_colors_info=&#8221;{}&#8221; sticky_enabled=&#8221;0&#8243;]<div id=\"mount\"><\/div><div id=\"mountlocation\" style=\"display:none;\">#mount<\/div><div id=\"connectortype\" style=\"display:none;\">ecom-nyehandel<\/div><div id=\"language\" style=\"display:none;\">sv<\/div><div id=\"locked_ecom\" style=\"display:none;\"><\/div><div id=\"locked_pos\" style=\"display:none;\"><\/div><div id=\"locked_erp\" style=\"display:none;\"><\/div><div id=\"locked_payment\" style=\"display:none;\"><\/div><div id=\"locked_logistic\" style=\"display:none;\"><\/div><div id=\"locked_marketplace\" style=\"display:none;\"><\/div><div id=\"locked_source\" style=\"display:none;\"><\/div><div id=\"locked_currency\" style=\"display:none;\"><\/div><div id=\"connConfig\" style=\"display:none;\"><\/div>[\/et_pb_code][\/et_pb_column][\/et_pb_row][\/et_pb_section]<\/p>\n","protected":false},"excerpt":{"rendered":"<div id=\"mount\"><\/div><div id=\"mountlocation\" style=\"display:none;\">#mount<\/div><div id=\"connectortype\" style=\"display:none;\">ecom-nyehandel<\/div><div id=\"language\" style=\"display:none;\">sv<\/div><div id=\"locked_ecom\" style=\"display:none;\"><\/div><div id=\"locked_pos\" style=\"display:none;\"><\/div><div id=\"locked_erp\" style=\"display:none;\"><\/div><div id=\"locked_payment\" style=\"display:none;\"><\/div><div id=\"locked_logistic\" style=\"display:none;\"><\/div><div id=\"locked_marketplace\" style=\"display:none;\"><\/div><div id=\"locked_source\" style=\"display:none;\"><\/div><div id=\"locked_currency\" style=\"display:none;\"><\/div><div id=\"connConfig\" style=\"display:none;\"><\/div>\n","protected":false},"author":30,"featured_media":60282,"parent":4454,"menu_order":0,"comment_status":"closed","ping_status":"closed","template":"","meta":{"_acf_changed":false,"_et_pb_use_builder":"on","_et_pb_old_content":"","_et_gb_content_width":"","content-type":"","footnotes":""},"categories":[182,155,343,158],"tags":[],"class_list":["post-60278","page","type-page","status-publish","has-post-thumbnail","hentry","category-cdonfree","category-connector","category-connectorpage","category-e-handelssystem"],"acf":[],"yoast_head":"<!-- This site is optimized with the Yoast SEO Premium plugin v26.2 (Yoast SEO v27.2) - https:\/\/yoast.com\/product\/yoast-seo-premium-wordpress\/ -->\n<title>Nyehandel integration e-handel &amp; bokf\u00f6ring<\/title>\n<meta name=\"description\" content=\"Nyehandel integrationer i Sharespines plattform f\u00f6r bokf\u00f6ring och avst\u00e4mning av din betalleverant\u00f6rer i ditt ekonomisystem\" \/>\n<meta name=\"robots\" content=\"index, follow, max-snippet:-1, max-image-preview:large, max-video-preview:-1\" \/>\n<link rel=\"canonical\" href=\"https:\/\/www.sharespine.com\/sv\/anslutna-system\/e-handelssystem\/nyehandel-integration-e-handel-bokforing\/\" \/>\n<meta property=\"og:locale\" content=\"sv_SE\" \/>\n<meta property=\"og:type\" content=\"article\" \/>\n<meta property=\"og:title\" content=\"Nyehandel integration e-handel &amp; bokf\u00f6ring\" \/>\n<meta property=\"og:description\" content=\"Nyehandel integrationer i Sharespines plattform f\u00f6r bokf\u00f6ring och avst\u00e4mning av din betalleverant\u00f6rer i ditt ekonomisystem\" \/>\n<meta property=\"og:url\" content=\"https:\/\/www.sharespine.com\/sv\/anslutna-system\/e-handelssystem\/nyehandel-integration-e-handel-bokforing\/\" \/>\n<meta property=\"og:site_name\" content=\"Sharespine\" \/>\n<meta property=\"article:publisher\" content=\"https:\/\/www.facebook.com\/sharespine\" \/>\n<meta property=\"article:modified_time\" content=\"2025-11-27T12:30:52+00:00\" \/>\n<meta property=\"og:image\" content=\"https:\/\/www.sharespine.com\/wp-content\/uploads\/2022\/03\/sharespine-flow-woocommerce.png\" \/>\n\t<meta property=\"og:image:width\" content=\"1144\" \/>\n\t<meta property=\"og:image:height\" content=\"774\" \/>\n\t<meta property=\"og:image:type\" content=\"image\/png\" \/>\n<meta name=\"twitter:card\" content=\"summary_large_image\" \/>\n<meta name=\"twitter:label1\" content=\"Ber\u00e4knad l\u00e4stid\" \/>\n\t<meta name=\"twitter:data1\" content=\"1 minut\" \/>\n<script type=\"application\/ld+json\" class=\"yoast-schema-graph\">{\"@context\":\"https:\/\/schema.org\",\"@graph\":[{\"@type\":\"WebPage\",\"@id\":\"https:\/\/www.sharespine.com\/sv\/anslutna-system\/e-handelssystem\/nyehandel-integration-e-handel-bokforing\/\",\"url\":\"https:\/\/www.sharespine.com\/sv\/anslutna-system\/e-handelssystem\/nyehandel-integration-e-handel-bokforing\/\",\"name\":\"Nyehandel integration e-handel & bokf\u00f6ring\",\"isPartOf\":{\"@id\":\"https:\/\/www.sharespine.com\/sv\/#website\"},\"primaryImageOfPage\":{\"@id\":\"https:\/\/www.sharespine.com\/sv\/anslutna-system\/e-handelssystem\/nyehandel-integration-e-handel-bokforing\/#primaryimage\"},\"image\":{\"@id\":\"https:\/\/www.sharespine.com\/sv\/anslutna-system\/e-handelssystem\/nyehandel-integration-e-handel-bokforing\/#primaryimage\"},\"thumbnailUrl\":\"https:\/\/www.sharespine.com\/wp-content\/uploads\/2025\/11\/nyehandel-logo-bla-scaled.png\",\"datePublished\":\"2025-11-18T12:59:05+00:00\",\"dateModified\":\"2025-11-27T12:30:52+00:00\",\"description\":\"Nyehandel integrationer i Sharespines plattform f\u00f6r bokf\u00f6ring och avst\u00e4mning av din betalleverant\u00f6rer i ditt ekonomisystem\",\"breadcrumb\":{\"@id\":\"https:\/\/www.sharespine.com\/sv\/anslutna-system\/e-handelssystem\/nyehandel-integration-e-handel-bokforing\/#breadcrumb\"},\"inLanguage\":\"sv-SE\",\"potentialAction\":[{\"@type\":\"ReadAction\",\"target\":[\"https:\/\/www.sharespine.com\/sv\/anslutna-system\/e-handelssystem\/nyehandel-integration-e-handel-bokforing\/\"]}]},{\"@type\":\"ImageObject\",\"inLanguage\":\"sv-SE\",\"@id\":\"https:\/\/www.sharespine.com\/sv\/anslutna-system\/e-handelssystem\/nyehandel-integration-e-handel-bokforing\/#primaryimage\",\"url\":\"https:\/\/www.sharespine.com\/wp-content\/uploads\/2025\/11\/nyehandel-logo-bla-scaled.png\",\"contentUrl\":\"https:\/\/www.sharespine.com\/wp-content\/uploads\/2025\/11\/nyehandel-logo-bla-scaled.png\",\"width\":1600,\"height\":362},{\"@type\":\"BreadcrumbList\",\"@id\":\"https:\/\/www.sharespine.com\/sv\/anslutna-system\/e-handelssystem\/nyehandel-integration-e-handel-bokforing\/#breadcrumb\",\"itemListElement\":[{\"@type\":\"ListItem\",\"position\":1,\"name\":\"Hem\",\"item\":\"https:\/\/www.sharespine.com\/sv\/\"},{\"@type\":\"ListItem\",\"position\":2,\"name\":\"Anslutna system\",\"item\":\"https:\/\/www.sharespine.com\/sv\/anslutna-system\/\"},{\"@type\":\"ListItem\",\"position\":3,\"name\":\"Anslutna e-handelsystem\",\"item\":\"https:\/\/www.sharespine.com\/sv\/anslutna-system\/e-handelssystem\/\"},{\"@type\":\"ListItem\",\"position\":4,\"name\":\"Nyehandel integration e-handel &#038; bokf\u00f6ring\"}]},{\"@type\":\"WebSite\",\"@id\":\"https:\/\/www.sharespine.com\/sv\/#website\",\"url\":\"https:\/\/www.sharespine.com\/sv\/\",\"name\":\"Sharespine\",\"description\":\"Integrationsplattform f\u00f6r e-handel &amp; bokf\u00f6ring\",\"publisher\":{\"@id\":\"https:\/\/www.sharespine.com\/sv\/#organization\"},\"potentialAction\":[{\"@type\":\"SearchAction\",\"target\":{\"@type\":\"EntryPoint\",\"urlTemplate\":\"https:\/\/www.sharespine.com\/sv\/?s={search_term_string}\"},\"query-input\":{\"@type\":\"PropertyValueSpecification\",\"valueRequired\":true,\"valueName\":\"search_term_string\"}}],\"inLanguage\":\"sv-SE\"},{\"@type\":\"Organization\",\"@id\":\"https:\/\/www.sharespine.com\/sv\/#organization\",\"name\":\"Sharespine AB\",\"url\":\"https:\/\/www.sharespine.com\/sv\/\",\"logo\":{\"@type\":\"ImageObject\",\"inLanguage\":\"sv-SE\",\"@id\":\"https:\/\/www.sharespine.com\/sv\/#\/schema\/logo\/image\/\",\"url\":\"https:\/\/www.sharespine.com\/wp-content\/uploads\/2022\/11\/logo-default.png\",\"contentUrl\":\"https:\/\/www.sharespine.com\/wp-content\/uploads\/2022\/11\/logo-default.png\",\"width\":700,\"height\":153,\"caption\":\"Sharespine AB\"},\"image\":{\"@id\":\"https:\/\/www.sharespine.com\/sv\/#\/schema\/logo\/image\/\"},\"sameAs\":[\"https:\/\/www.facebook.com\/sharespine\",\"https:\/\/www.linkedin.com\/company\/sharespine\/\",\"https:\/\/www.instagram.com\/sharespine\/\"]}]}<\/script>\n<!-- \/ Yoast SEO Premium plugin. -->","yoast_head_json":{"title":"Nyehandel integration e-handel & bokf\u00f6ring","description":"Nyehandel integrationer i Sharespines plattform f\u00f6r bokf\u00f6ring och avst\u00e4mning av din betalleverant\u00f6rer i ditt ekonomisystem","robots":{"index":"index","follow":"follow","max-snippet":"max-snippet:-1","max-image-preview":"max-image-preview:large","max-video-preview":"max-video-preview:-1"},"canonical":"https:\/\/www.sharespine.com\/sv\/anslutna-system\/e-handelssystem\/nyehandel-integration-e-handel-bokforing\/","og_locale":"sv_SE","og_type":"article","og_title":"Nyehandel integration e-handel & bokf\u00f6ring","og_description":"Nyehandel integrationer i Sharespines plattform f\u00f6r bokf\u00f6ring och avst\u00e4mning av din betalleverant\u00f6rer i ditt ekonomisystem","og_url":"https:\/\/www.sharespine.com\/sv\/anslutna-system\/e-handelssystem\/nyehandel-integration-e-handel-bokforing\/","og_site_name":"Sharespine","article_publisher":"https:\/\/www.facebook.com\/sharespine","article_modified_time":"2025-11-27T12:30:52+00:00","og_image":[{"width":1144,"height":774,"url":"https:\/\/www.sharespine.com\/wp-content\/uploads\/2022\/03\/sharespine-flow-woocommerce.png","type":"image\/png"}],"twitter_card":"summary_large_image","twitter_misc":{"Ber\u00e4knad l\u00e4stid":"1 minut"},"schema":{"@context":"https:\/\/schema.org","@graph":[{"@type":"WebPage","@id":"https:\/\/www.sharespine.com\/sv\/anslutna-system\/e-handelssystem\/nyehandel-integration-e-handel-bokforing\/","url":"https:\/\/www.sharespine.com\/sv\/anslutna-system\/e-handelssystem\/nyehandel-integration-e-handel-bokforing\/","name":"Nyehandel integration e-handel & bokf\u00f6ring","isPartOf":{"@id":"https:\/\/www.sharespine.com\/sv\/#website"},"primaryImageOfPage":{"@id":"https:\/\/www.sharespine.com\/sv\/anslutna-system\/e-handelssystem\/nyehandel-integration-e-handel-bokforing\/#primaryimage"},"image":{"@id":"https:\/\/www.sharespine.com\/sv\/anslutna-system\/e-handelssystem\/nyehandel-integration-e-handel-bokforing\/#primaryimage"},"thumbnailUrl":"https:\/\/www.sharespine.com\/wp-content\/uploads\/2025\/11\/nyehandel-logo-bla-scaled.png","datePublished":"2025-11-18T12:59:05+00:00","dateModified":"2025-11-27T12:30:52+00:00","description":"Nyehandel integrationer i Sharespines plattform f\u00f6r bokf\u00f6ring och avst\u00e4mning av din betalleverant\u00f6rer i ditt ekonomisystem","breadcrumb":{"@id":"https:\/\/www.sharespine.com\/sv\/anslutna-system\/e-handelssystem\/nyehandel-integration-e-handel-bokforing\/#breadcrumb"},"inLanguage":"sv-SE","potentialAction":[{"@type":"ReadAction","target":["https:\/\/www.sharespine.com\/sv\/anslutna-system\/e-handelssystem\/nyehandel-integration-e-handel-bokforing\/"]}]},{"@type":"ImageObject","inLanguage":"sv-SE","@id":"https:\/\/www.sharespine.com\/sv\/anslutna-system\/e-handelssystem\/nyehandel-integration-e-handel-bokforing\/#primaryimage","url":"https:\/\/www.sharespine.com\/wp-content\/uploads\/2025\/11\/nyehandel-logo-bla-scaled.png","contentUrl":"https:\/\/www.sharespine.com\/wp-content\/uploads\/2025\/11\/nyehandel-logo-bla-scaled.png","width":1600,"height":362},{"@type":"BreadcrumbList","@id":"https:\/\/www.sharespine.com\/sv\/anslutna-system\/e-handelssystem\/nyehandel-integration-e-handel-bokforing\/#breadcrumb","itemListElement":[{"@type":"ListItem","position":1,"name":"Hem","item":"https:\/\/www.sharespine.com\/sv\/"},{"@type":"ListItem","position":2,"name":"Anslutna system","item":"https:\/\/www.sharespine.com\/sv\/anslutna-system\/"},{"@type":"ListItem","position":3,"name":"Anslutna e-handelsystem","item":"https:\/\/www.sharespine.com\/sv\/anslutna-system\/e-handelssystem\/"},{"@type":"ListItem","position":4,"name":"Nyehandel integration e-handel &#038; bokf\u00f6ring"}]},{"@type":"WebSite","@id":"https:\/\/www.sharespine.com\/sv\/#website","url":"https:\/\/www.sharespine.com\/sv\/","name":"Sharespine","description":"Integrationsplattform f\u00f6r e-handel &amp; bokf\u00f6ring","publisher":{"@id":"https:\/\/www.sharespine.com\/sv\/#organization"},"potentialAction":[{"@type":"SearchAction","target":{"@type":"EntryPoint","urlTemplate":"https:\/\/www.sharespine.com\/sv\/?s={search_term_string}"},"query-input":{"@type":"PropertyValueSpecification","valueRequired":true,"valueName":"search_term_string"}}],"inLanguage":"sv-SE"},{"@type":"Organization","@id":"https:\/\/www.sharespine.com\/sv\/#organization","name":"Sharespine AB","url":"https:\/\/www.sharespine.com\/sv\/","logo":{"@type":"ImageObject","inLanguage":"sv-SE","@id":"https:\/\/www.sharespine.com\/sv\/#\/schema\/logo\/image\/","url":"https:\/\/www.sharespine.com\/wp-content\/uploads\/2022\/11\/logo-default.png","contentUrl":"https:\/\/www.sharespine.com\/wp-content\/uploads\/2022\/11\/logo-default.png","width":700,"height":153,"caption":"Sharespine AB"},"image":{"@id":"https:\/\/www.sharespine.com\/sv\/#\/schema\/logo\/image\/"},"sameAs":["https:\/\/www.facebook.com\/sharespine","https:\/\/www.linkedin.com\/company\/sharespine\/","https:\/\/www.instagram.com\/sharespine\/"]}]}},"_links":{"self":[{"href":"https:\/\/www.sharespine.com\/sv\/wp-json\/wp\/v2\/pages\/60278","targetHints":{"allow":["GET"]}}],"collection":[{"href":"https:\/\/www.sharespine.com\/sv\/wp-json\/wp\/v2\/pages"}],"about":[{"href":"https:\/\/www.sharespine.com\/sv\/wp-json\/wp\/v2\/types\/page"}],"author":[{"embeddable":true,"href":"https:\/\/www.sharespine.com\/sv\/wp-json\/wp\/v2\/users\/30"}],"replies":[{"embeddable":true,"href":"https:\/\/www.sharespine.com\/sv\/wp-json\/wp\/v2\/comments?post=60278"}],"version-history":[{"count":9,"href":"https:\/\/www.sharespine.com\/sv\/wp-json\/wp\/v2\/pages\/60278\/revisions"}],"predecessor-version":[{"id":60737,"href":"https:\/\/www.sharespine.com\/sv\/wp-json\/wp\/v2\/pages\/60278\/revisions\/60737"}],"up":[{"embeddable":true,"href":"https:\/\/www.sharespine.com\/sv\/wp-json\/wp\/v2\/pages\/4454"}],"wp:featuredmedia":[{"embeddable":true,"href":"https:\/\/www.sharespine.com\/sv\/wp-json\/wp\/v2\/media\/60282"}],"wp:attachment":[{"href":"https:\/\/www.sharespine.com\/sv\/wp-json\/wp\/v2\/media?parent=60278"}],"wp:term":[{"taxonomy":"category","embeddable":true,"href":"https:\/\/www.sharespine.com\/sv\/wp-json\/wp\/v2\/categories?post=60278"},{"taxonomy":"post_tag","embeddable":true,"href":"https:\/\/www.sharespine.com\/sv\/wp-json\/wp\/v2\/tags?post=60278"}],"curies":[{"name":"wp","href":"https:\/\/api.w.org\/{rel}","templated":true}]}}