{"id":60320,"date":"2025-11-19T11:33:39","date_gmt":"2025-11-19T10:33:39","guid":{"rendered":"https:\/\/staging.sharespine.com\/?page_id=60320"},"modified":"2025-11-25T15:54:51","modified_gmt":"2025-11-25T14:54:51","slug":"bokforing-betalningar","status":"publish","type":"page","link":"https:\/\/www.sharespine.com\/sv\/bokforing-betalningar\/","title":{"rendered":"Bokf\u00f6ring av betalningar"},"content":{"rendered":"<p>[et_pb_section fb_built=&#8221;1&#8243; fullwidth=&#8221;on&#8221; module_class=&#8221;gradient-header&#8221; _builder_version=&#8221;4.27.4&#8243; _module_preset=&#8221;default&#8221; global_colors_info=&#8221;{}&#8221;][et_pb_fullwidth_code _builder_version=&#8221;4.27.4&#8243; _module_preset=&#8221;default&#8221; global_colors_info=&#8221;{}&#8221;]<\/p>\n<div class=\"gradient-header-inner\"><!-- [et_pb_line_break_holder] -->  <!-- [et_pb_line_break_holder] --><\/div>\n<p>[\/et_pb_fullwidth_code][\/et_pb_section][et_pb_section fb_built=&#8221;1&#8243; _builder_version=&#8221;4.27.4&#8243; _module_preset=&#8221;default&#8221; custom_margin=&#8221;2em||0px||false|false&#8221; custom_padding=&#8221;0px||0px||false|false&#8221; global_colors_info=&#8221;{}&#8221;][et_pb_row module_class=&#8221;sec-home-top&#8221; _builder_version=&#8221;4.27.4&#8243; _module_preset=&#8221;default&#8221; max_width=&#8221;1080px&#8221; global_colors_info=&#8221;{}&#8221;][et_pb_column type=&#8221;4_4&#8243; _builder_version=&#8221;4.27.4&#8243; _module_preset=&#8221;default&#8221; global_colors_info=&#8221;{}&#8221;][et_pb_text module_class=&#8221;sello-page-title text-center&#8221; _builder_version=&#8221;4.27.4&#8243; _module_preset=&#8221;default&#8221; global_colors_info=&#8221;{}&#8221;]<\/p>\n<p>S\u00e4tt bokf\u00f6ring av betall\u00f6sningar p\u00e5 autopilot<\/p>\n<p>[\/et_pb_text][et_pb_text module_class=&#8221;page-byline-lg text-center&#8221; _builder_version=&#8221;4.27.4&#8243; _module_preset=&#8221;default&#8221; global_colors_info=&#8221;{}&#8221;]<\/p>\n<p>Vi bokf\u00f6r automatiskt f\u00f6rs\u00e4ljning, utbetalningar och returer direkt fr\u00e5n betal\u00adl\u00f6sningar som PayPal, Stripe, Klarna och Kustom &#8211; utan koppling till f\u00f6rs\u00e4ljningssystemet. Du integrerar bara betal\u00adl\u00f6sningen och aff\u00e4rssystemet men f\u00e5r \u00e4nd\u00e5 en helt komplett bokf\u00f6ring p\u00e5 autopilot.<\/p>\n<p>[\/et_pb_text][et_pb_image src=&#8221;https:\/\/www.sharespine.com\/wp-content\/uploads\/2025\/11\/logos-pay-1.png&#8221; alt=&#8221;Betalningar logos&#8221; title_text=&#8221;Betalningar logos&#8221; align=&#8221;center&#8221; _builder_version=&#8221;4.27.4&#8243; _module_preset=&#8221;default&#8221; width=&#8221;900px&#8221; max_height=&#8221;65px&#8221; custom_padding=&#8221;10px||10px||false|false&#8221; global_colors_info=&#8221;{}&#8221;][\/et_pb_image][\/et_pb_column][\/et_pb_row][\/et_pb_section][et_pb_section fb_built=&#8221;1&#8243; _builder_version=&#8221;4.27.4&#8243; _module_preset=&#8221;default&#8221; custom_margin=&#8221;0px||||false|false&#8221; custom_padding=&#8221;10px||||false|false&#8221; hover_enabled=&#8221;0&#8243; global_colors_info=&#8221;{}&#8221; disabled_on=&#8221;on|on|on&#8221; disabled=&#8221;on&#8221; sticky_enabled=&#8221;0&#8243;][et_pb_row _builder_version=&#8221;4.27.4&#8243; _module_preset=&#8221;default&#8221; max_width=&#8221;760px&#8221; module_alignment=&#8221;center&#8221; global_colors_info=&#8221;{}&#8221;][et_pb_column type=&#8221;4_4&#8243; _builder_version=&#8221;4.27.4&#8243; _module_preset=&#8221;default&#8221; global_colors_info=&#8221;{}&#8221;][et_pb_text module_class=&#8221;sec-separator-title&#8221; _builder_version=&#8221;4.27.4&#8243; _module_preset=&#8221;default&#8221; custom_padding=&#8221;||20px||false|false&#8221; global_colors_info=&#8221;{}&#8221;]S\u00e5 fungerar det[\/et_pb_text][et_pb_video_slider _builder_version=&#8221;4.27.4&#8243; _module_preset=&#8221;default&#8221; global_colors_info=&#8221;{}&#8221;][et_pb_video_slider_item src=&#8221;https:\/\/www.sharespine.com\/wp-content\/uploads\/2025\/11\/PayPal-Fortnox-2.mp4&#8243; src_webm=&#8221;https:\/\/www.sharespine.com\/wp-content\/uploads\/2025\/11\/thumb-2.jpg&#8221; image_src=&#8221;https:\/\/www.sharespine.com\/wp-content\/uploads\/2025\/11\/thumb-2.jpg&#8221; _builder_version=&#8221;4.27.4&#8243; _module_preset=&#8221;default&#8221; global_colors_info=&#8221;{}&#8221; show_image_overlay=&#8221;off&#8221;][\/et_pb_video_slider_item][et_pb_video_slider_item src=&#8221;https:\/\/www.sharespine.com\/wp-content\/uploads\/2025\/11\/sharespine_kustom_fortnox_bokforing_v1-1080p.mp4&#8243; src_webm=&#8221;https:\/\/www.sharespine.com\/wp-content\/uploads\/2025\/11\/thumb-1.jpg&#8221; image_src=&#8221;https:\/\/www.sharespine.com\/wp-content\/uploads\/2025\/11\/thumb-1.jpg&#8221; _builder_version=&#8221;4.27.4&#8243; _module_preset=&#8221;default&#8221; global_colors_info=&#8221;{}&#8221; show_image_overlay=&#8221;off&#8221;][\/et_pb_video_slider_item][et_pb_video_slider_item src=&#8221;https:\/\/www.sharespine.com\/wp-content\/uploads\/2025\/11\/koppla_stripe_till_fortnox_och_satt_din_bokforing_pa_autopilot_v2-1080p.mp4&#8243; src_webm=&#8221;https:\/\/www.sharespine.com\/wp-content\/uploads\/2025\/11\/thumb-3.jpg&#8221; image_src=&#8221;https:\/\/www.sharespine.com\/wp-content\/uploads\/2025\/11\/thumb-3-1.jpg&#8221; _builder_version=&#8221;4.27.4&#8243; _module_preset=&#8221;default&#8221; global_colors_info=&#8221;{}&#8221; show_image_overlay=&#8221;off&#8221;][\/et_pb_video_slider_item][\/et_pb_video_slider][\/et_pb_column][\/et_pb_row][\/et_pb_section][et_pb_section fb_built=&#8221;1&#8243; disabled_on=&#8221;on|on|on&#8221; _builder_version=&#8221;4.27.4&#8243; _module_preset=&#8221;default&#8221; custom_margin=&#8221;0px||||false|false&#8221; custom_padding=&#8221;0px||||false|false&#8221; disabled=&#8221;on&#8221; global_colors_info=&#8221;{}&#8221;][et_pb_row column_structure=&#8221;1_2,1_2&#8243; _builder_version=&#8221;4.27.4&#8243; _module_preset=&#8221;default&#8221; global_colors_info=&#8221;{}&#8221;][et_pb_column type=&#8221;1_2&#8243; _builder_version=&#8221;4.27.4&#8243; _module_preset=&#8221;default&#8221; global_colors_info=&#8221;{}&#8221;][et_pb_code _builder_version=&#8221;4.27.4&#8243; _module_preset=&#8221;default&#8221; global_colors_info=&#8221;{}&#8221;]<\/p>\n<div class=\"block-content-select\"><!-- [et_pb_line_break_holder] -->  <\/p>\n<h3 style=\"display: block !important;\">Samlad bokf\u00f6ring dagligen<\/h3>\n<p><!-- [et_pb_line_break_holder] -->  <pee><!-- [et_pb_line_break_holder] -->    All f\u00f6rs\u00e4ljning och avst\u00e4mning grupperas per dag och automatiseras som en enhet, oavsett antal transaktioner. Underlaget bokf\u00f6rs direkt som verifikationer i ekonomi- eller aff\u00e4rssystemet.<!-- [et_pb_line_break_holder] -->    <!-- [et_pb_line_break_holder] -->  <!\u2013- [et_pb_br_holder] -\u2013><!\u2013- [et_pb_br_holder] -\u2013>Resultatet \u00e4r en smidig och p\u00e5litlig bokf\u00f6ring som skalar med din verksamhet.\u00a0  <\/pee><!-- [et_pb_line_break_holder] -->  <\/p>\n<div class=\"block-content-select-cta-wrapper\"><!-- [et_pb_line_break_holder] -->    <a href=\"\/sv\/bokforing-for-handel\/aggregerad-bokforing\/\"><!-- [et_pb_line_break_holder] -->\t\t\t<\/p>\n<div class=\"text-wrapper\"><!-- [et_pb_line_break_holder] -->      \t<span class=\"pre-title\">L\u00e4s mer om<\/span><!-- [et_pb_line_break_holder] -->      \t<span class=\"title-label\">Samlad bokf\u00f6ring dagligen<\/span><!-- [et_pb_line_break_holder] -->      <\/div>\n<p><!-- [et_pb_line_break_holder] -->      <\/p>\n<div class=\"spacer\"><\/div>\n<p><!-- [et_pb_line_break_holder] -->      <i class=\"fa-sharp fa-solid fa-chevron-right\"><\/i><!-- [et_pb_line_break_holder] -->    <\/a><!-- [et_pb_line_break_holder] -->  <\/div>\n<p><!-- [et_pb_line_break_holder] --><\/div>\n<p>[\/et_pb_code][\/et_pb_column][et_pb_column type=&#8221;1_2&#8243; _builder_version=&#8221;4.27.4&#8243; _module_preset=&#8221;default&#8221; global_colors_info=&#8221;{}&#8221;][et_pb_text _builder_version=&#8221;4.27.4&#8243; _module_preset=&#8221;default&#8221; global_colors_info=&#8221;{}&#8221;]<\/p>\n<p><a href=\"\/sv\/anslutna-system\/betalvaxlar\/paypal\/?plan=accounting&amp;billing=annually&amp;con=source-paypal&amp;con=pay-paypal&amp;oss=false\" target=\"_blank\" rel=\"noopener\">L\u00e4s mer om PayPal Pro<\/a><\/p>\n<p><a href=\"\/sv\/anslutna-system\/betalvaxlar\/stripe\/?plan=accounting&amp;billing=annually&amp;con=source-stripe&amp;con=pay-stripe&amp;oss=false\" target=\"_blank\" rel=\"noopener\">L\u00e4s mer om Stripe Pro<\/a><\/p>\n<p><a href=\"\/sv\/anslutna-system\/betalvaxlar\/kustom\/?plan=flex&amp;billing=annually&amp;con=pay-klarna&amp;method=transaction&amp;register=order&amp;return=false&amp;oss=false\" target=\"_blank\" rel=\"noopener\">L\u00e4s mer om Kustom Pro<\/a><\/p>\n<p>[\/et_pb_text][\/et_pb_column][\/et_pb_row][\/et_pb_section][et_pb_section fb_built=&#8221;1&#8243; _builder_version=&#8221;4.27.4&#8243; _module_preset=&#8221;default&#8221; custom_margin=&#8221;20px||||false|false&#8221; custom_padding=&#8221;0px||0px||false|false&#8221; global_colors_info=&#8221;{}&#8221;][et_pb_row _builder_version=&#8221;4.27.4&#8243; _module_preset=&#8221;default&#8221; global_colors_info=&#8221;{}&#8221;][et_pb_column type=&#8221;4_4&#8243; _builder_version=&#8221;4.27.4&#8243; _module_preset=&#8221;default&#8221; global_colors_info=&#8221;{}&#8221;][et_pb_text module_class=&#8221;sec-separator-title&#8221; _builder_version=&#8221;4.27.4&#8243; _module_preset=&#8221;default&#8221; custom_margin=&#8221;0px||0px||false|false&#8221; custom_padding=&#8221;0px||0px||false|false&#8221; global_colors_info=&#8221;{}&#8221;]Vilken betaltj\u00e4nst anv\u00e4nder du?[\/et_pb_text][et_pb_text module_class=&#8221;sec-separator-byline text-center&#8221; _builder_version=&#8221;4.27.4&#8243; _module_preset=&#8221;default&#8221; global_colors_info=&#8221;{}&#8221;]Ange betaltj\u00e4nsten och ekonomisystemet du anv\u00e4nder f\u00f6r att se vad vi kan erbjuda f\u00f6r bokf\u00f6ringspaket.[\/et_pb_text][et_pb_code _builder_version=&#8221;4.27.4&#8243; _module_preset=&#8221;default&#8221; hover_enabled=&#8221;0&#8243; global_colors_info=&#8221;{}&#8221; sticky_enabled=&#8221;0&#8243;]<div id=\"mount\"><\/div><div id=\"mountlocation\" style=\"display:none;\">#mount<\/div><div id=\"connectortype\" style=\"display:none;\"><\/div><div id=\"language\" style=\"display:none;\">sv<\/div><div id=\"locked_ecom\" style=\"display:none;\"><\/div><div id=\"locked_pos\" style=\"display:none;\"><\/div><div id=\"locked_erp\" style=\"display:none;\"><\/div><div id=\"locked_payment\" style=\"display:none;\"><\/div><div id=\"locked_logistic\" style=\"display:none;\"><\/div><div id=\"locked_marketplace\" style=\"display:none;\"><\/div><div id=\"locked_source\" style=\"display:none;\"><\/div><div id=\"locked_currency\" style=\"display:none;\"><\/div><div id=\"connConfig\" style=\"display:none;\">compact-pay<\/div><!-- [et_pb_line_break_holder] --><\/p>\n<div id=\"locked_payments\"><!-- [et_pb_line_break_holder] -->  <!-- [et_pb_line_break_holder] --><\/div>\n<p>[\/et_pb_code][\/et_pb_column][\/et_pb_row][\/et_pb_section]<\/p>\n","protected":false},"excerpt":{"rendered":"<p>S\u00e4tt bokf\u00f6ring av betall\u00f6sningar p\u00e5 autopilotVi bokf\u00f6r automatiskt f\u00f6rs\u00e4ljning, utbetalningar och returer direkt fr\u00e5n betal\u00adl\u00f6sningar som PayPal, Stripe, Klarna och Kustom &#8211; utan koppling till f\u00f6rs\u00e4ljningssystemet. Du integrerar bara betal\u00adl\u00f6sningen och aff\u00e4rssystemet men f\u00e5r \u00e4nd\u00e5 en helt komplett bokf\u00f6ring p\u00e5 autopilot.S\u00e5 fungerar detL\u00e4s mer om PayPal Pro L\u00e4s mer om Stripe Pro L\u00e4s mer om [&hellip;]<\/p>\n","protected":false},"author":30,"featured_media":0,"parent":0,"menu_order":0,"comment_status":"closed","ping_status":"closed","template":"","meta":{"_acf_changed":false,"_et_pb_use_builder":"on","_et_pb_old_content":"","_et_gb_content_width":"","content-type":"","footnotes":""},"categories":[],"tags":[],"class_list":["post-60320","page","type-page","status-publish","hentry"],"acf":[],"yoast_head":"<!-- This site is optimized with the Yoast SEO Premium plugin v26.2 (Yoast SEO v27.4) - https:\/\/yoast.com\/product\/yoast-seo-premium-wordpress\/ -->\n<title>Bokf\u00f6ring av betalningar - Sharespine<\/title>\n<meta name=\"robots\" content=\"index, follow, max-snippet:-1, max-image-preview:large, max-video-preview:-1\" \/>\n<link rel=\"canonical\" href=\"https:\/\/www.sharespine.com\/sv\/bokforing-betalningar\/\" \/>\n<meta property=\"og:locale\" content=\"sv_SE\" \/>\n<meta property=\"og:type\" content=\"article\" \/>\n<meta property=\"og:title\" content=\"Bokf\u00f6ring av betalningar\" \/>\n<meta property=\"og:description\" content=\"S\u00e4tt bokf\u00f6ring av betall\u00f6sningar p\u00e5 autopilotVi bokf\u00f6r automatiskt f\u00f6rs\u00e4ljning, utbetalningar och returer direkt fr\u00e5n betal\u00adl\u00f6sningar som PayPal, Stripe, Klarna och Kustom - utan koppling till f\u00f6rs\u00e4ljningssystemet. Du integrerar bara betal\u00adl\u00f6sningen och aff\u00e4rssystemet men f\u00e5r \u00e4nd\u00e5 en helt komplett bokf\u00f6ring p\u00e5 autopilot.S\u00e5 fungerar detL\u00e4s mer om PayPal Pro L\u00e4s mer om Stripe Pro L\u00e4s mer om [&hellip;]\" \/>\n<meta property=\"og:url\" content=\"https:\/\/www.sharespine.com\/sv\/bokforing-betalningar\/\" \/>\n<meta property=\"og:site_name\" content=\"Sharespine\" \/>\n<meta property=\"article:publisher\" content=\"https:\/\/www.facebook.com\/sharespine\" \/>\n<meta property=\"article:modified_time\" content=\"2025-11-25T14:54:51+00:00\" \/>\n<meta name=\"twitter:card\" content=\"summary_large_image\" \/>\n<meta name=\"twitter:label1\" content=\"Ber\u00e4knad l\u00e4stid\" \/>\n\t<meta name=\"twitter:data1\" content=\"1 minut\" \/>\n<script type=\"application\/ld+json\" class=\"yoast-schema-graph\">{\"@context\":\"https:\\\/\\\/schema.org\",\"@graph\":[{\"@type\":\"WebPage\",\"@id\":\"https:\\\/\\\/www.sharespine.com\\\/sv\\\/bokforing-betalningar\\\/\",\"url\":\"https:\\\/\\\/www.sharespine.com\\\/sv\\\/bokforing-betalningar\\\/\",\"name\":\"Bokf\u00f6ring av betalningar - Sharespine\",\"isPartOf\":{\"@id\":\"https:\\\/\\\/www.sharespine.com\\\/sv\\\/#website\"},\"datePublished\":\"2025-11-19T10:33:39+00:00\",\"dateModified\":\"2025-11-25T14:54:51+00:00\",\"breadcrumb\":{\"@id\":\"https:\\\/\\\/www.sharespine.com\\\/sv\\\/bokforing-betalningar\\\/#breadcrumb\"},\"inLanguage\":\"sv-SE\",\"potentialAction\":[{\"@type\":\"ReadAction\",\"target\":[\"https:\\\/\\\/www.sharespine.com\\\/sv\\\/bokforing-betalningar\\\/\"]}]},{\"@type\":\"BreadcrumbList\",\"@id\":\"https:\\\/\\\/www.sharespine.com\\\/sv\\\/bokforing-betalningar\\\/#breadcrumb\",\"itemListElement\":[{\"@type\":\"ListItem\",\"position\":1,\"name\":\"Hem\",\"item\":\"https:\\\/\\\/www.sharespine.com\\\/sv\\\/\"},{\"@type\":\"ListItem\",\"position\":2,\"name\":\"Bokf\u00f6ring av betalningar\"}]},{\"@type\":\"WebSite\",\"@id\":\"https:\\\/\\\/www.sharespine.com\\\/sv\\\/#website\",\"url\":\"https:\\\/\\\/www.sharespine.com\\\/sv\\\/\",\"name\":\"Sharespine\",\"description\":\"Integrationsplattform f\u00f6r e-handel &amp; bokf\u00f6ring\",\"publisher\":{\"@id\":\"https:\\\/\\\/www.sharespine.com\\\/sv\\\/#organization\"},\"potentialAction\":[{\"@type\":\"SearchAction\",\"target\":{\"@type\":\"EntryPoint\",\"urlTemplate\":\"https:\\\/\\\/www.sharespine.com\\\/sv\\\/?s={search_term_string}\"},\"query-input\":{\"@type\":\"PropertyValueSpecification\",\"valueRequired\":true,\"valueName\":\"search_term_string\"}}],\"inLanguage\":\"sv-SE\"},{\"@type\":\"Organization\",\"@id\":\"https:\\\/\\\/www.sharespine.com\\\/sv\\\/#organization\",\"name\":\"Sharespine AB\",\"url\":\"https:\\\/\\\/www.sharespine.com\\\/sv\\\/\",\"logo\":{\"@type\":\"ImageObject\",\"inLanguage\":\"sv-SE\",\"@id\":\"https:\\\/\\\/www.sharespine.com\\\/sv\\\/#\\\/schema\\\/logo\\\/image\\\/\",\"url\":\"https:\\\/\\\/www.sharespine.com\\\/wp-content\\\/uploads\\\/2022\\\/11\\\/logo-default.png\",\"contentUrl\":\"https:\\\/\\\/www.sharespine.com\\\/wp-content\\\/uploads\\\/2022\\\/11\\\/logo-default.png\",\"width\":700,\"height\":153,\"caption\":\"Sharespine AB\"},\"image\":{\"@id\":\"https:\\\/\\\/www.sharespine.com\\\/sv\\\/#\\\/schema\\\/logo\\\/image\\\/\"},\"sameAs\":[\"https:\\\/\\\/www.facebook.com\\\/sharespine\",\"https:\\\/\\\/www.linkedin.com\\\/company\\\/sharespine\\\/\",\"https:\\\/\\\/www.instagram.com\\\/sharespine\\\/\"]}]}<\/script>\n<!-- \/ Yoast SEO Premium plugin. -->","yoast_head_json":{"title":"Bokf\u00f6ring av betalningar - Sharespine","robots":{"index":"index","follow":"follow","max-snippet":"max-snippet:-1","max-image-preview":"max-image-preview:large","max-video-preview":"max-video-preview:-1"},"canonical":"https:\/\/www.sharespine.com\/sv\/bokforing-betalningar\/","og_locale":"sv_SE","og_type":"article","og_title":"Bokf\u00f6ring av betalningar","og_description":"S\u00e4tt bokf\u00f6ring av betall\u00f6sningar p\u00e5 autopilotVi bokf\u00f6r automatiskt f\u00f6rs\u00e4ljning, utbetalningar och returer direkt fr\u00e5n betal\u00adl\u00f6sningar som PayPal, Stripe, Klarna och Kustom - utan koppling till f\u00f6rs\u00e4ljningssystemet. Du integrerar bara betal\u00adl\u00f6sningen och aff\u00e4rssystemet men f\u00e5r \u00e4nd\u00e5 en helt komplett bokf\u00f6ring p\u00e5 autopilot.S\u00e5 fungerar detL\u00e4s mer om PayPal Pro L\u00e4s mer om Stripe Pro L\u00e4s mer om [&hellip;]","og_url":"https:\/\/www.sharespine.com\/sv\/bokforing-betalningar\/","og_site_name":"Sharespine","article_publisher":"https:\/\/www.facebook.com\/sharespine","article_modified_time":"2025-11-25T14:54:51+00:00","twitter_card":"summary_large_image","twitter_misc":{"Ber\u00e4knad l\u00e4stid":"1 minut"},"schema":{"@context":"https:\/\/schema.org","@graph":[{"@type":"WebPage","@id":"https:\/\/www.sharespine.com\/sv\/bokforing-betalningar\/","url":"https:\/\/www.sharespine.com\/sv\/bokforing-betalningar\/","name":"Bokf\u00f6ring av betalningar - Sharespine","isPartOf":{"@id":"https:\/\/www.sharespine.com\/sv\/#website"},"datePublished":"2025-11-19T10:33:39+00:00","dateModified":"2025-11-25T14:54:51+00:00","breadcrumb":{"@id":"https:\/\/www.sharespine.com\/sv\/bokforing-betalningar\/#breadcrumb"},"inLanguage":"sv-SE","potentialAction":[{"@type":"ReadAction","target":["https:\/\/www.sharespine.com\/sv\/bokforing-betalningar\/"]}]},{"@type":"BreadcrumbList","@id":"https:\/\/www.sharespine.com\/sv\/bokforing-betalningar\/#breadcrumb","itemListElement":[{"@type":"ListItem","position":1,"name":"Hem","item":"https:\/\/www.sharespine.com\/sv\/"},{"@type":"ListItem","position":2,"name":"Bokf\u00f6ring av betalningar"}]},{"@type":"WebSite","@id":"https:\/\/www.sharespine.com\/sv\/#website","url":"https:\/\/www.sharespine.com\/sv\/","name":"Sharespine","description":"Integrationsplattform f\u00f6r e-handel &amp; bokf\u00f6ring","publisher":{"@id":"https:\/\/www.sharespine.com\/sv\/#organization"},"potentialAction":[{"@type":"SearchAction","target":{"@type":"EntryPoint","urlTemplate":"https:\/\/www.sharespine.com\/sv\/?s={search_term_string}"},"query-input":{"@type":"PropertyValueSpecification","valueRequired":true,"valueName":"search_term_string"}}],"inLanguage":"sv-SE"},{"@type":"Organization","@id":"https:\/\/www.sharespine.com\/sv\/#organization","name":"Sharespine AB","url":"https:\/\/www.sharespine.com\/sv\/","logo":{"@type":"ImageObject","inLanguage":"sv-SE","@id":"https:\/\/www.sharespine.com\/sv\/#\/schema\/logo\/image\/","url":"https:\/\/www.sharespine.com\/wp-content\/uploads\/2022\/11\/logo-default.png","contentUrl":"https:\/\/www.sharespine.com\/wp-content\/uploads\/2022\/11\/logo-default.png","width":700,"height":153,"caption":"Sharespine AB"},"image":{"@id":"https:\/\/www.sharespine.com\/sv\/#\/schema\/logo\/image\/"},"sameAs":["https:\/\/www.facebook.com\/sharespine","https:\/\/www.linkedin.com\/company\/sharespine\/","https:\/\/www.instagram.com\/sharespine\/"]}]}},"_links":{"self":[{"href":"https:\/\/www.sharespine.com\/sv\/wp-json\/wp\/v2\/pages\/60320","targetHints":{"allow":["GET"]}}],"collection":[{"href":"https:\/\/www.sharespine.com\/sv\/wp-json\/wp\/v2\/pages"}],"about":[{"href":"https:\/\/www.sharespine.com\/sv\/wp-json\/wp\/v2\/types\/page"}],"author":[{"embeddable":true,"href":"https:\/\/www.sharespine.com\/sv\/wp-json\/wp\/v2\/users\/30"}],"replies":[{"embeddable":true,"href":"https:\/\/www.sharespine.com\/sv\/wp-json\/wp\/v2\/comments?post=60320"}],"version-history":[{"count":29,"href":"https:\/\/www.sharespine.com\/sv\/wp-json\/wp\/v2\/pages\/60320\/revisions"}],"predecessor-version":[{"id":60722,"href":"https:\/\/www.sharespine.com\/sv\/wp-json\/wp\/v2\/pages\/60320\/revisions\/60722"}],"wp:attachment":[{"href":"https:\/\/www.sharespine.com\/sv\/wp-json\/wp\/v2\/media?parent=60320"}],"wp:term":[{"taxonomy":"category","embeddable":true,"href":"https:\/\/www.sharespine.com\/sv\/wp-json\/wp\/v2\/categories?post=60320"},{"taxonomy":"post_tag","embeddable":true,"href":"https:\/\/www.sharespine.com\/sv\/wp-json\/wp\/v2\/tags?post=60320"}],"curies":[{"name":"wp","href":"https:\/\/api.w.org\/{rel}","templated":true}]}}