{"id":8955,"date":"2018-05-23T15:25:44","date_gmt":"2018-05-23T13:25:44","guid":{"rendered":"https:\/\/www.sharespine.com\/staging\/?page_id=8955"},"modified":"2025-08-27T11:37:31","modified_gmt":"2025-08-27T09:37:31","slug":"dataskyddspolicy","status":"publish","type":"page","link":"https:\/\/www.sharespine.com\/sv\/dataskyddspolicy\/","title":{"rendered":"Dataskyddspolicy"},"content":{"rendered":"<p>[et_pb_section fb_built=&#8221;1&#8243; inner_shadow=&#8221;on&#8221; _builder_version=&#8221;4.16&#8243; background_color=&#8221;#FFFFFF&#8221; max_width=&#8221;50%&#8221; module_alignment=&#8221;center&#8221; custom_margin=&#8221;64px||35px|&#8221; custom_padding=&#8221;34px|||&#8221; top_divider_color=&#8221;#a3c40f&#8221; global_colors_info=&#8221;{}&#8221;][et_pb_row _builder_version=&#8221;4.16&#8243; background_size=&#8221;initial&#8221; background_position=&#8221;top_left&#8221; background_repeat=&#8221;repeat&#8221; global_colors_info=&#8221;{}&#8221;][et_pb_column type=&#8221;4_4&#8243; _builder_version=&#8221;4.16&#8243; custom_padding=&#8221;|||&#8221; global_colors_info=&#8221;{}&#8221; custom_padding__hover=&#8221;|||&#8221;][et_pb_text _builder_version=&#8221;4.27.4&#8243; text_font=&#8221;||||||||&#8221; ul_font=&#8221;Muli||||||||&#8221; ul_line_height=&#8221;2.2em&#8221; header_font=&#8221;Lato||||||||&#8221; header_2_font=&#8221;Lato||||||||&#8221; hover_enabled=&#8221;0&#8243; global_colors_info=&#8221;{}&#8221; sticky_enabled=&#8221;0&#8243;]<\/p>\n<h1><span style=\"font-weight: 400;\"><strong>Sharespine Dataskyddspolicy<\/strong><\/span><\/h1>\n<hr \/>\n<p>&nbsp;<\/p>\n<p>&nbsp;<\/p>\n<h2><strong>Introduktion<\/strong><\/h2>\n<p><span style=\"font-weight: 400;\">Denna Dataskyddspolicy (&#8221;Dataskyddspolicy&#8221;) reglerar din anv\u00e4ndning av v\u00e5ra tj\u00e4nster n\u00e4r du bes\u00f6ker v\u00e5ra webbplatser, inklusive utan begr\u00e4nsning <\/span><a href=\"https:\/\/www.sharespine.com\"><span style=\"font-weight: 400;\">www.sharespine.com<\/span><\/a><span style=\"font-weight: 400;\">, \u00a0<\/span><a href=\"https:\/\/my.sharespine.com\"><span style=\"font-weight: 400;\">my.sharespine.com<\/span><\/a><span style=\"font-weight: 400;\">, <\/span><a href=\"https:\/\/my.plugboard.io\"><span style=\"font-weight: 400;\">my.plugboard.io<\/span><\/a><span style=\"font-weight: 400;\"> och eventuella efterf\u00f6ljande webbadresser, mobila eller lokala versioner och relaterade dom\u00e4ner och\/eller underdom\u00e4ner (&#8221;Hemsidor&#8221;) som kollektivt kallas (&#8221;Tj\u00e4nst&#8221;).<\/span><\/p>\n<p><span style=\"font-weight: 400;\">Genom att acceptera denna Dataskyddspolicy, antingen genom att ansluta till eller anv\u00e4nda Tj\u00e4nsten, klickar du p\u00e5 en ruta som anger att du godk\u00e4nner eller utf\u00f6r n\u00e5got annat dokument som h\u00e4nvisar till dessa villkor, och du godk\u00e4nner att denna sekretesspolicy ing\u00e5r i avtalet mellan dig och Sharespine AB (&#8221;Sharespine&#8221;) nedan kallat (\u201c\u00d6verenskommelsen&#8221;).<\/span><\/p>\n<p><span style=\"font-weight: 400;\">Om du inte godk\u00e4nner denna Dataskyddspolicy, registrera d\u00e5 inte konto (eller liknande) och anslut inte eller anv\u00e4nd n\u00e5gon av v\u00e5ra Tj\u00e4nster. Om du vill s\u00e4ga upp detta avtal kan du n\u00e4r som helst g\u00f6ra det genom att st\u00e4nga ditt konto och sluta bes\u00f6ka eller anv\u00e4nda v\u00e5ra tj\u00e4nster.<\/span><\/p>\n<h2><strong>Vi bryr oss om din integritet<\/strong><\/h2>\n<p><span style=\"font-weight: 400;\">Vi tar din integritet p\u00e5 st\u00f6rsta allvar. Denna Dataskyddspolicy f\u00f6rklarar hur Sharespine samlar och behandlar dina personuppgifter och \u00e4ven dina r\u00e4ttigheter att komma \u00e5t, \u00e4ndra och ta bort dina personuppgifter. Personuppgifter betyder all information som kan identifiera dig som individ.<\/span><\/p>\n<p><span style=\"font-weight: 400;\">Genom att anv\u00e4nda Tj\u00e4nsten accepterar du v\u00e5r Dataskyddspolicy och v\u00e5r behandling av dina personuppgifter. Det \u00e4r viktigt att du l\u00e4ser och f\u00f6rst\u00e5r v\u00e5r Dataskyddspolicy innan du anv\u00e4nder v\u00e5r tj\u00e4nst.<\/span><\/p>\n<p>&nbsp;<\/p>\n<h2><strong>Vilken information samlar vi in och varf\u00f6r?<\/strong><\/h2>\n<h3><strong>Datainsamling och behandling<\/strong><\/h3>\n<p><b>Information som du ger till oss.<br \/><\/b><span style=\"font-weight: 400;\">Du kan direkt eller indirekt komma att ge oss information om dig sj\u00e4lv p\u00e5 ett antal olika s\u00e4tt, s\u00e5som n\u00e4r du kontaktar oss via e-post och\/eller kontaktformul\u00e4r d\u00e4r du l\u00e4mnar personuppgifter. Information som;<\/span><span style=\"font-size: 14px;\">\u00a0<\/span><\/p>\n<ul>\n<li style=\"font-weight: 400;\"><b>Person- och kontaktinformation<\/b><span style=\"font-weight: 400;\"><span style=\"font-weight: 400;\"> &#8211; namn, faktura- och leveransadress, e-postadress, mobiltelefonnummer, etc.<\/span><\/span><\/li>\n<\/ul>\n<p><b>Information vi samlar in om dig.<\/b><span style=\"font-weight: 400;\"><br \/>N\u00e4r du anv\u00e4nder v\u00e5ra Tj\u00e4nster kan vi komma att samla in f\u00f6ljande information om dig;<\/span><\/p>\n<ul>\n<li style=\"font-weight: 400;\"><b>Person- och kontaktinformation<\/b><span style=\"font-weight: 400;\"> &#8211; namn, e-postadress, mobiltelefonnummer, etc.<\/span><\/li>\n<li style=\"font-weight: 400;\"><b>Hur du interagerar med tj\u00e4nsten<\/b><span style=\"font-weight: 400;\"> &#8211; hur du anv\u00e4nder v\u00e5ra tj\u00e4nster, inklusive prestanda, systemfel, hur du n\u00e5dde och l\u00e4mnade tj\u00e4nsterna inklusive anv\u00e4ndarbeteenden.<\/span><\/li>\n<li style=\"font-weight: 400;\"><b>Enhetsinformation <\/b><span style=\"font-weight: 400;\">&#8211; t.ex. IP-adress, spr\u00e5kinst\u00e4llningar, webbl\u00e4sarinst\u00e4llningar, tidszon, operativsystem, plattform och sk\u00e4rmuppl\u00f6sning.<\/span><\/li>\n<li style=\"font-weight: 400;\"><b>Geografisk information<\/b><span style=\"font-weight: 400;\"><span style=\"font-weight: 400;\"><span style=\"font-weight: 400;\"> &#8211; din geografiska placering.<\/span><\/span><\/span><\/li>\n<\/ul>\n<h3><strong><br \/>Vart behandlar vi din data?<\/strong><\/h3>\n<p><span style=\"font-weight: 400;\">Sharespine str\u00e4var efter att behandla dina uppgifter inom EU\/EES. D\u00e4remot kan uppgifterna \u00f6verf\u00f6ras till och behandlas i ett land utanf\u00f6r EU\/EES. Endera av Sharespine eller av ett underbitr\u00e4den (leverant\u00f6r eller underleverant\u00f6r).<br \/><\/span>F\u00f6r n\u00e4rvarande behandlar vi personliga uppgifter med f\u00f6ljande underbitr\u00e4den;<\/p>\n<ul>\n<li><strong>Google Inc<\/strong><\/li>\n<li><strong>Zendesk Inc<\/strong><\/li>\n<li><strong>Zapier Inc<\/strong><\/li>\n<li><strong>Hubspot<\/strong><\/li>\n<li><strong>PandaDoc <\/strong><\/li>\n<li><strong>Kleer Accounting<\/strong><\/li>\n<li><strong>Billecta<\/strong><\/li>\n<li><strong>Standout<\/strong><\/li>\n<\/ul>\n<p><span style=\"font-weight: 400;\"><br \/>Eftersom Sharespine har \u00e5tagit sig att alltid skydda dina uppgifter, kommer Sharespine att vidta alla rimliga juridiska, tekniska och organisatoriska \u00e5tg\u00e4rder f\u00f6r att s\u00e4kerst\u00e4lla att dina data behandlas s\u00e4kert och med tillr\u00e4cklig skyddsniv\u00e5 i f\u00f6rh\u00e5llande till och i \u00f6verensst\u00e4mmelse med \u00e5tminstone den skyddsniv\u00e5 som erbjuds inom EU\/EES.<\/span><\/p>\n<p><span style=\"font-weight: 400;\">Du bekr\u00e4ftar och godk\u00e4nner att Sharespine kan behandla dina personuppgifter enligt beskrivningen ovan i enlighet med denna Dataskyddspolicy.<\/span><\/p>\n<p><span style=\"font-weight: 400;\">Vi har vidtagit kraftfulla \u00e5tg\u00e4rder f\u00f6r att s\u00e4kra n\u00e4t, servrar, databaser och applikationsmilj\u00f6er och bara n\u00e5gra f\u00e5 beh\u00f6riga anst\u00e4llda p\u00e5 Sharespine har tillg\u00e5ng till infrastrukturen.<\/span><\/p>\n<h3><strong>\u00c5tkomst, \u00e4ndring eller radering av dina data<\/strong><\/h3>\n<p><span style=\"font-weight: 400;\">Du har r\u00e4tt att ut\u00f6va ett antal r\u00e4ttigheter i samband med v\u00e5r behandling av dina personuppgifter, som beskrivs nedan. Om inte annat uttryckligen anges kommer vi endast att behandla dina personuppgifter s\u00e5 l\u00e4nge det kr\u00e4vs f\u00f6r att tillhandah\u00e5lla v\u00e5ra tj\u00e4nster i enlighet med v\u00e5rt avtal med dig ang\u00e5ende Tj\u00e4nsten. Dina r\u00e4ttigheter till tillg\u00e5ng, r\u00e4ttelse och radering;<\/span><\/p>\n<ul>\n<li style=\"font-weight: 400;\"><b>R\u00e4tt att f\u00e5 tillg\u00e5ng till din data. <\/b><span style=\"font-weight: 400;\">Du kan beg\u00e4ra en kopia av de uppgifter du skulle vilja veta och verifiera den information vi har om dig. Kopian \u00e4r gratis att beg\u00e4ra.<\/span><\/li>\n<li style=\"font-weight: 400;\"><b>R\u00e4tt till r\u00e4ttelse. <\/b><span style=\"font-weight: 400;\">Du har r\u00e4tt att korrigera felaktig eller icke-komplett information om dig sj\u00e4lv. Om du \u00e4r en registrerad anv\u00e4ndare har du verktygen p\u00e5 din profilsida f\u00f6r att visa och \u00e4ndra din data relaterade till din profil.<\/span><\/li>\n<li style=\"font-weight: 400;\"><b>R\u00e4tt att bli raderad (&#8221;r\u00e4tten att bli bortgl\u00f6md&#8221;). <\/b><span style=\"font-weight: 400;\"><span style=\"font-weight: 400;\">Du har r\u00e4tt att beg\u00e4ra radering av dina personuppgifter f\u00f6r de fall att datan inte l\u00e4ngre \u00e4r n\u00f6dv\u00e4ndig f\u00f6r det syfte den blev insamlad f\u00f6r. Det kan dock finnas legala skyldigheter som hindrar oss fr\u00e5n att omedelbart radera delar av din data. Dessa skyldigheter kommer fr\u00e5n bokf\u00f6rings- och skattelagstiftning men ocks\u00e5 fr\u00e5n konsumentr\u00e4ttslagstiftning. Vad vi d\u00e5 g\u00f6r \u00e4r att blockera den datan som vi \u00e4r skyldiga att spara, fr\u00e5n att kunna anv\u00e4ndas till andra syften \u00e4n att uppfylla s\u00e5dana legala skyldigheter.<\/span><\/span><\/li>\n<\/ul>\n<h2><strong><br \/>Cookies<\/strong><\/h2>\n<h3><strong>Vad \u00e4r cookies?<\/strong><\/h3>\n<p><span style=\"font-weight: 400;\">Cookies \u00e4r sm\u00e5 datafiler som placeras p\u00e5 din dator eller mobilenhet n\u00e4r du bes\u00f6ker en webbplats, mobilapp eller anv\u00e4nder en onlineplattform. Cookies anv\u00e4nds ofta av leverant\u00f6rer av onlinetj\u00e4nster f\u00f6r att underl\u00e4tta och hj\u00e4lpa till att g\u00f6ra samspelet mellan anv\u00e4ndare och webbplatser, mobilappar och online-plattformar snabbare och enklare, samt att tillhandah\u00e5lla rapporteringsinformation.<\/span><\/p>\n<ul>\n<li style=\"font-weight: 400;\"><b>Session-cookies <\/b><span style=\"font-weight: 400;\">\u00e4r en tillf\u00e4llig cookie som slutar n\u00e4r du st\u00e4nger din webbl\u00e4sare eller app.<\/span><\/li>\n<li style=\"font-weight: 400;\"><b>Permanenta cookies <\/b><span style=\"font-weight: 400;\">\u00e4r cookies som finns kvar p\u00e5 din dator tills du tar bort dem eller de upph\u00f6r att g\u00e4lla.<\/span><\/li>\n<li style=\"font-weight: 400;\"><b>F\u00f6rstapartscookies<\/b><span style=\"font-weight: 400;\"> \u00e4r cookies som anges av webbplatsen du bes\u00f6ker.<\/span><\/li>\n<li style=\"font-weight: 400;\"><b>Tredjepartscookies <\/b><span style=\"font-weight: 400;\">\u00e4r cookies som anges av en tredje part.<\/span><\/li>\n<li style=\"font-weight: 400;\"><b>Webb beacons <\/b><span style=\"font-weight: 400;\">\u00e4r sm\u00e5 transparenta grafiska bilder som finns i e-postmeddelanden som vi skickar till dig.<\/span><\/li>\n<li style=\"font-weight: 400;\"><b>Liknande tekniker <\/b><span style=\"font-weight: 400;\"><span style=\"font-weight: 400;\"><span style=\"font-weight: 400;\">\u00e4r tekniker som lagrar information i din webbl\u00e4sare eller enhet p\u00e5 ett s\u00e4tt som liknar cookies.<\/span><\/span><\/span><\/li>\n<\/ul>\n<h3><strong>Varf\u00f6r anv\u00e4nder vi cookies?<\/strong><\/h3>\n<p><span style=\"font-weight: 400;\">Vi anv\u00e4nder flera f\u00f6rstaparts- och tredjepartscookies. Vissa cookies kr\u00e4vs av tekniska sk\u00e4l f\u00f6r att v\u00e5ra webbplatser och\/eller plattform ska fungera, och vi h\u00e4nvisar till dessa som &#8221;n\u00f6dv\u00e4ndiga&#8221; eller &#8221;strikt n\u00f6dv\u00e4ndiga&#8221; cookies. Andra cookies till\u00e5ter oss ocks\u00e5 att sp\u00e5ra och rikta v\u00e5ra anv\u00e4ndares intressen f\u00f6r att f\u00f6rb\u00e4ttra upplevelsen p\u00e5 v\u00e5ra webbplatser och\/eller plattformen. Tredje parten serverar cookies via v\u00e5ra webbplatser och\/eller plattform f\u00f6r analys och andra \u00e4ndam\u00e5l.<\/span><\/p>\n<h3><strong>Hur kan jag kontrollera Sharespines anv\u00e4ndning av cookies?<\/strong><\/h3>\n<p><span style=\"font-weight: 400;\">Din webbl\u00e4sare eller enhet till\u00e5ter dig vanligtvis att \u00e4ndra inst\u00e4llningarna f\u00f6r anv\u00e4ndningen och omfattningen av cookies. G\u00e5 till inst\u00e4llningarna f\u00f6r din webbl\u00e4sare eller enhet f\u00f6r att l\u00e4sa mer om hur du justerar inst\u00e4llningarna f\u00f6r cookies. Du kan till exempel v\u00e4lja att blockera alla cookies, acceptera endast cookies fr\u00e5n f\u00f6rsta part eller radera cookies n\u00e4r du st\u00e4nger webbl\u00e4saren.<\/span><\/p>\n<p><span style=\"font-weight: 400;\">Observera att vissa av v\u00e5ra tj\u00e4nster kanske inte fungerar om du blockerar eller tar bort cookies.<\/span><\/p>\n<h3><strong>\u00c4ndringar i denna Dataskyddspolicy<\/strong><\/h3>\n<p><span style=\"font-weight: 400;\">Sharespine kan n\u00e4r som helst uppdatera denna Dataskyddspolicy. Om inget annat datum anges \u00e4r \u00e4ndringarna effektiva vid inl\u00e4gget. Om det finns v\u00e4sentliga \u00e4ndringar i Dataskyddspolicyn informerar vi v\u00e5ra registrerade anv\u00e4ndare via e-postmeddelande.<br \/><\/span>Om du mots\u00e4tter dig n\u00e5gon \u00e4ndring kan du s\u00e4ga upp ditt konto. Din fortsatta anv\u00e4ndning av Tj\u00e4nsten efter att vi publicerat eller skickat ett meddelande om \u00e4ndringar i dessa villkor inneb\u00e4r att du godk\u00e4nner de \u00e4ndrade villkoren.<br \/>Datumet h\u00f6gst upp i denna sekretesspolicy anger n\u00e4r den senast uppdaterades.<\/p>\n<h3><strong>Kontaktinformation<\/strong><\/h3>\n<p><span style=\"font-weight: 400;\">Om du har n\u00e5gra fr\u00e5gor ang\u00e5ende din integritet som inte redan \u00e4r besvarad av denna Dataskyddspolicy \u00e4r du v\u00e4lkommen att kontakta oss f\u00f6r ytterligare information.<\/span><\/p>\n<p><span style=\"font-weight: 400;\"><strong>Sharespine AB, Sverige<\/strong><br \/><\/span><span style=\"font-size: 14px;\"><strong>Org. nr:<\/strong>\u00a0556642-8768<br \/><strong>E-post: <\/strong><\/span><a style=\"font-size: 14px;\" href=\"mailto:privacy@sharespine.com\">privacy@sharespine.com<\/a><\/p>\n<p>[\/et_pb_text][\/et_pb_column][\/et_pb_row][\/et_pb_section]<\/p>\n","protected":false},"excerpt":{"rendered":"<p>Sharespine Dataskyddspolicy &nbsp; &nbsp; Introduktion Denna Dataskyddspolicy (&#8221;Dataskyddspolicy&#8221;) reglerar din anv\u00e4ndning av v\u00e5ra tj\u00e4nster n\u00e4r du bes\u00f6ker v\u00e5ra webbplatser, inklusive utan begr\u00e4nsning www.sharespine.com, \u00a0my.sharespine.com, my.plugboard.io och eventuella efterf\u00f6ljande webbadresser, mobila eller lokala versioner och relaterade dom\u00e4ner och\/eller underdom\u00e4ner (&#8221;Hemsidor&#8221;) som kollektivt kallas (&#8221;Tj\u00e4nst&#8221;). Genom att acceptera denna Dataskyddspolicy, antingen genom att ansluta till eller anv\u00e4nda [&hellip;]<\/p>\n","protected":false},"author":11,"featured_media":0,"parent":0,"menu_order":0,"comment_status":"closed","ping_status":"closed","template":"","meta":{"_acf_changed":false,"_et_pb_use_builder":"on","_et_pb_old_content":"","_et_gb_content_width":"","content-type":"","footnotes":""},"categories":[],"tags":[],"class_list":["post-8955","page","type-page","status-publish","hentry"],"acf":[],"yoast_head":"<!-- This site is optimized with the Yoast SEO Premium plugin v26.2 (Yoast SEO v27.2) - https:\/\/yoast.com\/product\/yoast-seo-premium-wordpress\/ -->\n<title>Dataskyddspolicy - Sharespine<\/title>\n<meta name=\"description\" content=\"Ta del av Sharespines dataskyddspolicy\" \/>\n<meta name=\"robots\" content=\"index, follow, max-snippet:-1, max-image-preview:large, max-video-preview:-1\" \/>\n<link rel=\"canonical\" href=\"https:\/\/www.sharespine.com\/sv\/dataskyddspolicy\/\" \/>\n<meta property=\"og:locale\" content=\"sv_SE\" \/>\n<meta property=\"og:type\" content=\"article\" \/>\n<meta property=\"og:title\" content=\"Dataskyddspolicy\" \/>\n<meta property=\"og:description\" content=\"Ta del av Sharespines dataskyddspolicy\" \/>\n<meta property=\"og:url\" content=\"https:\/\/www.sharespine.com\/sv\/dataskyddspolicy\/\" \/>\n<meta property=\"og:site_name\" content=\"Sharespine\" \/>\n<meta property=\"article:publisher\" content=\"https:\/\/www.facebook.com\/sharespine\" \/>\n<meta property=\"article:modified_time\" content=\"2025-08-27T09:37:31+00:00\" \/>\n<meta name=\"twitter:card\" content=\"summary_large_image\" \/>\n<meta name=\"twitter:label1\" content=\"Ber\u00e4knad l\u00e4stid\" \/>\n\t<meta name=\"twitter:data1\" content=\"6 minuter\" \/>\n<script type=\"application\/ld+json\" class=\"yoast-schema-graph\">{\"@context\":\"https:\/\/schema.org\",\"@graph\":[{\"@type\":\"WebPage\",\"@id\":\"https:\/\/www.sharespine.com\/sv\/dataskyddspolicy\/\",\"url\":\"https:\/\/www.sharespine.com\/sv\/dataskyddspolicy\/\",\"name\":\"Dataskyddspolicy - Sharespine\",\"isPartOf\":{\"@id\":\"https:\/\/www.sharespine.com\/sv\/#website\"},\"datePublished\":\"2018-05-23T13:25:44+00:00\",\"dateModified\":\"2025-08-27T09:37:31+00:00\",\"description\":\"Ta del av Sharespines dataskyddspolicy\",\"breadcrumb\":{\"@id\":\"https:\/\/www.sharespine.com\/sv\/dataskyddspolicy\/#breadcrumb\"},\"inLanguage\":\"sv-SE\",\"potentialAction\":[{\"@type\":\"ReadAction\",\"target\":[\"https:\/\/www.sharespine.com\/sv\/dataskyddspolicy\/\"]}]},{\"@type\":\"BreadcrumbList\",\"@id\":\"https:\/\/www.sharespine.com\/sv\/dataskyddspolicy\/#breadcrumb\",\"itemListElement\":[{\"@type\":\"ListItem\",\"position\":1,\"name\":\"Hem\",\"item\":\"https:\/\/www.sharespine.com\/sv\/\"},{\"@type\":\"ListItem\",\"position\":2,\"name\":\"Dataskyddspolicy\"}]},{\"@type\":\"WebSite\",\"@id\":\"https:\/\/www.sharespine.com\/sv\/#website\",\"url\":\"https:\/\/www.sharespine.com\/sv\/\",\"name\":\"Sharespine\",\"description\":\"Integrationsplattform f\u00f6r e-handel &amp; bokf\u00f6ring\",\"publisher\":{\"@id\":\"https:\/\/www.sharespine.com\/sv\/#organization\"},\"potentialAction\":[{\"@type\":\"SearchAction\",\"target\":{\"@type\":\"EntryPoint\",\"urlTemplate\":\"https:\/\/www.sharespine.com\/sv\/?s={search_term_string}\"},\"query-input\":{\"@type\":\"PropertyValueSpecification\",\"valueRequired\":true,\"valueName\":\"search_term_string\"}}],\"inLanguage\":\"sv-SE\"},{\"@type\":\"Organization\",\"@id\":\"https:\/\/www.sharespine.com\/sv\/#organization\",\"name\":\"Sharespine AB\",\"url\":\"https:\/\/www.sharespine.com\/sv\/\",\"logo\":{\"@type\":\"ImageObject\",\"inLanguage\":\"sv-SE\",\"@id\":\"https:\/\/www.sharespine.com\/sv\/#\/schema\/logo\/image\/\",\"url\":\"https:\/\/www.sharespine.com\/wp-content\/uploads\/2022\/11\/logo-default.png\",\"contentUrl\":\"https:\/\/www.sharespine.com\/wp-content\/uploads\/2022\/11\/logo-default.png\",\"width\":700,\"height\":153,\"caption\":\"Sharespine AB\"},\"image\":{\"@id\":\"https:\/\/www.sharespine.com\/sv\/#\/schema\/logo\/image\/\"},\"sameAs\":[\"https:\/\/www.facebook.com\/sharespine\",\"https:\/\/www.linkedin.com\/company\/sharespine\/\",\"https:\/\/www.instagram.com\/sharespine\/\"]}]}<\/script>\n<!-- \/ Yoast SEO Premium plugin. -->","yoast_head_json":{"title":"Dataskyddspolicy - Sharespine","description":"Ta del av Sharespines dataskyddspolicy","robots":{"index":"index","follow":"follow","max-snippet":"max-snippet:-1","max-image-preview":"max-image-preview:large","max-video-preview":"max-video-preview:-1"},"canonical":"https:\/\/www.sharespine.com\/sv\/dataskyddspolicy\/","og_locale":"sv_SE","og_type":"article","og_title":"Dataskyddspolicy","og_description":"Ta del av Sharespines dataskyddspolicy","og_url":"https:\/\/www.sharespine.com\/sv\/dataskyddspolicy\/","og_site_name":"Sharespine","article_publisher":"https:\/\/www.facebook.com\/sharespine","article_modified_time":"2025-08-27T09:37:31+00:00","twitter_card":"summary_large_image","twitter_misc":{"Ber\u00e4knad l\u00e4stid":"6 minuter"},"schema":{"@context":"https:\/\/schema.org","@graph":[{"@type":"WebPage","@id":"https:\/\/www.sharespine.com\/sv\/dataskyddspolicy\/","url":"https:\/\/www.sharespine.com\/sv\/dataskyddspolicy\/","name":"Dataskyddspolicy - Sharespine","isPartOf":{"@id":"https:\/\/www.sharespine.com\/sv\/#website"},"datePublished":"2018-05-23T13:25:44+00:00","dateModified":"2025-08-27T09:37:31+00:00","description":"Ta del av Sharespines dataskyddspolicy","breadcrumb":{"@id":"https:\/\/www.sharespine.com\/sv\/dataskyddspolicy\/#breadcrumb"},"inLanguage":"sv-SE","potentialAction":[{"@type":"ReadAction","target":["https:\/\/www.sharespine.com\/sv\/dataskyddspolicy\/"]}]},{"@type":"BreadcrumbList","@id":"https:\/\/www.sharespine.com\/sv\/dataskyddspolicy\/#breadcrumb","itemListElement":[{"@type":"ListItem","position":1,"name":"Hem","item":"https:\/\/www.sharespine.com\/sv\/"},{"@type":"ListItem","position":2,"name":"Dataskyddspolicy"}]},{"@type":"WebSite","@id":"https:\/\/www.sharespine.com\/sv\/#website","url":"https:\/\/www.sharespine.com\/sv\/","name":"Sharespine","description":"Integrationsplattform f\u00f6r e-handel &amp; bokf\u00f6ring","publisher":{"@id":"https:\/\/www.sharespine.com\/sv\/#organization"},"potentialAction":[{"@type":"SearchAction","target":{"@type":"EntryPoint","urlTemplate":"https:\/\/www.sharespine.com\/sv\/?s={search_term_string}"},"query-input":{"@type":"PropertyValueSpecification","valueRequired":true,"valueName":"search_term_string"}}],"inLanguage":"sv-SE"},{"@type":"Organization","@id":"https:\/\/www.sharespine.com\/sv\/#organization","name":"Sharespine AB","url":"https:\/\/www.sharespine.com\/sv\/","logo":{"@type":"ImageObject","inLanguage":"sv-SE","@id":"https:\/\/www.sharespine.com\/sv\/#\/schema\/logo\/image\/","url":"https:\/\/www.sharespine.com\/wp-content\/uploads\/2022\/11\/logo-default.png","contentUrl":"https:\/\/www.sharespine.com\/wp-content\/uploads\/2022\/11\/logo-default.png","width":700,"height":153,"caption":"Sharespine AB"},"image":{"@id":"https:\/\/www.sharespine.com\/sv\/#\/schema\/logo\/image\/"},"sameAs":["https:\/\/www.facebook.com\/sharespine","https:\/\/www.linkedin.com\/company\/sharespine\/","https:\/\/www.instagram.com\/sharespine\/"]}]}},"_links":{"self":[{"href":"https:\/\/www.sharespine.com\/sv\/wp-json\/wp\/v2\/pages\/8955","targetHints":{"allow":["GET"]}}],"collection":[{"href":"https:\/\/www.sharespine.com\/sv\/wp-json\/wp\/v2\/pages"}],"about":[{"href":"https:\/\/www.sharespine.com\/sv\/wp-json\/wp\/v2\/types\/page"}],"author":[{"embeddable":true,"href":"https:\/\/www.sharespine.com\/sv\/wp-json\/wp\/v2\/users\/11"}],"replies":[{"embeddable":true,"href":"https:\/\/www.sharespine.com\/sv\/wp-json\/wp\/v2\/comments?post=8955"}],"version-history":[{"count":7,"href":"https:\/\/www.sharespine.com\/sv\/wp-json\/wp\/v2\/pages\/8955\/revisions"}],"predecessor-version":[{"id":58179,"href":"https:\/\/www.sharespine.com\/sv\/wp-json\/wp\/v2\/pages\/8955\/revisions\/58179"}],"wp:attachment":[{"href":"https:\/\/www.sharespine.com\/sv\/wp-json\/wp\/v2\/media?parent=8955"}],"wp:term":[{"taxonomy":"category","embeddable":true,"href":"https:\/\/www.sharespine.com\/sv\/wp-json\/wp\/v2\/categories?post=8955"},{"taxonomy":"post_tag","embeddable":true,"href":"https:\/\/www.sharespine.com\/sv\/wp-json\/wp\/v2\/tags?post=8955"}],"curies":[{"name":"wp","href":"https:\/\/api.w.org\/{rel}","templated":true}]}}